{"id":730531,"date":"2025-08-27T21:16:11","date_gmt":"2025-08-27T18:16:11","guid":{"rendered":"https:\/\/roveyayinevi.com.tr\/index.php\/urun\/cin-istihbarat-orgutunun-stratejik-analizi\/"},"modified":"2026-04-16T02:38:31","modified_gmt":"2026-04-15T23:38:31","slug":"cin-istihbarat-orgutunun-stratejik-analizi","status":"publish","type":"product","link":"https:\/\/roveyayinevi.com.tr\/index.php\/urun\/cin-istihbarat-orgutunun-stratejik-analizi\/","title":{"rendered":"\u00c7in \u0130stihbarat \u00d6rg\u00fct\u00fcn\u00fcn Stratejik Analizi"},"content":{"rendered":"<p>\u0130\u00e7indekiler Birinci B\u00f6l\u00fcm 1.\u0130stihbarat Kavram\u0131 ve Tarih\u2019te \u00c7in \u0130stihbarat\u0131 \u0130kinci B\u00f6l\u00fcm 2.\u00c7in \u0130stihbarat\u0131n\u0131n Organizasyon Yap\u0131s\u0131 \u00dc\u00e7\u00fcnc\u00fc B\u00f6l\u00fcm 3.\u00c7in\u2019in G\u00fcvenlik\u2019te Ceza Hukuku Yakla\u015f\u0131m\u0131 D\u00f6rd\u00fcnc\u00fc B\u00f6l\u00fcm 4.\u00c7in \u0130stihbarat\u0131n\u0131n Hedef Stratejileri Be\u015finci B\u00f6l\u00fcm 5.\u0130stihbarat Analitik Fayda Yakla\u015f\u0131m\u0131 Alt\u0131nc\u0131 B\u00f6l\u00fcm 6.\u00c7in \u0130stihbarat \u00d6rg\u00fct\u00fc (MSS) PESTEL Analizi <\/p>\n","protected":false},"excerpt":{"rendered":"<p>\u0130\u00e7indekiler Birinci B\u00f6l\u00fcm 1.\u0130stihbarat Kavram\u0131 ve Tarih\u2019te \u00c7in \u0130stihbarat\u0131 \u0130kinci B\u00f6l\u00fcm 2.\u00c7in \u0130stihbarat\u0131n\u0131n Organizasyon Yap\u0131s\u0131 \u00dc\u00e7\u00fcnc\u00fc B\u00f6l\u00fcm 3.\u00c7in\u2019in G\u00fcvenlik\u2019te Ceza Hukuku Yakla\u015f\u0131m\u0131 D\u00f6rd\u00fcnc\u00fc B\u00f6l\u00fcm 4.\u00c7in \u0130stihbarat\u0131n\u0131n<span class=\"excerpt-hellip\"> [\u2026]<\/span><\/p>\n","protected":false},"featured_media":0,"template":"","meta":{"_monsterinsights_skip_tracking":false,"_monsterinsights_sitenote_active":false,"_monsterinsights_sitenote_note":"","_monsterinsights_sitenote_category":0},"product_brand":[],"product_cat":[13043,14381],"product_tag":[],"class_list":{"0":"post-730531","1":"product","2":"type-product","3":"status-publish","5":"product_cat-ekonomi","6":"product_cat-isletme-muhasebe-maliye","7":"pa_cilt-ciltsiz","8":"pa_tur-kitap","9":"pa_yayinevi-gazi-kitabevi","10":"pa_yazar-muhammed-ali-yetgin","12":"first","13":"instock","14":"sale","15":"shipping-taxable","16":"purchasable","17":"product-type-simple"},"_links":{"self":[{"href":"https:\/\/roveyayinevi.com.tr\/index.php\/wp-json\/wp\/v2\/product\/730531","targetHints":{"allow":["GET"]}}],"collection":[{"href":"https:\/\/roveyayinevi.com.tr\/index.php\/wp-json\/wp\/v2\/product"}],"about":[{"href":"https:\/\/roveyayinevi.com.tr\/index.php\/wp-json\/wp\/v2\/types\/product"}],"wp:attachment":[{"href":"https:\/\/roveyayinevi.com.tr\/index.php\/wp-json\/wp\/v2\/media?parent=730531"}],"wp:term":[{"taxonomy":"product_brand","embeddable":true,"href":"https:\/\/roveyayinevi.com.tr\/index.php\/wp-json\/wp\/v2\/product_brand?post=730531"},{"taxonomy":"product_cat","embeddable":true,"href":"https:\/\/roveyayinevi.com.tr\/index.php\/wp-json\/wp\/v2\/product_cat?post=730531"},{"taxonomy":"product_tag","embeddable":true,"href":"https:\/\/roveyayinevi.com.tr\/index.php\/wp-json\/wp\/v2\/product_tag?post=730531"}],"curies":[{"name":"wp","href":"https:\/\/api.w.org\/{rel}","templated":true}]}}