{"id":730530,"date":"2025-08-27T21:16:10","date_gmt":"2025-08-27T18:16:10","guid":{"rendered":"https:\/\/roveyayinevi.com.tr\/index.php\/urun\/bilimsel-dusunce-ve-arastirma-metodolojisi-kavramlar-ilkeler-bilim-felsefesi-ve-ontolojik-boyut\/"},"modified":"2026-04-16T02:38:31","modified_gmt":"2026-04-15T23:38:31","slug":"bilimsel-dusunce-ve-arastirma-metodolojisi-kavramlar-ilkeler-bilim-felsefesi-ve-ontolojik-boyut","status":"publish","type":"product","link":"https:\/\/roveyayinevi.com.tr\/index.php\/urun\/bilimsel-dusunce-ve-arastirma-metodolojisi-kavramlar-ilkeler-bilim-felsefesi-ve-ontolojik-boyut\/","title":{"rendered":"Bilimsel D\u00fc\u015f\u00fcnce ve Ara\u015ft\u0131rma Metodolojisi &#8211; Kavramlar, \u0130lkeler, Bilim Felsefesi ve Ontolojik Boyut"},"content":{"rendered":"<p>1. Bilim 2. Bilim Felsefesi &amp; Epistemoloji &amp; Mant\u0131k 3.Bilimsel Ara\u015ft\u0131rmada Se\u00e7ilen Konular\u0131n Ontolojik Boyutu 4.Bilimsel Ara\u015ft\u0131rmada Bili\u015fsel Boyut 5.Bilimsel Ara\u015ft\u0131rmada Teknik Ve Be\u015feri Boyut 6.Bilimsel Ara\u015ft\u0131rma \u0130\u00e7in \u00d6nemli Kavramlar 7.Bilimsel Ara\u015ft\u0131rma Y\u00f6ntemleri 8.Bilimsel Ara\u015ft\u0131rma S\u00fcreci <\/p>\n","protected":false},"excerpt":{"rendered":"<p>1. Bilim 2. Bilim Felsefesi &amp; Epistemoloji &amp; Mant\u0131k 3.Bilimsel Ara\u015ft\u0131rmada Se\u00e7ilen Konular\u0131n Ontolojik Boyutu 4.Bilimsel Ara\u015ft\u0131rmada Bili\u015fsel Boyut 5.Bilimsel Ara\u015ft\u0131rmada Teknik Ve Be\u015feri Boyut 6.Bilimsel<span class=\"excerpt-hellip\"> [\u2026]<\/span><\/p>\n","protected":false},"featured_media":0,"template":"","meta":{"_monsterinsights_skip_tracking":false,"_monsterinsights_sitenote_active":false,"_monsterinsights_sitenote_note":"","_monsterinsights_sitenote_category":0},"product_brand":[],"product_cat":[13005,40995],"product_tag":[],"class_list":{"0":"post-730530","1":"product","2":"type-product","3":"status-publish","5":"product_cat-bilim-muhendislik","6":"product_cat-sosyal-bilimler","7":"pa_cilt-ciltsiz","8":"pa_tur-kitap","9":"pa_yayinevi-gazi-kitabevi","10":"pa_yazar-aydin-beraha","12":"first","13":"instock","14":"sale","15":"shipping-taxable","16":"purchasable","17":"product-type-simple"},"_links":{"self":[{"href":"https:\/\/roveyayinevi.com.tr\/index.php\/wp-json\/wp\/v2\/product\/730530","targetHints":{"allow":["GET"]}}],"collection":[{"href":"https:\/\/roveyayinevi.com.tr\/index.php\/wp-json\/wp\/v2\/product"}],"about":[{"href":"https:\/\/roveyayinevi.com.tr\/index.php\/wp-json\/wp\/v2\/types\/product"}],"wp:attachment":[{"href":"https:\/\/roveyayinevi.com.tr\/index.php\/wp-json\/wp\/v2\/media?parent=730530"}],"wp:term":[{"taxonomy":"product_brand","embeddable":true,"href":"https:\/\/roveyayinevi.com.tr\/index.php\/wp-json\/wp\/v2\/product_brand?post=730530"},{"taxonomy":"product_cat","embeddable":true,"href":"https:\/\/roveyayinevi.com.tr\/index.php\/wp-json\/wp\/v2\/product_cat?post=730530"},{"taxonomy":"product_tag","embeddable":true,"href":"https:\/\/roveyayinevi.com.tr\/index.php\/wp-json\/wp\/v2\/product_tag?post=730530"}],"curies":[{"name":"wp","href":"https:\/\/api.w.org\/{rel}","templated":true}]}}