{"id":730529,"date":"2025-08-27T21:16:09","date_gmt":"2025-08-27T18:16:09","guid":{"rendered":"https:\/\/roveyayinevi.com.tr\/index.php\/urun\/finansal-yonetim-4\/"},"modified":"2026-04-16T02:38:31","modified_gmt":"2026-04-15T23:38:31","slug":"finansal-yonetim-4","status":"publish","type":"product","link":"https:\/\/roveyayinevi.com.tr\/index.php\/urun\/finansal-yonetim-4\/","title":{"rendered":"Finansal Y\u00f6netim"},"content":{"rendered":"<p>\u0130\u00e7indekiler Birinci B\u00f6l\u00fcm \u2013 Finansal Y\u00f6netim Ve \u0130\u015flevleri \u0130kinci B\u00f6l\u00fcm \u2013 Finansal Y\u00f6netim Ve \u0130\u015fletmelerin Hukuki Yap\u0131lar\u0131 \u00dc\u00e7\u00fcnc\u00fc B\u00f6l\u00fcm \u2013 Finansal Piyasalar Ve Kurumlar D\u00f6rd\u00fcnc\u00fc B\u00f6l\u00fcm \u2013 Finansal Piyasa Ara\u00e7lar\u0131 Be\u015finci B\u00f6l\u00fcm \u2013 Finansal Analiz Alt\u0131nc\u0131 B\u00f6l\u00fcm \u2013 Nakit Y\u00f6netimi Yedinci B\u00f6l\u00fcm \u2013 Paran\u0131n Zaman De\u011feri Sekizinci B\u00f6l\u00fcm \u2013 Finansal Planlama Ve Kontrol Dokuzuncu B\u00f6l\u00fcm \u2013 \u00c7al\u0131\u015fma Sermayesi Y\u00f6netimi Onuncu B\u00f6l\u00fcm \u2013 Alacak Ve Stok Y\u00f6netimi Onbirinci B\u00f6l\u00fcm \u2013 Yabanc\u0131 Kaynak \u0130le Finansman Onikinci B\u00f6l\u00fcm \u2013 \u00d6zkaynak \u0130le Finansman On\u00fc\u00e7\u00fcnc\u00fc B\u00f6l\u00fcm \u2013 Alternatif Finansman Y\u00f6ntemleri Ond\u00f6rd\u00fcnc\u00fc B\u00f6l\u00fcm \u2013 Tahvil, Hazine Bonosu Ve Pay De\u011ferlemesi Onbe\u015finci B\u00f6l\u00fcm \u2013 Sermaye Maliyeti Onalt\u0131nc\u0131 B\u00f6l\u00fcm \u2013 Sermaye B\u00fct\u00e7elemesi Onyedinci B\u00f6l\u00fcm \u2013 Sermaye Yap\u0131s\u0131 Onsekizinci B\u00f6l\u00fcm \u2013 Kar Da\u011f\u0131t\u0131m Politikas\u0131 Ondokuzuncu B\u00f6l\u00fcm \u2013 \u0130\u015fletme De\u011ferinin Tespiti Yirminci B\u00f6l\u00fcm \u2013 Finansal Ba\u015far\u0131s\u0131zl\u0131k <\/p>\n","protected":false},"excerpt":{"rendered":"<p>\u0130\u00e7indekiler Birinci B\u00f6l\u00fcm \u2013 Finansal Y\u00f6netim Ve \u0130\u015flevleri \u0130kinci B\u00f6l\u00fcm \u2013 Finansal Y\u00f6netim Ve \u0130\u015fletmelerin Hukuki Yap\u0131lar\u0131 \u00dc\u00e7\u00fcnc\u00fc B\u00f6l\u00fcm \u2013 Finansal Piyasalar Ve Kurumlar D\u00f6rd\u00fcnc\u00fc B\u00f6l\u00fcm<span class=\"excerpt-hellip\"> [\u2026]<\/span><\/p>\n","protected":false},"featured_media":0,"template":"","meta":{"_monsterinsights_skip_tracking":false,"_monsterinsights_sitenote_active":false,"_monsterinsights_sitenote_note":"","_monsterinsights_sitenote_category":0},"product_brand":[],"product_cat":[17249,13043],"product_tag":[],"class_list":{"0":"post-730529","1":"product","2":"type-product","3":"status-publish","5":"product_cat-borsa-finans","6":"product_cat-ekonomi","7":"pa_cilt-ciltsiz","8":"pa_tur-kitap","9":"pa_yayinevi-gazi-kitabevi","10":"pa_yazar-aysel-gundogdu","12":"first","13":"instock","14":"sale","15":"shipping-taxable","16":"purchasable","17":"product-type-simple"},"_links":{"self":[{"href":"https:\/\/roveyayinevi.com.tr\/index.php\/wp-json\/wp\/v2\/product\/730529","targetHints":{"allow":["GET"]}}],"collection":[{"href":"https:\/\/roveyayinevi.com.tr\/index.php\/wp-json\/wp\/v2\/product"}],"about":[{"href":"https:\/\/roveyayinevi.com.tr\/index.php\/wp-json\/wp\/v2\/types\/product"}],"wp:attachment":[{"href":"https:\/\/roveyayinevi.com.tr\/index.php\/wp-json\/wp\/v2\/media?parent=730529"}],"wp:term":[{"taxonomy":"product_brand","embeddable":true,"href":"https:\/\/roveyayinevi.com.tr\/index.php\/wp-json\/wp\/v2\/product_brand?post=730529"},{"taxonomy":"product_cat","embeddable":true,"href":"https:\/\/roveyayinevi.com.tr\/index.php\/wp-json\/wp\/v2\/product_cat?post=730529"},{"taxonomy":"product_tag","embeddable":true,"href":"https:\/\/roveyayinevi.com.tr\/index.php\/wp-json\/wp\/v2\/product_tag?post=730529"}],"curies":[{"name":"wp","href":"https:\/\/api.w.org\/{rel}","templated":true}]}}