{"id":730518,"date":"2025-08-27T21:16:00","date_gmt":"2025-08-27T18:16:00","guid":{"rendered":"https:\/\/roveyayinevi.com.tr\/index.php\/urun\/noktalarim-olmadan-ne-yapacagim-alfabe-bulutu-2\/"},"modified":"2026-04-16T02:38:31","modified_gmt":"2026-04-15T23:38:31","slug":"noktalarim-olmadan-ne-yapacagim-alfabe-bulutu-2","status":"publish","type":"product","link":"https:\/\/roveyayinevi.com.tr\/index.php\/urun\/noktalarim-olmadan-ne-yapacagim-alfabe-bulutu-2\/","title":{"rendered":"Noktalar\u0131m Olmadan Ne Yapaca\u011f\u0131m? &#8211; Alfabe Bulutu 2"},"content":{"rendered":"<p>\u00c7ok uzun zaman \u00f6nce, insanlar yazmaya ihtiya\u00e7 duyduklar\u0131n\u0131 anlad\u0131lar. Ancak bunu nas\u0131l yapacaklar\u0131n\u0131 bilmiyorlard\u0131. Tam o s\u0131rada, d\u00fcnyaya en yak\u0131n bulut olan Alfabe Bulutu\u2019nda ya\u015famlar\u0131n\u0131 s\u00fcrd\u00fcren harfler, insanlarla ileti\u015fime ge\u00e7ip onlara yaz\u0131y\u0131 \u00f6\u011frettiler. Alfabe Bulutu\u2019nun d\u00fczenli ziyaret\u00e7ilerinden Alp G\u00f6kalp, bu dizide bizlere baz\u0131 bulut sakinlerinin hik\u00e2yelerini anlat\u0131yor\u2026 Herkes k\u00fc\u00e7\u00fck harf \u00fc\u2019den yaka silkiyordu, \u00e7\u00fcnk\u00fc \u00fc di\u011fer harflerin en zay\u0131f y\u00f6nlerini bilir, onlarla dalga ge\u00e7erdi. Kar\u015f\u0131s\u0131ndakinde ne keyif b\u0131rak\u0131rd\u0131 ne de \u00f6zg\u00fcven. S\u00fcrekli yapaca\u011f\u0131 \u015fakalar\u0131 d\u00fc\u015f\u00fcnd\u00fc\u011f\u00fc i\u00e7in, arkada\u015flar\u0131n\u0131n ondan uzakla\u015ft\u0131\u011f\u0131n\u0131 bile fark etmemi\u015fti. Bir g\u00fcn, d\u00fc\u015f\u00fcp noktalar\u0131n\u0131 k\u0131rd\u0131! \u015eimdi ne yapacakt\u0131? Noktas\u0131z bir \u00fc d\u00fc\u015f\u00fcn\u00fclemezdi ki&#8230;<\/p>\n","protected":false},"excerpt":{"rendered":"<p>\u00c7ok uzun zaman \u00f6nce, insanlar yazmaya ihtiya\u00e7 duyduklar\u0131n\u0131 anlad\u0131lar. Ancak bunu nas\u0131l yapacaklar\u0131n\u0131 bilmiyorlard\u0131. Tam o s\u0131rada, d\u00fcnyaya en yak\u0131n bulut olan Alfabe Bulutu\u2019nda ya\u015famlar\u0131n\u0131 s\u00fcrd\u00fcren<span class=\"excerpt-hellip\"> [\u2026]<\/span><\/p>\n","protected":false},"featured_media":0,"template":"","meta":{"_monsterinsights_skip_tracking":false,"_monsterinsights_sitenote_active":false,"_monsterinsights_sitenote_note":"","_monsterinsights_sitenote_category":0},"product_brand":[],"product_cat":[12275,12274],"product_tag":[],"class_list":{"0":"post-730518","1":"product","2":"type-product","3":"status-publish","5":"product_cat-6-12-yas-kitaplari","6":"product_cat-cocuk-ve-genclik-kitaplari","7":"pa_cilt-ciltsiz","8":"pa_tur-kitap","9":"pa_yayinevi-can-cocuk-yayinlari","10":"pa_yazar-alp-gokalp","12":"first","13":"instock","14":"sale","15":"shipping-taxable","16":"purchasable","17":"product-type-simple"},"_links":{"self":[{"href":"https:\/\/roveyayinevi.com.tr\/index.php\/wp-json\/wp\/v2\/product\/730518","targetHints":{"allow":["GET"]}}],"collection":[{"href":"https:\/\/roveyayinevi.com.tr\/index.php\/wp-json\/wp\/v2\/product"}],"about":[{"href":"https:\/\/roveyayinevi.com.tr\/index.php\/wp-json\/wp\/v2\/types\/product"}],"wp:attachment":[{"href":"https:\/\/roveyayinevi.com.tr\/index.php\/wp-json\/wp\/v2\/media?parent=730518"}],"wp:term":[{"taxonomy":"product_brand","embeddable":true,"href":"https:\/\/roveyayinevi.com.tr\/index.php\/wp-json\/wp\/v2\/product_brand?post=730518"},{"taxonomy":"product_cat","embeddable":true,"href":"https:\/\/roveyayinevi.com.tr\/index.php\/wp-json\/wp\/v2\/product_cat?post=730518"},{"taxonomy":"product_tag","embeddable":true,"href":"https:\/\/roveyayinevi.com.tr\/index.php\/wp-json\/wp\/v2\/product_tag?post=730518"}],"curies":[{"name":"wp","href":"https:\/\/api.w.org\/{rel}","templated":true}]}}