{"id":730517,"date":"2025-08-27T21:15:59","date_gmt":"2025-08-27T18:15:59","guid":{"rendered":"https:\/\/roveyayinevi.com.tr\/index.php\/urun\/ozel-egitimde-turkce-ogretimi\/"},"modified":"2026-04-16T02:38:31","modified_gmt":"2026-04-15T23:38:31","slug":"ozel-egitimde-turkce-ogretimi","status":"publish","type":"product","link":"https:\/\/roveyayinevi.com.tr\/index.php\/urun\/ozel-egitimde-turkce-ogretimi\/","title":{"rendered":"\u00d6zel E\u011fitimde T\u00fcrk\u00e7e \u00d6\u011fretimi"},"content":{"rendered":"<p>Bu kitab\u0131n amac\u0131 \u00f6zel e\u011fitimde T\u00fcrk\u00e7e \u00f6\u011fretimi konusunda okuyucular\u0131na kuram ve uygulama ba\u011flam\u0131nda genel bilgi kazand\u0131rmakt\u0131r. \u00d6ncelikli hedefi ise \u00d6zel E\u011fitim \u00d6\u011fretmenleri ve S\u0131n\u0131f \u00d6\u011fretmenleri ile bu \u00f6\u011fretmenlik alanlar\u0131n\u0131n lisans programlar\u0131nda \u00f6\u011frenim g\u00f6rmekte olan \u00f6\u011fretmen adaylar\u0131 olan bu kitap, \u00f6zel gereksinimli \u00f6\u011frencilere T\u00fcrk\u00e7e \u00f6\u011fretimi konusunda bilgi edinmek isteyen t\u00fcm okuyuculara y\u00f6nelik haz\u0131rlanm\u0131\u015ft\u0131r. Bu kitapta; T\u00fcrk\u00e7e \u00f6\u011fretimi ile ilgili genel bilginin yan\u0131 s\u0131ra zihin yetersizli\u011fi olan \u00f6\u011frencilere, otizm spektrum bozuklu\u011fu olan \u00f6\u011frencilere, \u00f6zel \u00f6\u011frenme g\u00fc\u00e7l\u00fc\u011f\u00fc olan \u00f6\u011frencilere, i\u015fitme yetersizli\u011fi olan \u00f6\u011frencilere, g\u00f6rme yetersizli\u011fi olan \u00f6\u011frencilere ve \u00f6zel yetenekli \u00f6\u011frencilere y\u00f6nelik T\u00fcrk\u00e7e \u00f6\u011fretim teknikleri ve stratejileri ayr\u0131nt\u0131lar\u0131yla tan\u0131t\u0131lmaktad\u0131r. Kitab\u0131n \u00f6zel e\u011fitim ve kayna\u015ft\u0131rma\/b\u00fct\u00fcnle\u015ftirme uygulamalar\u0131na katk\u0131 getirmesi ve t\u00fcm e\u011fitimcilere, uzmanlara, ailelere ve payda\u015flara rehber olmas\u0131 dileklerimizle\u2026<\/p>\n","protected":false},"excerpt":{"rendered":"<p>Bu kitab\u0131n amac\u0131 \u00f6zel e\u011fitimde T\u00fcrk\u00e7e \u00f6\u011fretimi konusunda okuyucular\u0131na kuram ve uygulama ba\u011flam\u0131nda genel bilgi kazand\u0131rmakt\u0131r. \u00d6ncelikli hedefi ise \u00d6zel E\u011fitim \u00d6\u011fretmenleri ve S\u0131n\u0131f \u00d6\u011fretmenleri ile<span class=\"excerpt-hellip\"> [\u2026]<\/span><\/p>\n","protected":false},"featured_media":0,"template":"","meta":{"_monsterinsights_skip_tracking":false,"_monsterinsights_sitenote_active":false,"_monsterinsights_sitenote_note":"","_monsterinsights_sitenote_category":0},"product_brand":[],"product_cat":[12573,12566],"product_tag":[],"class_list":{"0":"post-730517","1":"product","2":"type-product","3":"status-publish","5":"product_cat-akademik-kitaplar","6":"product_cat-egitim","7":"pa_cilt-ciltsiz","8":"pa_tur-kitap","9":"pa_yayinevi-egiten-kitap","10":"pa_yazar-egiten-kitap-kolektif","12":"first","13":"instock","14":"sale","15":"shipping-taxable","16":"purchasable","17":"product-type-simple"},"_links":{"self":[{"href":"https:\/\/roveyayinevi.com.tr\/index.php\/wp-json\/wp\/v2\/product\/730517","targetHints":{"allow":["GET"]}}],"collection":[{"href":"https:\/\/roveyayinevi.com.tr\/index.php\/wp-json\/wp\/v2\/product"}],"about":[{"href":"https:\/\/roveyayinevi.com.tr\/index.php\/wp-json\/wp\/v2\/types\/product"}],"wp:attachment":[{"href":"https:\/\/roveyayinevi.com.tr\/index.php\/wp-json\/wp\/v2\/media?parent=730517"}],"wp:term":[{"taxonomy":"product_brand","embeddable":true,"href":"https:\/\/roveyayinevi.com.tr\/index.php\/wp-json\/wp\/v2\/product_brand?post=730517"},{"taxonomy":"product_cat","embeddable":true,"href":"https:\/\/roveyayinevi.com.tr\/index.php\/wp-json\/wp\/v2\/product_cat?post=730517"},{"taxonomy":"product_tag","embeddable":true,"href":"https:\/\/roveyayinevi.com.tr\/index.php\/wp-json\/wp\/v2\/product_tag?post=730517"}],"curies":[{"name":"wp","href":"https:\/\/api.w.org\/{rel}","templated":true}]}}