{"id":730514,"date":"2025-08-27T21:15:56","date_gmt":"2025-08-27T18:15:56","guid":{"rendered":"https:\/\/roveyayinevi.com.tr\/index.php\/urun\/muzisyen-cocuklar\/"},"modified":"2026-04-16T02:38:31","modified_gmt":"2026-04-15T23:38:31","slug":"muzisyen-cocuklar","status":"publish","type":"product","link":"https:\/\/roveyayinevi.com.tr\/index.php\/urun\/muzisyen-cocuklar\/","title":{"rendered":"M\u00fczisyen \u00c7ocuklar"},"content":{"rendered":"<p>Sevgili \u00e7ocuklar, e\u011fitimciler, ebeveynler ve m\u00fczikle \u00e7ocu\u011fu bulu\u015fturmak isteyen herkes, Bu kitab\u0131 g\u00fczel \u00e7ocuklar\u0131m\u0131z m\u00fczi\u011fi tan\u0131s\u0131n, sevsin ve m\u00fczikle hem \u00f6\u011frensin hem de e\u011flensin diye kaleme ald\u0131m. \u00c7ok de\u011ferli \u00e7ocuklarla \u00e7al\u0131\u015fm\u0131\u015f ve \u015fimdi de \u00e7ocuklarla \u00e7al\u0131\u015facak \u00e7ok de\u011ferli \u00fcniversite \u00f6\u011frencileri ile \u00e7al\u0131\u015fan biri olarak bu kitapla hepinize ula\u015fmak istedim. Amac\u0131m, \u00f6ncelikle \u00f6\u011fretmen ve \u00f6\u011fretmen adaylar\u0131na m\u00fczikle di\u011fer alanlar\u0131 nas\u0131l b\u00fct\u00fcnle\u015ftirebilece\u011fimiz ile ilgili etkinlik \u00f6rnekleri sunmak, \u00e7ocuklarla ilgilenecek \u00e7ocuk gel i\u015fimi uzmanlar\u0131 ve adaylar\u0131na \u00f6rnek uygulamalar g\u00f6stermek ve ailelerle \u00e7ocuklar\u0131 m\u00fczi\u011fin ortak noktas\u0131nda birle\u015ftirip, besteledi\u011fim \u015fark\u0131larla biraz olsun mutlu olmalar\u0131n\u0131 desteklemektir.   \u00c7ocuklu\u011fumdan beri \u015fark\u0131lar\u0131n e\u015fsiz g\u00fcc\u00fcne inan\u0131yorum. \u015eark\u0131lar\u0131m\u0131 sizin arac\u0131l\u0131\u011f\u0131n\u0131zla \u00e7ocuklarla bulu\u015fturmak istiyorum. Biraz teori biraz da uygulama, biraz etkinlik biraz da \u015fark\u0131 derken bu m\u00fczik yolculu\u011funa benimle birlikte \u00e7\u0131kmaya ne dersiniz? Her \u00e7ocuk asl\u0131nda do\u011fu\u015ftan m\u00fczisyendir!<\/p>\n","protected":false},"excerpt":{"rendered":"<p>Sevgili \u00e7ocuklar, e\u011fitimciler, ebeveynler ve m\u00fczikle \u00e7ocu\u011fu bulu\u015fturmak isteyen herkes, Bu kitab\u0131 g\u00fczel \u00e7ocuklar\u0131m\u0131z m\u00fczi\u011fi tan\u0131s\u0131n, sevsin ve m\u00fczikle hem \u00f6\u011frensin hem de e\u011flensin diye kaleme<span class=\"excerpt-hellip\"> [\u2026]<\/span><\/p>\n","protected":false},"featured_media":0,"template":"","meta":{"_monsterinsights_skip_tracking":false,"_monsterinsights_sitenote_active":false,"_monsterinsights_sitenote_note":"","_monsterinsights_sitenote_category":0},"product_brand":[],"product_cat":[12573,12566],"product_tag":[],"class_list":{"0":"post-730514","1":"product","2":"type-product","3":"status-publish","5":"product_cat-akademik-kitaplar","6":"product_cat-egitim","7":"pa_cilt-ciltsiz","8":"pa_tur-kitap","9":"pa_yayinevi-egiten-kitap","10":"pa_yazar-rana-rudvan","12":"first","13":"instock","14":"sale","15":"shipping-taxable","16":"purchasable","17":"product-type-simple"},"_links":{"self":[{"href":"https:\/\/roveyayinevi.com.tr\/index.php\/wp-json\/wp\/v2\/product\/730514","targetHints":{"allow":["GET"]}}],"collection":[{"href":"https:\/\/roveyayinevi.com.tr\/index.php\/wp-json\/wp\/v2\/product"}],"about":[{"href":"https:\/\/roveyayinevi.com.tr\/index.php\/wp-json\/wp\/v2\/types\/product"}],"wp:attachment":[{"href":"https:\/\/roveyayinevi.com.tr\/index.php\/wp-json\/wp\/v2\/media?parent=730514"}],"wp:term":[{"taxonomy":"product_brand","embeddable":true,"href":"https:\/\/roveyayinevi.com.tr\/index.php\/wp-json\/wp\/v2\/product_brand?post=730514"},{"taxonomy":"product_cat","embeddable":true,"href":"https:\/\/roveyayinevi.com.tr\/index.php\/wp-json\/wp\/v2\/product_cat?post=730514"},{"taxonomy":"product_tag","embeddable":true,"href":"https:\/\/roveyayinevi.com.tr\/index.php\/wp-json\/wp\/v2\/product_tag?post=730514"}],"curies":[{"name":"wp","href":"https:\/\/api.w.org\/{rel}","templated":true}]}}