{"id":730513,"date":"2025-08-27T21:15:55","date_gmt":"2025-08-27T18:15:55","guid":{"rendered":"https:\/\/roveyayinevi.com.tr\/index.php\/urun\/dogadan-hayata-erken-cocukluk-doneminde-orman-okulu-etkinlikeri\/"},"modified":"2026-04-16T02:38:31","modified_gmt":"2026-04-15T23:38:31","slug":"dogadan-hayata-erken-cocukluk-doneminde-orman-okulu-etkinlikeri","status":"publish","type":"product","link":"https:\/\/roveyayinevi.com.tr\/index.php\/urun\/dogadan-hayata-erken-cocukluk-doneminde-orman-okulu-etkinlikeri\/","title":{"rendered":"Do\u011fadan Hayata  Erken \u00c7ocukluk D\u00f6neminde Orman Okulu Etkinlikeri"},"content":{"rendered":"<p>\u00fcnya ve g\u00f6ky\u00fcz\u00fc, ormanlar ve tarlalar, g\u00f6ller ve akarsular, da\u011f ve deniz m\u00fckemmel e\u011fitimcilerdir ve baz\u0131lar\u0131m\u0131za kitaplardan \u00f6\u011frenebilece\u011fimizden daha fazla \u00f6\u011fretir. &#8221;    John Lubbock G\u00fcn\u00fcm\u00fcz \u00e7ocuklar\u0131, ya\u015fam\u0131n h\u0131z\u0131 ve karma\u015fas\u0131nda gerek imk\u00e2ns\u0131zl\u0131klar gerekse e\u011fitim sisteminin sonucu olarak do\u011fa ile daha ge\u00e7 ba\u011f kurmaktad\u0131rlar. Hala topra\u011fa ve \u00e7amura dokunmaktan korkan, bir a\u011faca t\u0131rmanamayan \u00e7ocuklar oldu\u011funu biliyoruz. Bu kitab\u0131n amac\u0131, \u00e7ocuklar\u0131n olabildi\u011fi kadar do\u011fa ve do\u011fal ortamlarla ba\u011f\u0131n\u0131 g\u00fc\u00e7lendirmek, sonsuz \u00f6\u011frenme kaynaklar\u0131na sahip olan do\u011fan\u0131n sunduklar\u0131n\u0131 \u00f6\u011frenme ve \u00f6\u011fretme s\u00fcre\u00e7lerine katmak ve edinilen deneyimleri kal\u0131c\u0131 hale getirmektir. 32 haftal\u0131k olarak haz\u0131rlanan bu kitaptaki etkinlikler, Mili E\u011fitim Bakanl\u0131\u011f\u0131n\u0131n Okul \u00d6ncesi E\u011fitim Program\u0131ndaki kazan\u0131mlar\u0131 ve g\u00f6stergeleri ile b\u00fct\u00fcnle\u015ftirilmi\u015ftir.<\/p>\n","protected":false},"excerpt":{"rendered":"<p>\u00fcnya ve g\u00f6ky\u00fcz\u00fc, ormanlar ve tarlalar, g\u00f6ller ve akarsular, da\u011f ve deniz m\u00fckemmel e\u011fitimcilerdir ve baz\u0131lar\u0131m\u0131za kitaplardan \u00f6\u011frenebilece\u011fimizden daha fazla \u00f6\u011fretir. &#8221; John Lubbock G\u00fcn\u00fcm\u00fcz \u00e7ocuklar\u0131,<span class=\"excerpt-hellip\"> [\u2026]<\/span><\/p>\n","protected":false},"featured_media":0,"template":"","meta":{"_monsterinsights_skip_tracking":false,"_monsterinsights_sitenote_active":false,"_monsterinsights_sitenote_note":"","_monsterinsights_sitenote_category":0},"product_brand":[],"product_cat":[12573,12566],"product_tag":[],"class_list":{"0":"post-730513","1":"product","2":"type-product","3":"status-publish","5":"product_cat-akademik-kitaplar","6":"product_cat-egitim","7":"pa_cilt-ciltsiz","8":"pa_tur-kitap","9":"pa_yayinevi-egiten-kitap","10":"pa_yazar-selma-cakar","12":"first","13":"instock","14":"sale","15":"shipping-taxable","16":"purchasable","17":"product-type-simple"},"_links":{"self":[{"href":"https:\/\/roveyayinevi.com.tr\/index.php\/wp-json\/wp\/v2\/product\/730513","targetHints":{"allow":["GET"]}}],"collection":[{"href":"https:\/\/roveyayinevi.com.tr\/index.php\/wp-json\/wp\/v2\/product"}],"about":[{"href":"https:\/\/roveyayinevi.com.tr\/index.php\/wp-json\/wp\/v2\/types\/product"}],"wp:attachment":[{"href":"https:\/\/roveyayinevi.com.tr\/index.php\/wp-json\/wp\/v2\/media?parent=730513"}],"wp:term":[{"taxonomy":"product_brand","embeddable":true,"href":"https:\/\/roveyayinevi.com.tr\/index.php\/wp-json\/wp\/v2\/product_brand?post=730513"},{"taxonomy":"product_cat","embeddable":true,"href":"https:\/\/roveyayinevi.com.tr\/index.php\/wp-json\/wp\/v2\/product_cat?post=730513"},{"taxonomy":"product_tag","embeddable":true,"href":"https:\/\/roveyayinevi.com.tr\/index.php\/wp-json\/wp\/v2\/product_tag?post=730513"}],"curies":[{"name":"wp","href":"https:\/\/api.w.org\/{rel}","templated":true}]}}