{"id":730511,"date":"2025-08-27T21:15:54","date_gmt":"2025-08-27T18:15:54","guid":{"rendered":"https:\/\/roveyayinevi.com.tr\/index.php\/urun\/isitme-yetersizligi-egiten-kitap\/"},"modified":"2026-04-16T02:38:31","modified_gmt":"2026-04-15T23:38:31","slug":"isitme-yetersizligi-egiten-kitap","status":"publish","type":"product","link":"https:\/\/roveyayinevi.com.tr\/index.php\/urun\/isitme-yetersizligi-egiten-kitap\/","title":{"rendered":"\u0130\u015fitme Yetersizli\u011fi E\u011fiten Kitap"},"content":{"rendered":"<p>Bu kitap i\u015fitme yetersizli\u011finden etkilenmi\u015f \u00e7ocu\u011fa sahip anne babalar\u0131n fikirleri al\u0131narak tasarlanm\u0131\u015ft\u0131r. Yolun ba\u015f\u0131nda olan anne babalar\u0131m\u0131z i\u00e7in \u015funu \u00e7ok rahat s\u00f6yleyebilirim yaln\u0131z de\u011filsiniz. \u00c7ocu\u011funuzun tarama testlerinin yap\u0131lmas\u0131ndan cihazlanmas\u0131na, cihazlar\u0131n\u0131n \u00f6neminden evde materyal tasarlamaya, evde oyun oynama y\u00f6ntemlerinden beslenmeye, g\u00fcvenlikten haklara kadar bir\u00e7ok konu titizlikle ve detayl\u0131ca alan uzmanlar\u0131 taraf\u0131ndan yaz\u0131lm\u0131\u015ft\u0131r. Her b\u00f6l\u00fcm sizler i\u00e7in ayr\u0131 bir \u00f6nem ta\u015f\u0131maktad\u0131r.Teknolojinin getirdi\u011fi yenilikler duymay\u0131 art\u0131k \u00e7ok daha m\u00fcmk\u00fcn k\u0131lmaktad\u0131r. Bu nedenle \u00e7ocuklar\u0131m\u0131z rahat duyup ve konu\u015fmay\u0131 edinebilmektedirler. Akranlar\u0131 ile ayn\u0131 okullarda e\u011fitim g\u00f6rebilmektedirler. Ancak bunlar\u0131n m\u00fcmk\u00fcn olabilmesi i\u00e7in \u00e7ocu\u011fumuzla \u00e7ok iyi ilgilenmeli ve e\u011fitimlerini olmas\u0131 gerekti\u011fi gibi s\u00fcrd\u00fcrmeliyiz<\/p>\n","protected":false},"excerpt":{"rendered":"<p>Bu kitap i\u015fitme yetersizli\u011finden etkilenmi\u015f \u00e7ocu\u011fa sahip anne babalar\u0131n fikirleri al\u0131narak tasarlanm\u0131\u015ft\u0131r. Yolun ba\u015f\u0131nda olan anne babalar\u0131m\u0131z i\u00e7in \u015funu \u00e7ok rahat s\u00f6yleyebilirim yaln\u0131z de\u011filsiniz. \u00c7ocu\u011funuzun tarama<span class=\"excerpt-hellip\"> [\u2026]<\/span><\/p>\n","protected":false},"featured_media":0,"template":"","meta":{"_monsterinsights_skip_tracking":false,"_monsterinsights_sitenote_active":false,"_monsterinsights_sitenote_note":"","_monsterinsights_sitenote_category":0},"product_brand":[],"product_cat":[12573,12566],"product_tag":[],"class_list":{"0":"post-730511","1":"product","2":"type-product","3":"status-publish","5":"product_cat-akademik-kitaplar","6":"product_cat-egitim","7":"pa_cilt-ciltsiz","8":"pa_tur-kitap","9":"pa_yayinevi-egiten-kitap","10":"pa_yazar-egiten-kitap-kolektif","12":"first","13":"instock","14":"sale","15":"shipping-taxable","16":"purchasable","17":"product-type-simple"},"_links":{"self":[{"href":"https:\/\/roveyayinevi.com.tr\/index.php\/wp-json\/wp\/v2\/product\/730511","targetHints":{"allow":["GET"]}}],"collection":[{"href":"https:\/\/roveyayinevi.com.tr\/index.php\/wp-json\/wp\/v2\/product"}],"about":[{"href":"https:\/\/roveyayinevi.com.tr\/index.php\/wp-json\/wp\/v2\/types\/product"}],"wp:attachment":[{"href":"https:\/\/roveyayinevi.com.tr\/index.php\/wp-json\/wp\/v2\/media?parent=730511"}],"wp:term":[{"taxonomy":"product_brand","embeddable":true,"href":"https:\/\/roveyayinevi.com.tr\/index.php\/wp-json\/wp\/v2\/product_brand?post=730511"},{"taxonomy":"product_cat","embeddable":true,"href":"https:\/\/roveyayinevi.com.tr\/index.php\/wp-json\/wp\/v2\/product_cat?post=730511"},{"taxonomy":"product_tag","embeddable":true,"href":"https:\/\/roveyayinevi.com.tr\/index.php\/wp-json\/wp\/v2\/product_tag?post=730511"}],"curies":[{"name":"wp","href":"https:\/\/api.w.org\/{rel}","templated":true}]}}