{"id":730501,"date":"2025-08-27T21:15:44","date_gmt":"2025-08-27T18:15:44","guid":{"rendered":"https:\/\/roveyayinevi.com.tr\/index.php\/urun\/annienin-hayat-listesi\/"},"modified":"2026-04-16T02:38:31","modified_gmt":"2026-04-15T23:38:31","slug":"annienin-hayat-listesi","status":"publish","type":"product","link":"https:\/\/roveyayinevi.com.tr\/index.php\/urun\/annienin-hayat-listesi\/","title":{"rendered":"Annie\u2019nin Hayat Listesi"},"content":{"rendered":"<p>\u0130\u015fte Her \u015eeyini D\u00fczenli Ve Kontrol Alt\u0131nda Tutmaya \u00c7al\u0131\u015fan Bir \u00c7ocu\u011fun Bir Y\u0131l\u0131. M\u00fcmk\u00fcn M\u00fc? Okuyup G\u00f6rece\u011fiz! Yeni Bir Okula Ba\u015flaman\u0131n, Yanl\u0131\u015f Bir \u015eey S\u00f6ylemenin, Utan\u00e7tan \u00d6lmenin Ya Da Sevdi\u011fi Bir Arkada\u015f\u0131ndan Ayr\u0131 D\u00fc\u015fmenin Kayg\u0131s\u0131n\u0131 Ta\u015f\u0131yanlar Ancak Annie&#8217;yi Anlayabilir. Peki Annie Nas\u0131l Biri? Ba\u015f\u0131na Dert Olacak Kadar G\u00fc\u00e7l\u00fc Bir Haf\u0131zas\u0131 Var. \u0130nan\u0131lmaz Utanga\u00e7 Ve Buna Ra\u011fmen Yazar Olmak \u0130stiyor. Eski Okulun Daki Arkada\u015flar\u0131ndan Birini \u00c7ok Seviyor Ve Yeni Okulunda Da Yeni Arkada\u015flar Edinmeye \u00c7al\u0131\u015f\u0131yor. Bir De Ba\u015f\u0131n\u0131 Belaya Sokmamak \u0130\u00e7in \u00c7aba Sarf Ediyor. Bunun \u0130\u00e7in De Her \u015eeyin Bir Listesini Tutuyor. Size \u00c7ok Sa\u00e7ma Gelebilir Ama Evet, Annie&#8217;de Her \u015eeyin Bir Listesi Var. Annie&#8217;nin Hayat Listesi Kendini Tan\u0131mak, Sesini Duyur Mak, Arkada\u015f Edinmek, Kaybetmek, Yeni \u00c7evreler Ve Hayatlar Kazanmak \u00dczerine Yaz\u0131lm\u0131\u015f S\u0131cac\u0131k Bir Gen\u00e7lik <\/p>\n","protected":false},"excerpt":{"rendered":"<p>\u0130\u015fte Her \u015eeyini D\u00fczenli Ve Kontrol Alt\u0131nda Tutmaya \u00c7al\u0131\u015fan Bir \u00c7ocu\u011fun Bir Y\u0131l\u0131. M\u00fcmk\u00fcn M\u00fc? Okuyup G\u00f6rece\u011fiz! Yeni Bir Okula Ba\u015flaman\u0131n, Yanl\u0131\u015f Bir \u015eey S\u00f6ylemenin, Utan\u00e7tan<span class=\"excerpt-hellip\"> [\u2026]<\/span><\/p>\n","protected":false},"featured_media":0,"template":"","meta":{"_monsterinsights_skip_tracking":false,"_monsterinsights_sitenote_active":false,"_monsterinsights_sitenote_note":"","_monsterinsights_sitenote_category":0},"product_brand":[],"product_cat":[12275,12274],"product_tag":[],"class_list":{"0":"post-730501","1":"product","2":"type-product","3":"status-publish","5":"product_cat-6-12-yas-kitaplari","6":"product_cat-cocuk-ve-genclik-kitaplari","7":"pa_cilt-ciltsiz","8":"pa_tur-kitap","9":"pa_yayinevi-altin-kitaplar","10":"pa_yazar-kristin-mahoney","12":"first","13":"instock","14":"sale","15":"shipping-taxable","16":"purchasable","17":"product-type-simple"},"_links":{"self":[{"href":"https:\/\/roveyayinevi.com.tr\/index.php\/wp-json\/wp\/v2\/product\/730501","targetHints":{"allow":["GET"]}}],"collection":[{"href":"https:\/\/roveyayinevi.com.tr\/index.php\/wp-json\/wp\/v2\/product"}],"about":[{"href":"https:\/\/roveyayinevi.com.tr\/index.php\/wp-json\/wp\/v2\/types\/product"}],"wp:attachment":[{"href":"https:\/\/roveyayinevi.com.tr\/index.php\/wp-json\/wp\/v2\/media?parent=730501"}],"wp:term":[{"taxonomy":"product_brand","embeddable":true,"href":"https:\/\/roveyayinevi.com.tr\/index.php\/wp-json\/wp\/v2\/product_brand?post=730501"},{"taxonomy":"product_cat","embeddable":true,"href":"https:\/\/roveyayinevi.com.tr\/index.php\/wp-json\/wp\/v2\/product_cat?post=730501"},{"taxonomy":"product_tag","embeddable":true,"href":"https:\/\/roveyayinevi.com.tr\/index.php\/wp-json\/wp\/v2\/product_tag?post=730501"}],"curies":[{"name":"wp","href":"https:\/\/api.w.org\/{rel}","templated":true}]}}