{"id":730500,"date":"2025-08-27T21:15:43","date_gmt":"2025-08-27T18:15:43","guid":{"rendered":"https:\/\/roveyayinevi.com.tr\/index.php\/urun\/yildiz-tozu-2\/"},"modified":"2026-04-16T02:38:31","modified_gmt":"2026-04-15T23:38:31","slug":"yildiz-tozu-2","status":"publish","type":"product","link":"https:\/\/roveyayinevi.com.tr\/index.php\/urun\/yildiz-tozu-2\/","title":{"rendered":"Y\u0131ld\u0131z Tozu"},"content":{"rendered":"<p>Mythopoeic Fantazi \u00d6d\u00fcl\u00fc   Locus En \u0130yi Fantastik Roman \u00d6d\u00fcl\u00fc Aday\u0131   \u0130NANMAK ZORUNDASIN. AKS\u0130 TAKD\u0130RDE ASLA GER\u00c7EKLE\u015eMEZ.   Ad\u0131n\u0131 \u00f6tesindeki gizemli topraklardan kendilerini ay\u0131ran koca ta\u015f duvardan alan Duvar K\u00f6y\u00fc\u2019nde hayat sakin bir \u015fekilde ilerliyordu. Gel zaman git zaman, k\u00f6yde ya\u015fayan gen\u00e7 Tristran Thorn, kalbini g\u00fczel ve so\u011fuk Victoria Forester\u2019a kapt\u0131rd\u0131.   Tristran\u2019\u0131n Victoria\u2019n\u0131n kalbini kazanmak i\u00e7in Duvar\u2019\u0131n \u00f6tesine d\u00fc\u015fen bir kayan y\u0131ld\u0131z\u0131 getirmesi gerekecekti. Yer y\u00f6n bilmeden at\u0131laca\u011f\u0131 b\u00fcy\u00fcl\u00fc ve tehlikeli \u00e2lemlerde bu y\u0131ld\u0131z\u0131n pe\u015finde ba\u015fkalar\u0131 da vard\u0131; cad\u0131lar, lordlar\u2026 ve tabii bir de y\u0131ld\u0131z\u0131n kendisi. Mizah, sihir, macera ve romantizmle harmanlanm\u0131\u015f bir peri masal\u0131 olan Y\u0131ld\u0131z Tozu, yazar\u0131n cesur, zarif ve s\u0131n\u0131rs\u0131z hayal g\u00fcc\u00fcn\u00fc g\u00f6steren, zamans\u0131z bir eser.   \u201cNeil Gaiman hik\u00e2yelerle dolu bir hazine sand\u0131\u011f\u0131 ve elini hangi i\u015fe atsa biz k\u00e2rl\u0131 \u00e7\u0131k\u0131yoruz.\u201d \u2013Stephen King   \u201cGaiman, zengin bir hayal g\u00fcc\u00fcne ve b\u00fcy\u00fck konular\u0131 ustal\u0131kla anlatma yetene\u011fine sahip.\u201d \u2013Philip Pullman   \u201cGaiman tarifi m\u00fcmk\u00fcn olmayanlar\u0131 tarif ediyor.\u201d \u2013Susanna Clarke   \u201cBizi ay\u0131ran t\u00fcm s\u0131n\u0131rlara kar\u015f\u0131n her \u015feyin m\u00fcmk\u00fcn oldu\u011fu ve saf b\u00fcy\u00fcden olu\u015fan bir diyar var. Neil Gaiman da o diyara a\u00e7\u0131lan kap\u0131n\u0131n anahtar\u0131n\u0131 boynunda ta\u015f\u0131yor: \u00d6yk\u00fc diyar\u0131n\u0131n.\u201d \u2013Elif \u015eafak <\/p>\n","protected":false},"excerpt":{"rendered":"<p>Mythopoeic Fantazi \u00d6d\u00fcl\u00fc Locus En \u0130yi Fantastik Roman \u00d6d\u00fcl\u00fc Aday\u0131 \u0130NANMAK ZORUNDASIN. AKS\u0130 TAKD\u0130RDE ASLA GER\u00c7EKLE\u015eMEZ. Ad\u0131n\u0131 \u00f6tesindeki gizemli topraklardan kendilerini ay\u0131ran koca ta\u015f duvardan alan<span class=\"excerpt-hellip\"> [\u2026]<\/span><\/p>\n","protected":false},"featured_media":0,"template":"","meta":{"_monsterinsights_skip_tracking":false,"_monsterinsights_sitenote_active":false,"_monsterinsights_sitenote_note":"","_monsterinsights_sitenote_category":0},"product_brand":[],"product_cat":[12291,14777],"product_tag":[],"class_list":{"0":"post-730500","1":"product","2":"type-product","3":"status-publish","5":"product_cat-edebiyat","6":"product_cat-fantastik","7":"pa_cilt-ciltsiz","8":"pa_tur-kitap","9":"pa_yayinevi-ithaki-yayinlari","10":"pa_yazar-neil-gaiman","12":"first","13":"instock","14":"sale","15":"shipping-taxable","16":"purchasable","17":"product-type-simple"},"_links":{"self":[{"href":"https:\/\/roveyayinevi.com.tr\/index.php\/wp-json\/wp\/v2\/product\/730500","targetHints":{"allow":["GET"]}}],"collection":[{"href":"https:\/\/roveyayinevi.com.tr\/index.php\/wp-json\/wp\/v2\/product"}],"about":[{"href":"https:\/\/roveyayinevi.com.tr\/index.php\/wp-json\/wp\/v2\/types\/product"}],"wp:attachment":[{"href":"https:\/\/roveyayinevi.com.tr\/index.php\/wp-json\/wp\/v2\/media?parent=730500"}],"wp:term":[{"taxonomy":"product_brand","embeddable":true,"href":"https:\/\/roveyayinevi.com.tr\/index.php\/wp-json\/wp\/v2\/product_brand?post=730500"},{"taxonomy":"product_cat","embeddable":true,"href":"https:\/\/roveyayinevi.com.tr\/index.php\/wp-json\/wp\/v2\/product_cat?post=730500"},{"taxonomy":"product_tag","embeddable":true,"href":"https:\/\/roveyayinevi.com.tr\/index.php\/wp-json\/wp\/v2\/product_tag?post=730500"}],"curies":[{"name":"wp","href":"https:\/\/api.w.org\/{rel}","templated":true}]}}