{"id":730499,"date":"2025-08-27T21:15:42","date_gmt":"2025-08-27T18:15:42","guid":{"rendered":"https:\/\/roveyayinevi.com.tr\/index.php\/urun\/harika-hayaller\/"},"modified":"2026-04-16T02:38:31","modified_gmt":"2026-04-15T23:38:31","slug":"harika-hayaller","status":"publish","type":"product","link":"https:\/\/roveyayinevi.com.tr\/index.php\/urun\/harika-hayaller\/","title":{"rendered":"Harika Hayaller"},"content":{"rendered":"<p>\u00c7ocuklu\u011fun Rengidir Hayaller; S\u0131n\u0131rs\u0131z, Ko\u015fulsuz, Reng\u00e2renk, Yarat\u0131c\u0131&#8230; Harika Hayaller Kitab\u0131, D\u00fc\u015f\u00fcnmek Ve D\u00fc\u015flemek Sahip Oldu\u011fumuz En De\u011ferli \u015eeylerdir Diyor. T\u00fcm \u00dcmidini Ve Planlar\u0131n\u0131 Evlere, Arabalara Hatta Mobil Yalara D\u00f6n\u00fc\u015ft\u00fcrenler Onlar\u0131 Kaybetti\u011finde Yollar\u0131na Devam Edebilecekler Mi Acaba? Oysa Zihnimiz Bize Durmaks\u0131z\u0131n Hayal Kurmam\u0131z\u0131 S\u00f6yl\u00fcyor. D\u00fc\u015f\u00fcnseni Ze, Onlar Asla Kaybolmaz, Eskimez, Bozulmazlar&#8230; Haydi Hayal Kural\u0131m, Hatta Hayal Kurman\u0131n Da Hayali Ni Kural\u0131m! Dallas Clayton, Harika Hayaller Kitab\u0131yla \u00c7ocuk D\u00fcnyas\u0131n\u0131, Hayal Kurman\u0131n G\u00fczelli\u011fini, Farkl\u0131l\u0131klar\u0131n De\u011ferini Ve Asla Vazge\u00e7memek Gerekti\u011fini S\u0131cac\u0131k Bir Dille Anlat\u0131rken Hepimize M\u00fcthi\u015f Bir Evrenin Kap\u0131 S\u0131n\u0131 Aral\u0131yor. <\/p>\n","protected":false},"excerpt":{"rendered":"<p>\u00c7ocuklu\u011fun Rengidir Hayaller; S\u0131n\u0131rs\u0131z, Ko\u015fulsuz, Reng\u00e2renk, Yarat\u0131c\u0131&#8230; Harika Hayaller Kitab\u0131, D\u00fc\u015f\u00fcnmek Ve D\u00fc\u015flemek Sahip Oldu\u011fumuz En De\u011ferli \u015eeylerdir Diyor. T\u00fcm \u00dcmidini Ve Planlar\u0131n\u0131 Evlere, Arabalara Hatta<span class=\"excerpt-hellip\"> [\u2026]<\/span><\/p>\n","protected":false},"featured_media":0,"template":"","meta":{"_monsterinsights_skip_tracking":false,"_monsterinsights_sitenote_active":false,"_monsterinsights_sitenote_note":"","_monsterinsights_sitenote_category":0},"product_brand":[],"product_cat":[12913,12274],"product_tag":[],"class_list":{"0":"post-730499","1":"product","2":"type-product","3":"status-publish","5":"product_cat-3-6-yas-kitaplari","6":"product_cat-cocuk-ve-genclik-kitaplari","7":"pa_cilt-ciltsiz","8":"pa_tur-kitap","9":"pa_yayinevi-altin-kitaplar","10":"pa_yazar-dallas-clayton","12":"first","13":"instock","14":"sale","15":"shipping-taxable","16":"purchasable","17":"product-type-simple"},"_links":{"self":[{"href":"https:\/\/roveyayinevi.com.tr\/index.php\/wp-json\/wp\/v2\/product\/730499","targetHints":{"allow":["GET"]}}],"collection":[{"href":"https:\/\/roveyayinevi.com.tr\/index.php\/wp-json\/wp\/v2\/product"}],"about":[{"href":"https:\/\/roveyayinevi.com.tr\/index.php\/wp-json\/wp\/v2\/types\/product"}],"wp:attachment":[{"href":"https:\/\/roveyayinevi.com.tr\/index.php\/wp-json\/wp\/v2\/media?parent=730499"}],"wp:term":[{"taxonomy":"product_brand","embeddable":true,"href":"https:\/\/roveyayinevi.com.tr\/index.php\/wp-json\/wp\/v2\/product_brand?post=730499"},{"taxonomy":"product_cat","embeddable":true,"href":"https:\/\/roveyayinevi.com.tr\/index.php\/wp-json\/wp\/v2\/product_cat?post=730499"},{"taxonomy":"product_tag","embeddable":true,"href":"https:\/\/roveyayinevi.com.tr\/index.php\/wp-json\/wp\/v2\/product_tag?post=730499"}],"curies":[{"name":"wp","href":"https:\/\/api.w.org\/{rel}","templated":true}]}}