{"id":730497,"date":"2025-08-27T21:15:40","date_gmt":"2025-08-27T18:15:40","guid":{"rendered":"https:\/\/roveyayinevi.com.tr\/index.php\/urun\/bir-dil-yaratmak\/"},"modified":"2026-04-16T02:38:30","modified_gmt":"2026-04-15T23:38:30","slug":"bir-dil-yaratmak","status":"publish","type":"product","link":"https:\/\/roveyayinevi.com.tr\/index.php\/urun\/bir-dil-yaratmak\/","title":{"rendered":"Bir Dil Yaratmak"},"content":{"rendered":"<p>Evrenselle\u015fen yap\u0131tlar\u0131yla, yaln\u0131zca bir dilin de\u011fil bir k\u00fclt\u00fcr\u00fcn tarihsel m\u00fccadelesinin k\u00f6\u015feta\u015flar\u0131ndan Mehmed Uzun&#8217;un \u00e7e\u015fitli zamanlarda yapt\u0131\u011f\u0131 s\u00f6yle\u015filerden ve verdi\u011fi deme\u00e7lerden olu\u015fan Bir Dil Yaratmak, onun \u00f6nce kendi halk\u0131na, ard\u0131ndan ayn\u0131 co\u011frafyay\u0131 payla\u015ft\u0131\u011f\u0131 d\u00fcnya halklar\u0131na a\u00e7\u0131k \u00e7a\u011fr\u0131s\u0131d\u0131r.Mehmed Uzun bu r\u00f6portajlarda, k\u00fclt\u00fcr\u00fcn siyasal tahakk\u00fcm\u00fcn me\u015fruiyet arac\u0131na d\u00f6n\u00fc\u015ft\u00fc\u011f\u00fc ve bu y\u00f6ntemle k\u00fclt\u00fcrel zenginli\u011fi \u00e7orakla\u015ft\u0131ran devlet politikalar\u0131n\u0131n silikle\u015ftirdi\u011fi K\u00fcrt\u00e7e ve K\u00fcrt edebiyat\u0131na katk\u0131lar\u0131n\u0131 m\u00fctevaz\u0131 bi\u00e7imde ortaya koyarken; ki\u015fisel yolculu\u011funu, kendi dilini arad\u0131\u011f\u0131 bu \u00f6m\u00fcrl\u00fck ser\u00fcvende kar\u015f\u0131la\u015ft\u0131\u011f\u0131 badireleri, y\u0131lg\u0131nl\u0131\u011fa kap\u0131lmas\u0131na engel olan motivasyon kaynaklar\u0131n\u0131 a\u00e7\u0131ky\u00fcreklilikle payla\u015f\u0131yor. S\u00f6yle\u015filerin yay\u0131nland\u0131\u011f\u0131 mecralar, tarihler ve buna g\u00f6re farkl\u0131l\u0131k g\u00f6sterebilen s\u00f6ylemleri ise hem politik bir yak\u0131n tarih okumas\u0131na hem de buna mukabil bas\u0131n\u0131n de\u011fi\u015fen tutumunun g\u00f6zlemlenmesine kap\u0131 aral\u0131yor.<\/p>\n","protected":false},"excerpt":{"rendered":"<p>Evrenselle\u015fen yap\u0131tlar\u0131yla, yaln\u0131zca bir dilin de\u011fil bir k\u00fclt\u00fcr\u00fcn tarihsel m\u00fccadelesinin k\u00f6\u015feta\u015flar\u0131ndan Mehmed Uzun&#8217;un \u00e7e\u015fitli zamanlarda yapt\u0131\u011f\u0131 s\u00f6yle\u015filerden ve verdi\u011fi deme\u00e7lerden olu\u015fan Bir Dil Yaratmak, onun \u00f6nce<span class=\"excerpt-hellip\"> [\u2026]<\/span><\/p>\n","protected":false},"featured_media":0,"template":"","meta":{"_monsterinsights_skip_tracking":false,"_monsterinsights_sitenote_active":false,"_monsterinsights_sitenote_note":"","_monsterinsights_sitenote_category":0},"product_brand":[],"product_cat":[12777,12291],"product_tag":[],"class_list":{"0":"post-730497","1":"product","2":"type-product","3":"status-publish","5":"product_cat-deneme","6":"product_cat-edebiyat","7":"pa_cilt-ciltsiz","8":"pa_tur-kitap","9":"pa_yayinevi-sel-yayincilik","10":"pa_yazar-mehmed-uzun","12":"first","13":"instock","14":"sale","15":"shipping-taxable","16":"purchasable","17":"product-type-simple"},"_links":{"self":[{"href":"https:\/\/roveyayinevi.com.tr\/index.php\/wp-json\/wp\/v2\/product\/730497","targetHints":{"allow":["GET"]}}],"collection":[{"href":"https:\/\/roveyayinevi.com.tr\/index.php\/wp-json\/wp\/v2\/product"}],"about":[{"href":"https:\/\/roveyayinevi.com.tr\/index.php\/wp-json\/wp\/v2\/types\/product"}],"wp:attachment":[{"href":"https:\/\/roveyayinevi.com.tr\/index.php\/wp-json\/wp\/v2\/media?parent=730497"}],"wp:term":[{"taxonomy":"product_brand","embeddable":true,"href":"https:\/\/roveyayinevi.com.tr\/index.php\/wp-json\/wp\/v2\/product_brand?post=730497"},{"taxonomy":"product_cat","embeddable":true,"href":"https:\/\/roveyayinevi.com.tr\/index.php\/wp-json\/wp\/v2\/product_cat?post=730497"},{"taxonomy":"product_tag","embeddable":true,"href":"https:\/\/roveyayinevi.com.tr\/index.php\/wp-json\/wp\/v2\/product_tag?post=730497"}],"curies":[{"name":"wp","href":"https:\/\/api.w.org\/{rel}","templated":true}]}}