{"id":730496,"date":"2025-08-27T21:15:39","date_gmt":"2025-08-27T18:15:39","guid":{"rendered":"https:\/\/roveyayinevi.com.tr\/index.php\/urun\/olum-melegiyle-randevu\/"},"modified":"2026-04-16T02:38:30","modified_gmt":"2026-04-15T23:38:30","slug":"olum-melegiyle-randevu","status":"publish","type":"product","link":"https:\/\/roveyayinevi.com.tr\/index.php\/urun\/olum-melegiyle-randevu\/","title":{"rendered":"\u00d6l\u00fcm Mele\u011fiyle Randevu"},"content":{"rendered":"<p>Kendisine y\u00f6neltilen &#8220;Ni\u00e7in yaz\u0131yorsunuz?&#8221; sorusunu &#8220;Ni\u00e7in ya\u015f\u0131yorsunuz?&#8221;la e\u015fde\u011fer tutan, \u00f6l\u00fcm kap\u0131ya dayand\u0131\u011f\u0131nda t\u00fcm direngenli\u011fiyle hep hayat\u0131, gelece\u011fi, umudu, azmi konu\u015fma, d\u00fc\u015f\u00fcnme ve hayal etme karar\u0131 alan Mehmed Uzun&#8217;un vasiyeti \u00fczerine Muhsin K\u0131z\u0131lkaya taraf\u0131ndan derlenen, vefat\u0131ndan \u00f6nce kaleme ald\u0131\u011f\u0131 denemelerinin ve s\u00f6yle\u015filerinin derlemesi \u00d6l\u00fcm Mele\u011fiyle Randevu, okurlar\u0131 i\u00e7in bir son duraktan ziyade retrospektif bir \u00f6nem arz ediyor.S\u00f6zler, Renkler ve Sesler adl\u0131 \u00fc\u00e7 ana ba\u015fl\u0131ktan olu\u015fan bu derleme, Uzun&#8217;un ard\u0131nda b\u0131rakt\u0131\u011f\u0131 yap\u0131tlara, co\u011frafyalara ve \u00e7a\u011flara dair son sayg\u0131 duru\u015fu niteli\u011fi de ta\u015f\u0131yor.<\/p>\n","protected":false},"excerpt":{"rendered":"<p>Kendisine y\u00f6neltilen &#8220;Ni\u00e7in yaz\u0131yorsunuz?&#8221; sorusunu &#8220;Ni\u00e7in ya\u015f\u0131yorsunuz?&#8221;la e\u015fde\u011fer tutan, \u00f6l\u00fcm kap\u0131ya dayand\u0131\u011f\u0131nda t\u00fcm direngenli\u011fiyle hep hayat\u0131, gelece\u011fi, umudu, azmi konu\u015fma, d\u00fc\u015f\u00fcnme ve hayal etme karar\u0131 alan<span class=\"excerpt-hellip\"> [\u2026]<\/span><\/p>\n","protected":false},"featured_media":0,"template":"","meta":{"_monsterinsights_skip_tracking":false,"_monsterinsights_sitenote_active":false,"_monsterinsights_sitenote_note":"","_monsterinsights_sitenote_category":0},"product_brand":[],"product_cat":[12777,12291],"product_tag":[],"class_list":{"0":"post-730496","1":"product","2":"type-product","3":"status-publish","5":"product_cat-deneme","6":"product_cat-edebiyat","7":"pa_cilt-ciltsiz","8":"pa_tur-kitap","9":"pa_yayinevi-sel-yayincilik","10":"pa_yazar-mehmed-uzun","12":"first","13":"instock","14":"sale","15":"shipping-taxable","16":"purchasable","17":"product-type-simple"},"_links":{"self":[{"href":"https:\/\/roveyayinevi.com.tr\/index.php\/wp-json\/wp\/v2\/product\/730496","targetHints":{"allow":["GET"]}}],"collection":[{"href":"https:\/\/roveyayinevi.com.tr\/index.php\/wp-json\/wp\/v2\/product"}],"about":[{"href":"https:\/\/roveyayinevi.com.tr\/index.php\/wp-json\/wp\/v2\/types\/product"}],"wp:attachment":[{"href":"https:\/\/roveyayinevi.com.tr\/index.php\/wp-json\/wp\/v2\/media?parent=730496"}],"wp:term":[{"taxonomy":"product_brand","embeddable":true,"href":"https:\/\/roveyayinevi.com.tr\/index.php\/wp-json\/wp\/v2\/product_brand?post=730496"},{"taxonomy":"product_cat","embeddable":true,"href":"https:\/\/roveyayinevi.com.tr\/index.php\/wp-json\/wp\/v2\/product_cat?post=730496"},{"taxonomy":"product_tag","embeddable":true,"href":"https:\/\/roveyayinevi.com.tr\/index.php\/wp-json\/wp\/v2\/product_tag?post=730496"}],"curies":[{"name":"wp","href":"https:\/\/api.w.org\/{rel}","templated":true}]}}