{"id":730495,"date":"2025-08-27T21:15:38","date_gmt":"2025-08-27T18:15:38","guid":{"rendered":"https:\/\/roveyayinevi.com.tr\/index.php\/urun\/kar-uykusu\/"},"modified":"2026-04-16T02:38:30","modified_gmt":"2026-04-15T23:38:30","slug":"kar-uykusu","status":"publish","type":"product","link":"https:\/\/roveyayinevi.com.tr\/index.php\/urun\/kar-uykusu\/","title":{"rendered":"Kar Uykusu"},"content":{"rendered":"<p>Kar Uykusu, Ne\u015fe Ya\u015f\u0131n\u2019\u0131n ilgiyle kar\u015f\u0131lanan \u00dc\u015fu\u0308mu\u0308\u015f Ku\u015flar (2016) kitab\u0131ndan sonra \u015fiir dizimizdeki ikinci kitab\u0131. Ya\u015f\u0131n, Kar Uykusu\u2019nda okuru bu kez bu\u0308tu\u0308nu\u0308yle kendine \u00f6zgu\u0308 bir du\u0308\u015f du\u0308nyas\u0131 ile bulu\u015fturuyor. A\u015fk trajik olana dokunup \u00e7ekilirken okuyucu da ac\u0131l\u0131 lirik bir s\u00f6yleyi\u015fin e\u015flik etti\u011fi \u015fiirler arac\u0131l\u0131\u011f\u0131yla \u00e7ok katmanl\u0131 bir masal du\u0308nyas\u0131n\u0131n i\u00e7ine \u00e7ekiliyor. Kar Uykusu, cinsiyet\u00e7i ideolojiyle hesapla\u015fman\u0131n alttan alta izlendi\u011fi tutkulu ama bir yandan da tutkusunun girdab\u0131nda kaybolmayan, ay\u0131rt edici s\u00f6ylensel \u00f6gelerle bezenmi\u015f bir masal \u015fiir. <\/p>\n","protected":false},"excerpt":{"rendered":"<p>Kar Uykusu, Ne\u015fe Ya\u015f\u0131n\u2019\u0131n ilgiyle kar\u015f\u0131lanan \u00dc\u015fu\u0308mu\u0308\u015f Ku\u015flar (2016) kitab\u0131ndan sonra \u015fiir dizimizdeki ikinci kitab\u0131. Ya\u015f\u0131n, Kar Uykusu\u2019nda okuru bu kez bu\u0308tu\u0308nu\u0308yle kendine \u00f6zgu\u0308 bir du\u0308\u015f<span class=\"excerpt-hellip\"> [\u2026]<\/span><\/p>\n","protected":false},"featured_media":0,"template":"","meta":{"_monsterinsights_skip_tracking":false,"_monsterinsights_sitenote_active":false,"_monsterinsights_sitenote_note":"","_monsterinsights_sitenote_category":0},"product_brand":[],"product_cat":[12291,12509],"product_tag":[],"class_list":{"0":"post-730495","1":"product","2":"type-product","3":"status-publish","5":"product_cat-edebiyat","6":"product_cat-siir","7":"pa_cilt-ciltsiz","8":"pa_tur-kitap","9":"pa_yayinevi-ayrinti-yayinlari","10":"pa_yazar-nese-yasin","12":"first","13":"instock","14":"sale","15":"shipping-taxable","16":"purchasable","17":"product-type-simple"},"_links":{"self":[{"href":"https:\/\/roveyayinevi.com.tr\/index.php\/wp-json\/wp\/v2\/product\/730495","targetHints":{"allow":["GET"]}}],"collection":[{"href":"https:\/\/roveyayinevi.com.tr\/index.php\/wp-json\/wp\/v2\/product"}],"about":[{"href":"https:\/\/roveyayinevi.com.tr\/index.php\/wp-json\/wp\/v2\/types\/product"}],"wp:attachment":[{"href":"https:\/\/roveyayinevi.com.tr\/index.php\/wp-json\/wp\/v2\/media?parent=730495"}],"wp:term":[{"taxonomy":"product_brand","embeddable":true,"href":"https:\/\/roveyayinevi.com.tr\/index.php\/wp-json\/wp\/v2\/product_brand?post=730495"},{"taxonomy":"product_cat","embeddable":true,"href":"https:\/\/roveyayinevi.com.tr\/index.php\/wp-json\/wp\/v2\/product_cat?post=730495"},{"taxonomy":"product_tag","embeddable":true,"href":"https:\/\/roveyayinevi.com.tr\/index.php\/wp-json\/wp\/v2\/product_tag?post=730495"}],"curies":[{"name":"wp","href":"https:\/\/api.w.org\/{rel}","templated":true}]}}