{"id":730494,"date":"2025-08-27T21:15:36","date_gmt":"2025-08-27T18:15:36","guid":{"rendered":"https:\/\/roveyayinevi.com.tr\/index.php\/urun\/zincirlenmis-zamanlar-zincirlenmis-sozcukler\/"},"modified":"2026-04-16T02:38:30","modified_gmt":"2026-04-15T23:38:30","slug":"zincirlenmis-zamanlar-zincirlenmis-sozcukler","status":"publish","type":"product","link":"https:\/\/roveyayinevi.com.tr\/index.php\/urun\/zincirlenmis-zamanlar-zincirlenmis-sozcukler\/","title":{"rendered":"Zincirlenmi\u015f Zamanlar &#8211; Zincirlenmi\u015f S\u00f6zc\u00fckler"},"content":{"rendered":"<p>\u00c7okdilli, \u00e7okuluslu ve \u00e7okk\u00fclt\u00fcrl\u00fc bir miras\u0131n a\u011f\u0131rl\u0131\u011f\u0131n\u0131 omuzlar\u0131na y\u00fckleyen K\u00fcrt ayd\u0131n\u0131 Mehmed Uzun&#8217;un, yeni bir y\u00fczy\u0131la soyunan d\u00fcnyaya yeni bir perspektiften bakt\u0131\u011f\u0131n\u0131 ilan eden denemeler toplam\u0131d\u0131r Zincirlenmi\u015f Zamanlar &#8211; Zincirlenmi\u015f S\u00f6zc\u00fckler.Merhametsizlik, ac\u0131mas\u0131zl\u0131k ve vicdans\u0131zl\u0131kla kapanan y\u00fczy\u0131l\u0131 ard\u0131nda b\u0131rak\u0131p, meram\u0131n\u0131 kamuoyuna, devlete, d\u00fcnya halklar\u0131na tazelenmi\u015f bir dille, yumu\u015fak ama kesin bir \u00fcslupla anlatan Uzun, zorbal\u0131k da dahil olmak \u00fczere her t\u00fcrl\u00fc k\u00fclt\u00fcrel yok saymayla bo\u011fu\u015fan tarihsel ve politik miras\u0131n\u0131n \u00fczerinin, unutkanl\u0131\u011f\u0131n \u00f6l\u00fcm perdesiyle \u00f6rt\u00fclmesine kar\u015f\u0131 durmaktan vazge\u00e7miyor.&#8221;\u00c7ok umutlu olmak i\u00e7in ciddi bir neden yok art\u0131k; takvimdeki y\u0131l\u0131n yerini yeni bir y\u0131la b\u0131rakmas\u0131, yeni y\u0131ldan itibaren her \u015feyin daha iyi olaca\u011f\u0131 anlam\u0131na gelmiyor. Buraya kadar anlatmaya \u00e7al\u0131\u015ft\u0131klar\u0131m\u0131n k\u0131ssadan hissesi \u015fu; insanl\u0131k, ge\u00e7en cani y\u00fczy\u0131l\u0131n k\u00f6t\u00fcl\u00fckleriyle daha uzun bir s\u00fcre bo\u011fu\u015fmak zorunda.&#8221;<\/p>\n","protected":false},"excerpt":{"rendered":"<p>\u00c7okdilli, \u00e7okuluslu ve \u00e7okk\u00fclt\u00fcrl\u00fc bir miras\u0131n a\u011f\u0131rl\u0131\u011f\u0131n\u0131 omuzlar\u0131na y\u00fckleyen K\u00fcrt ayd\u0131n\u0131 Mehmed Uzun&#8217;un, yeni bir y\u00fczy\u0131la soyunan d\u00fcnyaya yeni bir perspektiften bakt\u0131\u011f\u0131n\u0131 ilan eden denemeler toplam\u0131d\u0131r<span class=\"excerpt-hellip\"> [\u2026]<\/span><\/p>\n","protected":false},"featured_media":0,"template":"","meta":{"_monsterinsights_skip_tracking":false,"_monsterinsights_sitenote_active":false,"_monsterinsights_sitenote_note":"","_monsterinsights_sitenote_category":0},"product_brand":[],"product_cat":[12777,12291],"product_tag":[],"class_list":{"0":"post-730494","1":"product","2":"type-product","3":"status-publish","5":"product_cat-deneme","6":"product_cat-edebiyat","7":"pa_cilt-ciltsiz","8":"pa_tur-kitap","9":"pa_yayinevi-sel-yayincilik","10":"pa_yazar-mehmed-uzun","12":"first","13":"instock","14":"sale","15":"shipping-taxable","16":"purchasable","17":"product-type-simple"},"_links":{"self":[{"href":"https:\/\/roveyayinevi.com.tr\/index.php\/wp-json\/wp\/v2\/product\/730494","targetHints":{"allow":["GET"]}}],"collection":[{"href":"https:\/\/roveyayinevi.com.tr\/index.php\/wp-json\/wp\/v2\/product"}],"about":[{"href":"https:\/\/roveyayinevi.com.tr\/index.php\/wp-json\/wp\/v2\/types\/product"}],"wp:attachment":[{"href":"https:\/\/roveyayinevi.com.tr\/index.php\/wp-json\/wp\/v2\/media?parent=730494"}],"wp:term":[{"taxonomy":"product_brand","embeddable":true,"href":"https:\/\/roveyayinevi.com.tr\/index.php\/wp-json\/wp\/v2\/product_brand?post=730494"},{"taxonomy":"product_cat","embeddable":true,"href":"https:\/\/roveyayinevi.com.tr\/index.php\/wp-json\/wp\/v2\/product_cat?post=730494"},{"taxonomy":"product_tag","embeddable":true,"href":"https:\/\/roveyayinevi.com.tr\/index.php\/wp-json\/wp\/v2\/product_tag?post=730494"}],"curies":[{"name":"wp","href":"https:\/\/api.w.org\/{rel}","templated":true}]}}