{"id":730493,"date":"2025-08-27T21:15:35","date_gmt":"2025-08-27T18:15:35","guid":{"rendered":"https:\/\/roveyayinevi.com.tr\/index.php\/urun\/mirina-kaleki-rind\/"},"modified":"2026-04-16T02:38:30","modified_gmt":"2026-04-15T23:38:30","slug":"mirina-kaleki-rind","status":"publish","type":"product","link":"https:\/\/roveyayinevi.com.tr\/index.php\/urun\/mirina-kaleki-rind\/","title":{"rendered":"Mirina Kaleki Rind"},"content":{"rendered":"<p>Du meriv. Du ronakb\u00eer\u00ean kurd; ronakb\u00eer\u00ea destp\u00eaka 1900&#8217;\u00ee Kalo \u00fb ronakb\u00eer\u00ea n\u00fbjen Serdar Azad. Jiyan\u00ean wan, h\u00ees \u00fb serp\u00eahatiy\u00ean wan, xewn \u00fb xeyal\u00ean wan, dan\u00fbstandin\u00ean wan y\u00ean bi hev re \u00fb bi doral\u00ee re, dijwar\u00ee berberiy\u00ean wan&#8230; Romana Mehmed Uzun ya duwem\u00een, Mirina Kalek\u00ee Rind, li dor van kes, ti\u015ft \u00fb pirsiyaran t\u00ea p\u00ea. Ronakb\u00eer\u00ea n\u00fbjen Serdar Azad p\u00ean\u00fbs di destan de, li ber mas\u00ea r\u00fbdine \u00fb ronakb\u00eer\u00ea kevnare Kalo bi b\u00eer t\u00eene; gundek\u00ee bi\u00e7\u00fbk \u00fb kalem\u00earek\u00ee ec\u00eab. Kalo k\u00ee ye? Ew ji k\u00fb ye? Ew \u00e7i vedi\u015f\u00eare? Serdar Azad, li milek\u00ee, ji xwendevan\u00ean xwe re behsa kal\u00ea ec\u00eab \u00fb sirtij\u00ee dike \u00fb li milek\u00ee din j\u00ee, ew bi kalo re dipeyive \u00fb j\u00ea re behsa xwe, h\u00ees\u00ean xwe, b\u00eeran\u00ean xwe \u00fb zarokatiya xwe dike. Yan\u00ea, roman ne bi ten\u00ea li ser du kesan t\u00ea p\u00ea, herweha ew bi du \u015f\u00eawan j\u00ee t\u00ea h\u00fbnandin \u00fb vegotin. Mirov dikare Kalo wek\u00ee r\u00fbpelek\u00ee jib\u00eerb\u00fby\u00ee ji d\u00eeroka Kurdistan\u00ea bib\u00eene, Serdar Azad \u00fb jiyan, h\u00ees, daxwaz \u00fb b\u00eeran\u00een\u00ean w\u00ee j\u00ee, wek\u00ee mirovek\u00ee kurd y\u00ea n\u00fbjen \u00fb jiyana w\u00ee&#8230; ji ber ku kes, b\u00fbyer \u00fb peywendiy\u00ean roman\u00ea her\u00e7end \u015fexs\u00ee \u00fb taybet\u00ee bin, hew\u00e7end j\u00ee gelemper in. <\/p>\n","protected":false},"excerpt":{"rendered":"<p>Du meriv. Du ronakb\u00eer\u00ean kurd; ronakb\u00eer\u00ea destp\u00eaka 1900&#8217;\u00ee Kalo \u00fb ronakb\u00eer\u00ea n\u00fbjen Serdar Azad. Jiyan\u00ean wan, h\u00ees \u00fb serp\u00eahatiy\u00ean wan, xewn \u00fb xeyal\u00ean wan, dan\u00fbstandin\u00ean wan<span class=\"excerpt-hellip\"> [\u2026]<\/span><\/p>\n","protected":false},"featured_media":0,"template":"","meta":{"_monsterinsights_skip_tracking":false,"_monsterinsights_sitenote_active":false,"_monsterinsights_sitenote_note":"","_monsterinsights_sitenote_category":0},"product_brand":[],"product_cat":[12291,12711],"product_tag":[],"class_list":{"0":"post-730493","1":"product","2":"type-product","3":"status-publish","5":"product_cat-edebiyat","6":"product_cat-roman-oyku","7":"pa_cilt-ciltsiz","8":"pa_tur-kitap","9":"pa_yayinevi-sel-yayincilik","10":"pa_yazar-mehmed-uzun","12":"first","13":"instock","14":"sale","15":"shipping-taxable","16":"purchasable","17":"product-type-simple"},"_links":{"self":[{"href":"https:\/\/roveyayinevi.com.tr\/index.php\/wp-json\/wp\/v2\/product\/730493","targetHints":{"allow":["GET"]}}],"collection":[{"href":"https:\/\/roveyayinevi.com.tr\/index.php\/wp-json\/wp\/v2\/product"}],"about":[{"href":"https:\/\/roveyayinevi.com.tr\/index.php\/wp-json\/wp\/v2\/types\/product"}],"wp:attachment":[{"href":"https:\/\/roveyayinevi.com.tr\/index.php\/wp-json\/wp\/v2\/media?parent=730493"}],"wp:term":[{"taxonomy":"product_brand","embeddable":true,"href":"https:\/\/roveyayinevi.com.tr\/index.php\/wp-json\/wp\/v2\/product_brand?post=730493"},{"taxonomy":"product_cat","embeddable":true,"href":"https:\/\/roveyayinevi.com.tr\/index.php\/wp-json\/wp\/v2\/product_cat?post=730493"},{"taxonomy":"product_tag","embeddable":true,"href":"https:\/\/roveyayinevi.com.tr\/index.php\/wp-json\/wp\/v2\/product_tag?post=730493"}],"curies":[{"name":"wp","href":"https:\/\/api.w.org\/{rel}","templated":true}]}}