{"id":730492,"date":"2025-08-27T21:15:34","date_gmt":"2025-08-27T18:15:34","guid":{"rendered":"https:\/\/roveyayinevi.com.tr\/index.php\/urun\/bir-romanin-hatira-defteri\/"},"modified":"2026-04-16T02:38:30","modified_gmt":"2026-04-15T23:38:30","slug":"bir-romanin-hatira-defteri","status":"publish","type":"product","link":"https:\/\/roveyayinevi.com.tr\/index.php\/urun\/bir-romanin-hatira-defteri\/","title":{"rendered":"Bir Roman\u0131n Hat\u0131ra Defteri"},"content":{"rendered":"<p>Mehmed Uzun, \u00f6mr\u00fcn\u00fcn son d\u00f6nemecinde onu hayata ba\u011flayan ve tarihin g\u00f6rkemli atlar\u0131n\u0131n dizginlenemez nal seslerinin \u00f6l\u00fcms\u00fcz yank\u0131lar\u0131n\u0131 g\u00fcn\u00fcm\u00fcze ta\u015f\u0131yan Hawara D\u00eecley\u00ea (Dicle&#8217;nin Sesi) roman\u0131n\u0131n yolculu\u011funu bir g\u00fcnl\u00fck formunda aktard\u0131\u011f\u0131 Bir Roman\u0131n Hat\u0131ra Defteri&#8217;nde, bir yap\u0131t\u0131n ilmek ilmek i\u015fleni\u015fini g\u00f6zler \u00f6n\u00fcne seriyor. B\u00f6ylece, yaln\u0131zca tek bir esere ait k\u0131lavuz olmaktan \u00e7\u0131karak, yaratma kudreti ve sanc\u0131s\u0131n\u0131n yazarda neye tekab\u00fcl etti\u011finin izle\u011finin de t\u00fcm y\u00f6nleriyle s\u00fcr\u00fclebildi\u011fi \u00e7arp\u0131c\u0131 bir anlat\u0131ya d\u00f6n\u00fc\u015f\u00fcyor.&#8221;Tarafl\u0131 ve nesnel, tutkulu ve serinkanl\u0131, \u00f6fkeli ve anlay\u0131\u015fl\u0131 olma&#8221;n\u0131n \u00e7etrefil dengesini tutturmaya \u00e7al\u0131\u015fan Mehmed Uzun&#8217;un yazar kimli\u011finin yan\u0131 s\u0131ra d\u00fcnya vatanda\u015f\u0131 olma \u00e7abas\u0131n\u0131n b\u00fct\u00fcnl\u00fckl\u00fc bir sonucu&#8230;<\/p>\n","protected":false},"excerpt":{"rendered":"<p>Mehmed Uzun, \u00f6mr\u00fcn\u00fcn son d\u00f6nemecinde onu hayata ba\u011flayan ve tarihin g\u00f6rkemli atlar\u0131n\u0131n dizginlenemez nal seslerinin \u00f6l\u00fcms\u00fcz yank\u0131lar\u0131n\u0131 g\u00fcn\u00fcm\u00fcze ta\u015f\u0131yan Hawara D\u00eecley\u00ea (Dicle&#8217;nin Sesi) roman\u0131n\u0131n yolculu\u011funu bir<span class=\"excerpt-hellip\"> [\u2026]<\/span><\/p>\n","protected":false},"featured_media":0,"template":"","meta":{"_monsterinsights_skip_tracking":false,"_monsterinsights_sitenote_active":false,"_monsterinsights_sitenote_note":"","_monsterinsights_sitenote_category":0},"product_brand":[],"product_cat":[12777,12291],"product_tag":[],"class_list":{"0":"post-730492","1":"product","2":"type-product","3":"status-publish","5":"product_cat-deneme","6":"product_cat-edebiyat","7":"pa_cilt-ciltsiz","8":"pa_tur-kitap","9":"pa_yayinevi-sel-yayincilik","10":"pa_yazar-mehmed-uzun","12":"first","13":"instock","14":"sale","15":"shipping-taxable","16":"purchasable","17":"product-type-simple"},"_links":{"self":[{"href":"https:\/\/roveyayinevi.com.tr\/index.php\/wp-json\/wp\/v2\/product\/730492","targetHints":{"allow":["GET"]}}],"collection":[{"href":"https:\/\/roveyayinevi.com.tr\/index.php\/wp-json\/wp\/v2\/product"}],"about":[{"href":"https:\/\/roveyayinevi.com.tr\/index.php\/wp-json\/wp\/v2\/types\/product"}],"wp:attachment":[{"href":"https:\/\/roveyayinevi.com.tr\/index.php\/wp-json\/wp\/v2\/media?parent=730492"}],"wp:term":[{"taxonomy":"product_brand","embeddable":true,"href":"https:\/\/roveyayinevi.com.tr\/index.php\/wp-json\/wp\/v2\/product_brand?post=730492"},{"taxonomy":"product_cat","embeddable":true,"href":"https:\/\/roveyayinevi.com.tr\/index.php\/wp-json\/wp\/v2\/product_cat?post=730492"},{"taxonomy":"product_tag","embeddable":true,"href":"https:\/\/roveyayinevi.com.tr\/index.php\/wp-json\/wp\/v2\/product_tag?post=730492"}],"curies":[{"name":"wp","href":"https:\/\/api.w.org\/{rel}","templated":true}]}}