{"id":730491,"date":"2025-08-27T21:15:33","date_gmt":"2025-08-27T18:15:33","guid":{"rendered":"https:\/\/roveyayinevi.com.tr\/index.php\/urun\/kullerinden-dogan-dil-ve-roman\/"},"modified":"2026-04-16T02:38:30","modified_gmt":"2026-04-15T23:38:30","slug":"kullerinden-dogan-dil-ve-roman","status":"publish","type":"product","link":"https:\/\/roveyayinevi.com.tr\/index.php\/urun\/kullerinden-dogan-dil-ve-roman\/","title":{"rendered":"K\u00fcllerinden Do\u011fan Dil ve Roman"},"content":{"rendered":"<p>K\u00fcllerinden Do\u011fan Dil ve Roman, d\u00fcnyayla kucakla\u015fan ve \u00f6mr\u00fcn\u00fcn b\u00fcy\u00fck k\u0131sm\u0131n\u0131 do\u011fup b\u00fcy\u00fcd\u00fc\u011f\u00fc topraklardan s\u00fcrg\u00fcn edildi\u011fi \u0130sve\u00e7&#8217;te ge\u00e7iren bir dengb\u00eajin, Mehmed Uzun&#8217;un T\u00fcrkiye ve d\u00fcnya bas\u0131n\u0131nda yer alm\u0131\u015f s\u00f6yle\u015filerinden olu\u015fuyor.Hem kendinin hem de eserlerinin maruz b\u0131rak\u0131ld\u0131\u011f\u0131 t\u00fcm yasaklara ve bask\u0131lara ra\u011fmen ya\u015fam\u0131n\u0131 modernist bir ayd\u0131n\u0131n sorumluluklar\u0131n\u0131 yerine getirmek \u00fczere k\u00fcllerinden do\u011farak s\u00fcrd\u00fcren Uzun, Modern K\u00fcrt\u00e7e Roman&#8217;\u0131n yarat\u0131c\u0131lar\u0131ndan biri olmas\u0131n\u0131n anahtar\u0131n\u0131 okuruyla payla\u015f\u0131yor. Edebiyat ve politika ekseninde verdi\u011fi deme\u00e7ler evrensellik, \u00e7okdillilik ve \u00e7okk\u00fclt\u00fcrl\u00fcl\u00fck hakk\u0131ndaki her daim g\u00fcncel ve sarih d\u00fc\u015f\u00fcncelerini a\u00e7\u0131kl\u0131\u011fa kavu\u015ftururken, Avrupa ve \u0130skandinav co\u011frafyas\u0131na uzanan &#8220;Mehmed Uzun imgesi&#8221;nin T\u00fcrkiyeli okurlar taraf\u0131ndan alg\u0131lan\u0131\u015f\u0131na da imk\u00e2n k\u0131l\u0131yor. <\/p>\n","protected":false},"excerpt":{"rendered":"<p>K\u00fcllerinden Do\u011fan Dil ve Roman, d\u00fcnyayla kucakla\u015fan ve \u00f6mr\u00fcn\u00fcn b\u00fcy\u00fck k\u0131sm\u0131n\u0131 do\u011fup b\u00fcy\u00fcd\u00fc\u011f\u00fc topraklardan s\u00fcrg\u00fcn edildi\u011fi \u0130sve\u00e7&#8217;te ge\u00e7iren bir dengb\u00eajin, Mehmed Uzun&#8217;un T\u00fcrkiye ve d\u00fcnya bas\u0131n\u0131nda<span class=\"excerpt-hellip\"> [\u2026]<\/span><\/p>\n","protected":false},"featured_media":0,"template":"","meta":{"_monsterinsights_skip_tracking":false,"_monsterinsights_sitenote_active":false,"_monsterinsights_sitenote_note":"","_monsterinsights_sitenote_category":0},"product_brand":[],"product_cat":[12777,12291],"product_tag":[],"class_list":{"0":"post-730491","1":"product","2":"type-product","3":"status-publish","5":"product_cat-deneme","6":"product_cat-edebiyat","7":"pa_cilt-ciltsiz","8":"pa_tur-kitap","9":"pa_yayinevi-sel-yayincilik","10":"pa_yazar-mehmed-uzun","12":"first","13":"instock","14":"sale","15":"shipping-taxable","16":"purchasable","17":"product-type-simple"},"_links":{"self":[{"href":"https:\/\/roveyayinevi.com.tr\/index.php\/wp-json\/wp\/v2\/product\/730491","targetHints":{"allow":["GET"]}}],"collection":[{"href":"https:\/\/roveyayinevi.com.tr\/index.php\/wp-json\/wp\/v2\/product"}],"about":[{"href":"https:\/\/roveyayinevi.com.tr\/index.php\/wp-json\/wp\/v2\/types\/product"}],"wp:attachment":[{"href":"https:\/\/roveyayinevi.com.tr\/index.php\/wp-json\/wp\/v2\/media?parent=730491"}],"wp:term":[{"taxonomy":"product_brand","embeddable":true,"href":"https:\/\/roveyayinevi.com.tr\/index.php\/wp-json\/wp\/v2\/product_brand?post=730491"},{"taxonomy":"product_cat","embeddable":true,"href":"https:\/\/roveyayinevi.com.tr\/index.php\/wp-json\/wp\/v2\/product_cat?post=730491"},{"taxonomy":"product_tag","embeddable":true,"href":"https:\/\/roveyayinevi.com.tr\/index.php\/wp-json\/wp\/v2\/product_tag?post=730491"}],"curies":[{"name":"wp","href":"https:\/\/api.w.org\/{rel}","templated":true}]}}