{"id":730490,"date":"2025-08-27T21:15:32","date_gmt":"2025-08-27T18:15:32","guid":{"rendered":"https:\/\/roveyayinevi.com.tr\/index.php\/urun\/pandemi-doneminde-sinanan-dijital-vatandaslik\/"},"modified":"2026-04-16T02:38:30","modified_gmt":"2026-04-15T23:38:30","slug":"pandemi-doneminde-sinanan-dijital-vatandaslik","status":"publish","type":"product","link":"https:\/\/roveyayinevi.com.tr\/index.php\/urun\/pandemi-doneminde-sinanan-dijital-vatandaslik\/","title":{"rendered":"Pandemi D\u00f6neminde S\u0131nanan Dijital Vatanda\u015fl\u0131k"},"content":{"rendered":"<p>Dijital vatanda\u015fl\u0131k bireylerin teknoloji ile gelen yeni uygulamalar\u0131 ve sosyal d\u00f6n\u00fc\u015f\u00fcmleri anlamas\u0131n\u0131 sa\u011flayan bilgilerin t\u00fcm\u00fc olarak adland\u0131r\u0131l\u0131yor. Dijital vatanda\u015fl\u0131k sadece edinilmesi gereken bir bilgi de\u011fil, teknolojinin s\u00fcrekli geli\u015fimi ile orant\u0131l\u0131 olarak, bireylerin de \u00f6m\u00fcr boyu s\u00fcrd\u00fcrmeleri gereken bir pratik olarak kar\u015f\u0131m\u0131za \u00e7\u0131kmaktad\u0131r. Bu ba\u011flamda dijital vatanda\u015fl\u0131k, bireylerin sosyal ya\u015fam\u0131n her alan\u0131nda ilgili teknolojik uygulamalar i\u00e7in, uygun, sorumlu ve g\u00fc\u00e7lendirilmi\u015f bir yakla\u015f\u0131m geli\u015ftirme becerisini gerektirir. Alanyaz\u0131nda dijital vatanda\u015fl\u0131\u011f\u0131n tan\u0131mlanmas\u0131nda ve kavramsal temellerinin ortaya konulmas\u0131nda \u00e7e\u015fitli yakla\u015f\u0131m ve s\u0131n\u0131fland\u0131rmalar\u0131n oldu\u011fu g\u00f6r\u00fclmektedir. Dijital vatanda\u015fl\u0131\u011f\u0131n sivil ya\u015famla do\u011frusal olmayan bir ili\u015fki i\u00e7erisinde olan karma\u015f\u0131k ve \u00e7ok boyutlu bir kavram oldu\u011fu \u00fczerinde duran Choi (2016), dijital vatanda\u015fl\u0131\u011f\u0131 etik, medya ve bilgi okuryazarl\u0131\u011f\u0131, kat\u0131l\u0131m ve ele\u015ftirel diren\u00e7 olmak \u00fczere d\u00f6rt boyut alt\u0131nda ele almaktad\u0131r. Ribble (2011), dijital vatanda\u015fl\u0131\u011f\u0131 dijital okuryazarl\u0131k, dijital sa\u011fl\u0131k, dijital eri\u015fim, dijital ileti\u015fim, dijital ticaret, dijital g\u00fcvenlik, dijital etik, dijital hukuk ile dijital haklar ve sorumluluklar olmak \u00fczere birbiriyle ili\u015fkili dokuz boyut \u00e7er\u00e7evesinde ele almaktad\u0131r. Her iki yakla\u015f\u0131mda da dijital vatanda\u015fl\u0131\u011f\u0131 anlamaya ve a\u00e7\u0131klamaya y\u00f6nelik birbiriyle \u00f6rt\u00fc\u015fen alt boyutlar yer almakta ve ayr\u0131 konu ba\u015fl\u0131klar\u0131 gibi g\u00f6r\u00fcnseler de birbirlerini tamamlamaktad\u0131rlar. Bu kitap kapsam\u0131nda Ribble taraf\u0131ndan ortaya konan dokuz dijital vatanda\u015fl\u0131k boyutu pandemi s\u00fcrecinde ya\u015fanan deneyimlerle ele al\u0131nm\u0131\u015ft\u0131r. <\/p>\n","protected":false},"excerpt":{"rendered":"<p>Dijital vatanda\u015fl\u0131k bireylerin teknoloji ile gelen yeni uygulamalar\u0131 ve sosyal d\u00f6n\u00fc\u015f\u00fcmleri anlamas\u0131n\u0131 sa\u011flayan bilgilerin t\u00fcm\u00fc olarak adland\u0131r\u0131l\u0131yor. Dijital vatanda\u015fl\u0131k sadece edinilmesi gereken bir bilgi de\u011fil, teknolojinin<span class=\"excerpt-hellip\"> [\u2026]<\/span><\/p>\n","protected":false},"featured_media":0,"template":"","meta":{"_monsterinsights_skip_tracking":false,"_monsterinsights_sitenote_active":false,"_monsterinsights_sitenote_note":"","_monsterinsights_sitenote_category":0},"product_brand":[],"product_cat":[15983,13488],"product_tag":[],"class_list":{"0":"post-730490","1":"product","2":"type-product","3":"status-publish","5":"product_cat-iletisim-ve-medya","6":"product_cat-toplum-ve-insan","7":"pa_cilt-ciltsiz","8":"pa_tur-kitap","9":"pa_yayinevi-ani-yayincilik","10":"pa_yazar-ani-yayincilik-kolektif","12":"first","13":"instock","14":"sale","15":"shipping-taxable","16":"purchasable","17":"product-type-simple"},"_links":{"self":[{"href":"https:\/\/roveyayinevi.com.tr\/index.php\/wp-json\/wp\/v2\/product\/730490","targetHints":{"allow":["GET"]}}],"collection":[{"href":"https:\/\/roveyayinevi.com.tr\/index.php\/wp-json\/wp\/v2\/product"}],"about":[{"href":"https:\/\/roveyayinevi.com.tr\/index.php\/wp-json\/wp\/v2\/types\/product"}],"wp:attachment":[{"href":"https:\/\/roveyayinevi.com.tr\/index.php\/wp-json\/wp\/v2\/media?parent=730490"}],"wp:term":[{"taxonomy":"product_brand","embeddable":true,"href":"https:\/\/roveyayinevi.com.tr\/index.php\/wp-json\/wp\/v2\/product_brand?post=730490"},{"taxonomy":"product_cat","embeddable":true,"href":"https:\/\/roveyayinevi.com.tr\/index.php\/wp-json\/wp\/v2\/product_cat?post=730490"},{"taxonomy":"product_tag","embeddable":true,"href":"https:\/\/roveyayinevi.com.tr\/index.php\/wp-json\/wp\/v2\/product_tag?post=730490"}],"curies":[{"name":"wp","href":"https:\/\/api.w.org\/{rel}","templated":true}]}}