{"id":730489,"date":"2025-08-27T21:15:32","date_gmt":"2025-08-27T18:15:32","guid":{"rendered":"https:\/\/roveyayinevi.com.tr\/index.php\/urun\/seks-olmayinca\/"},"modified":"2026-04-16T02:38:30","modified_gmt":"2026-04-15T23:38:30","slug":"seks-olmayinca","status":"publish","type":"product","link":"https:\/\/roveyayinevi.com.tr\/index.php\/urun\/seks-olmayinca\/","title":{"rendered":"Seks Olmay\u0131nca"},"content":{"rendered":"<p>Modern haz k\u00fclt\u00fcr\u00fc, g\u00fcn\u00fcm\u00fczde bireyleri cinselli\u011fin her yerde ve her zaman eri\u015filebilir oldu\u011funa inand\u0131rm\u0131\u015f olsa da, ger\u00e7ekte seks nicedir pek \u00e7ok insan\u0131n hayat\u0131ndan \u00e7ekilip gitti. G\u00fcn\u00fcm\u00fczde uzmanlar, her ya\u015f ve her kesimi sarm\u0131\u015f bir haz kayb\u0131 ve aseks\u00fcellik salg\u0131n\u0131ndan bahsediyor. Cinsel mahrumiyet elbette yeni bir mesele de\u011fil. Felsefe, edebiyat ve sanat tarihi konunun farkl\u0131 \u00f6rnekleriyle dolu olsa da, kimse bug\u00fcnk\u00fc duruma nas\u0131l gelindi\u011fini bilmiyor. Cinsel \u00f6zg\u00fcrle\u015fme d\u00f6nemini takip eden a\u015f\u0131r\u0131 seks \u00e7a\u011f\u0131n\u0131n beklenmedik ve sars\u0131c\u0131 bedeliyle mi kar\u015f\u0131 kar\u015f\u0131yay\u0131z? Seksin olmamas\u0131, \u00e7ift hayat\u0131nda ne anlama gelir? Arzunun, iktidar\u0131n, cazibenin ve deneyimin cinsellikle ba\u011flant\u0131s\u0131 nedir? Erotik heyecan nerede ba\u015flar, nerede biter ve nas\u0131l bulunur? Sekssiz bir hayat, kad\u0131n ve erkek i\u00e7in ayn\u0131 \u015fey midir? Al\u0131\u015fkanl\u0131k seksin \u00fczerine d\u00fc\u015fen karanl\u0131k bir g\u00f6lge midir, yoksa ona g\u00fcven ve s\u0131cakl\u0131k bah\u015feden bir koruma kalkan\u0131 m\u0131? Seks \u00f6\u011frenilebilir mi? Felsefeci Wilhelm Schmid Seks Olmay\u0131nca\u2019da cinselli\u011fin yer almad\u0131\u011f\u0131 bir hayat\u0131n yaratt\u0131\u011f\u0131 eksiklikler kadar vaat etti\u011fi imk\u00e2nlar\u0131 da masaya yat\u0131r\u0131yor. Tensel yak\u0131nl\u0131\u011f\u0131n tatmink\u00e2r bir hayat s\u00fcrmedeki ink\u00e2r edilemez pay\u0131n\u0131 teslim ederken, s\u00fck\u00fbnetle di\u011fer se\u00e7enekleri de tart\u0131\u015f\u0131yor. Ve seks yoksunlu\u011fu \u00e7ekenlere, bu hassas sanat\u0131 geri kazanman\u0131n yollar\u0131 \u00fczerine cesaretlendirici tavsiyelerde bulunuyor.<\/p>\n","protected":false},"excerpt":{"rendered":"<p>Modern haz k\u00fclt\u00fcr\u00fc, g\u00fcn\u00fcm\u00fczde bireyleri cinselli\u011fin her yerde ve her zaman eri\u015filebilir oldu\u011funa inand\u0131rm\u0131\u015f olsa da, ger\u00e7ekte seks nicedir pek \u00e7ok insan\u0131n hayat\u0131ndan \u00e7ekilip gitti. G\u00fcn\u00fcm\u00fczde<span class=\"excerpt-hellip\"> [\u2026]<\/span><\/p>\n","protected":false},"featured_media":0,"template":"","meta":{"_monsterinsights_skip_tracking":false,"_monsterinsights_sitenote_active":false,"_monsterinsights_sitenote_note":"","_monsterinsights_sitenote_category":0},"product_brand":[],"product_cat":[26396,13488],"product_tag":[],"class_list":{"0":"post-730489","1":"product","2":"type-product","3":"status-publish","5":"product_cat-kadin-erkek-iliskileri","6":"product_cat-toplum-ve-insan","7":"pa_cilt-ciltsiz","8":"pa_tur-kitap","9":"pa_yayinevi-iletisim-yayinlari","10":"pa_yazar-wilhelm-schmid","12":"first","13":"instock","14":"sale","15":"shipping-taxable","16":"purchasable","17":"product-type-simple"},"_links":{"self":[{"href":"https:\/\/roveyayinevi.com.tr\/index.php\/wp-json\/wp\/v2\/product\/730489","targetHints":{"allow":["GET"]}}],"collection":[{"href":"https:\/\/roveyayinevi.com.tr\/index.php\/wp-json\/wp\/v2\/product"}],"about":[{"href":"https:\/\/roveyayinevi.com.tr\/index.php\/wp-json\/wp\/v2\/types\/product"}],"wp:attachment":[{"href":"https:\/\/roveyayinevi.com.tr\/index.php\/wp-json\/wp\/v2\/media?parent=730489"}],"wp:term":[{"taxonomy":"product_brand","embeddable":true,"href":"https:\/\/roveyayinevi.com.tr\/index.php\/wp-json\/wp\/v2\/product_brand?post=730489"},{"taxonomy":"product_cat","embeddable":true,"href":"https:\/\/roveyayinevi.com.tr\/index.php\/wp-json\/wp\/v2\/product_cat?post=730489"},{"taxonomy":"product_tag","embeddable":true,"href":"https:\/\/roveyayinevi.com.tr\/index.php\/wp-json\/wp\/v2\/product_tag?post=730489"}],"curies":[{"name":"wp","href":"https:\/\/api.w.org\/{rel}","templated":true}]}}