{"id":730487,"date":"2025-08-27T21:15:30","date_gmt":"2025-08-27T18:15:30","guid":{"rendered":"https:\/\/roveyayinevi.com.tr\/index.php\/urun\/bomonti\/"},"modified":"2026-04-16T02:38:30","modified_gmt":"2026-04-15T23:38:30","slug":"bomonti","status":"publish","type":"product","link":"https:\/\/roveyayinevi.com.tr\/index.php\/urun\/bomonti\/","title":{"rendered":"Bomonti"},"content":{"rendered":"<p>\u0130stanbul\u2019un en eski semtlerinden biri olan Bomonti, as\u0131rl\u0131k ge\u00e7mi\u015finde say\u0131s\u0131z d\u00f6n\u00fc\u015f\u00fcme sahne olmu\u015f bir yerle\u015fim yeri. Osmanl\u0131\u2019dan bug\u00fcne, bir yanda teneke mahallesi ve gecekondular\u0131, di\u011fer yanda Levanten ya\u015fam tarz\u0131 t\u00fcm renklili\u011fiyle h\u00fck\u00fcm s\u00fcrerken, tarihi \u00e7ok eskilere dayanan b\u00fcy\u00fck fabrikalar etraf\u0131nda geli\u015fen i\u015f\u00e7i ya\u015fam\u0131 ile orta s\u0131n\u0131f semt sakinlerinin apartman ya\u015fant\u0131s\u0131 yan yana varl\u0131\u011f\u0131n\u0131 s\u00fcrd\u00fcrm\u00fc\u015f. Bug\u00fcn Bomonti, y\u00fckselen yeni rezidanslar\u0131 ve sunulan yeni ya\u015fam tarzlar\u0131yla kentsel d\u00f6n\u00fc\u015f\u00fcm\u00fcn tam da kalbinde yer al\u0131yor. Bomonti. Kentsel D\u00f6n\u00fc\u015f\u00fcm ve Mek\u00e2n\u0131n Belle\u011fi, Bomonti\u2019nin ge\u00e7irdi\u011fi bu d\u00f6n\u00fc\u015f\u00fcm\u00fc t\u00fcm y\u00f6nleriyle ele al\u0131yor.Derya F\u0131rat, Bomonti Bira Fabrikas\u0131 ve Bira Bah\u00e7esi\u2019nden yola \u00e7\u0131k\u0131p semtin kadim belle\u011finin izlerini s\u00fcr\u00fcyor.Egemen Y\u0131lg\u00fcr teneke mahallesinin olu\u015fumunu ve kentsel d\u00f6n\u00fc\u015f\u00fcm kar\u015f\u0131s\u0131nda mahallelinin d\u00fc\u015f\u00fcncelerini payla\u015f\u0131rken, \u015e\u00fckr\u00fc Aslan da bu eski i\u015f\u00e7i semtinin fabrikalar\u0131n\u0131n, i\u015f\u00e7i ya\u015fant\u0131s\u0131n\u0131n, i\u015f\u00e7i m\u00fccadelesinin izlerini ara\u015ft\u0131r\u0131yor. Ayl\u0131n Dikmen \u00d6zarslan, Bomonti\u2019nin orta s\u0131n\u0131f sakinlerinin g\u00fcndelik hayat\u0131n\u0131 ayr\u0131nt\u0131l\u0131 bi\u00e7imde sergilerken, \u00c7a\u011flayan Kovanl\u0131kaya darezidanslarla gelen soylula\u015ft\u0131rma hamlesinin hem semtin fiziksel ve sosyal yap\u0131s\u0131n\u0131 nas\u0131l d\u00f6n\u00fc\u015ft\u00fcrd\u00fc\u011f\u00fcn\u00fc inceliyor hem de rezidans ya\u015fam\u0131n\u0131n yeni g\u00f6r\u00fcn\u00fcmlerini ortaya koyuyor.Geni\u015f bir saha ara\u015ft\u0131rmas\u0131n\u0131n \u00fcr\u00fcn\u00fc olan bu \u00e7al\u0131\u015fma, semt sakinlerinin g\u00f6z\u00fcnden Bomonti\u2019nin ge\u00e7mi\u015fini, bug\u00fcn\u00fcn\u00fc ve gelece\u011fini okumaya\u00e7al\u0131\u015f\u0131yor; sadece semtin de\u011fil ayn\u0131 zamanda \u0130stanbul\u2019un da ge\u00e7irdi\u011fi b\u00fcy\u00fck d\u00f6n\u00fc\u015f\u00fcm\u00fc sorguluyor.<\/p>\n","protected":false},"excerpt":{"rendered":"<p>\u0130stanbul\u2019un en eski semtlerinden biri olan Bomonti, as\u0131rl\u0131k ge\u00e7mi\u015finde say\u0131s\u0131z d\u00f6n\u00fc\u015f\u00fcme sahne olmu\u015f bir yerle\u015fim yeri. Osmanl\u0131\u2019dan bug\u00fcne, bir yanda teneke mahallesi ve gecekondular\u0131, di\u011fer yanda<span class=\"excerpt-hellip\"> [\u2026]<\/span><\/p>\n","protected":false},"featured_media":0,"template":"","meta":{"_monsterinsights_skip_tracking":false,"_monsterinsights_sitenote_active":false,"_monsterinsights_sitenote_note":"","_monsterinsights_sitenote_category":0},"product_brand":[],"product_cat":[12370,12304],"product_tag":[],"class_list":{"0":"post-730487","1":"product","2":"type-product","3":"status-publish","5":"product_cat-arastirma-inceleme","6":"product_cat-tarih","7":"pa_cilt-ciltsiz","8":"pa_tur-kitap","9":"pa_yayinevi-iletisim-yayinlari","10":"pa_yazar-iletisim-yayinevi-kolektif","12":"first","13":"instock","14":"sale","15":"shipping-taxable","16":"purchasable","17":"product-type-simple"},"_links":{"self":[{"href":"https:\/\/roveyayinevi.com.tr\/index.php\/wp-json\/wp\/v2\/product\/730487","targetHints":{"allow":["GET"]}}],"collection":[{"href":"https:\/\/roveyayinevi.com.tr\/index.php\/wp-json\/wp\/v2\/product"}],"about":[{"href":"https:\/\/roveyayinevi.com.tr\/index.php\/wp-json\/wp\/v2\/types\/product"}],"wp:attachment":[{"href":"https:\/\/roveyayinevi.com.tr\/index.php\/wp-json\/wp\/v2\/media?parent=730487"}],"wp:term":[{"taxonomy":"product_brand","embeddable":true,"href":"https:\/\/roveyayinevi.com.tr\/index.php\/wp-json\/wp\/v2\/product_brand?post=730487"},{"taxonomy":"product_cat","embeddable":true,"href":"https:\/\/roveyayinevi.com.tr\/index.php\/wp-json\/wp\/v2\/product_cat?post=730487"},{"taxonomy":"product_tag","embeddable":true,"href":"https:\/\/roveyayinevi.com.tr\/index.php\/wp-json\/wp\/v2\/product_tag?post=730487"}],"curies":[{"name":"wp","href":"https:\/\/api.w.org\/{rel}","templated":true}]}}