{"id":730485,"date":"2025-08-27T21:15:28","date_gmt":"2025-08-27T18:15:28","guid":{"rendered":"https:\/\/roveyayinevi.com.tr\/index.php\/urun\/hallerin-esiri\/"},"modified":"2026-04-16T02:38:30","modified_gmt":"2026-04-15T23:38:30","slug":"hallerin-esiri","status":"publish","type":"product","link":"https:\/\/roveyayinevi.com.tr\/index.php\/urun\/hallerin-esiri\/","title":{"rendered":"Hallerin Esiri"},"content":{"rendered":"<p>Merhametsiz babalar\u0131n, \u015fefkatli annelerin, dal dal uzayan ailelerin, arkada\u015flar\u0131n yan\u0131 ba\u015f\u0131nda, zaman\u0131n \u00e7ok yava\u015f akt\u0131\u011f\u0131 k\u00f6y topra\u011f\u0131nda ge\u00e7en bir \u00e7ocukluk\u2026 Ve onun her ya\u015fta, her yerde \u00fcst\u00fcm\u00fczden eksik olmayan bazen gri, bazen renkli tozlar\u0131\u2026Sedat Anar, Hallerin Esiri\u2019nde ge\u00e7mi\u015fiyle y\u00fczle\u015fmeye \u00e7al\u0131\u015fan bir adam\u0131n yolculuklarla, \u00f6l\u00fcmlerle ve en \u00f6nemlisi \u015fiirle kesi\u015fen h\u00fcz\u00fcnl\u00fc hik\u00e2yesini anlat\u0131yor. Ne ya\u015fan\u0131rsa ya\u015fans\u0131n hep var olan muzip anlar\u0131 da g\u00f6z ard\u0131 etmeyen s\u00fcr\u00fckleyici birroman\u2026<\/p>\n","protected":false},"excerpt":{"rendered":"<p>Merhametsiz babalar\u0131n, \u015fefkatli annelerin, dal dal uzayan ailelerin, arkada\u015flar\u0131n yan\u0131 ba\u015f\u0131nda, zaman\u0131n \u00e7ok yava\u015f akt\u0131\u011f\u0131 k\u00f6y topra\u011f\u0131nda ge\u00e7en bir \u00e7ocukluk\u2026 Ve onun her ya\u015fta, her yerde<span class=\"excerpt-hellip\"> [\u2026]<\/span><\/p>\n","protected":false},"featured_media":0,"template":"","meta":{"_monsterinsights_skip_tracking":false,"_monsterinsights_sitenote_active":false,"_monsterinsights_sitenote_note":"","_monsterinsights_sitenote_category":0},"product_brand":[],"product_cat":[12291,12711],"product_tag":[],"class_list":{"0":"post-730485","1":"product","2":"type-product","3":"status-publish","5":"product_cat-edebiyat","6":"product_cat-roman-oyku","7":"pa_cilt-ciltsiz","8":"pa_tur-kitap","9":"pa_yayinevi-iletisim-yayinlari","10":"pa_yazar-sedat-anar","12":"first","13":"instock","14":"sale","15":"shipping-taxable","16":"purchasable","17":"product-type-simple"},"_links":{"self":[{"href":"https:\/\/roveyayinevi.com.tr\/index.php\/wp-json\/wp\/v2\/product\/730485","targetHints":{"allow":["GET"]}}],"collection":[{"href":"https:\/\/roveyayinevi.com.tr\/index.php\/wp-json\/wp\/v2\/product"}],"about":[{"href":"https:\/\/roveyayinevi.com.tr\/index.php\/wp-json\/wp\/v2\/types\/product"}],"wp:attachment":[{"href":"https:\/\/roveyayinevi.com.tr\/index.php\/wp-json\/wp\/v2\/media?parent=730485"}],"wp:term":[{"taxonomy":"product_brand","embeddable":true,"href":"https:\/\/roveyayinevi.com.tr\/index.php\/wp-json\/wp\/v2\/product_brand?post=730485"},{"taxonomy":"product_cat","embeddable":true,"href":"https:\/\/roveyayinevi.com.tr\/index.php\/wp-json\/wp\/v2\/product_cat?post=730485"},{"taxonomy":"product_tag","embeddable":true,"href":"https:\/\/roveyayinevi.com.tr\/index.php\/wp-json\/wp\/v2\/product_tag?post=730485"}],"curies":[{"name":"wp","href":"https:\/\/api.w.org\/{rel}","templated":true}]}}