{"id":730483,"date":"2025-08-27T21:15:26","date_gmt":"2025-08-27T18:15:26","guid":{"rendered":"https:\/\/roveyayinevi.com.tr\/index.php\/urun\/afrikanin-yasam-felsefesi-ubuntu\/"},"modified":"2026-04-16T02:38:30","modified_gmt":"2026-04-15T23:38:30","slug":"afrikanin-yasam-felsefesi-ubuntu","status":"publish","type":"product","link":"https:\/\/roveyayinevi.com.tr\/index.php\/urun\/afrikanin-yasam-felsefesi-ubuntu\/","title":{"rendered":"Afrika\u2019n\u0131n Ya\u015fam Felsefesi Ubuntu"},"content":{"rendered":"<p>Afrika\u2019n\u0131n Ya\u015fam Felsefesi UBUNTU \u201cUbuntu d\u00fc\u015f\u00fcncesi ve prati\u011fi Afrika\u2019n\u0131n d\u00fcnyaya en b\u00fcy\u00fck arma\u011fan\u0131d\u0131r. Ve bu arma\u011fan\u0131 maalesef \u00e7ok bilen yok. Ubuntunun \u00f6z\u00fc Afrika dillerinin neredeyse hepsinde var olan bir atas\u00f6z\u00fc ile a\u00e7\u0131klanabilir. \u015e\u00f6yle \u00e7evirebiliriz: \u2018\u0130nsan, di\u011fer insanlar sayesinde insand\u0131r.\u2019 D\u00fcnyada \u00f6\u011frendi\u011fimiz ve ya\u015fad\u0131\u011f\u0131m\u0131z her \u015feyi ba\u015fka insanlarla ili\u015fkimizde \u00f6\u011freniriz. Bu nedenle davran\u0131\u015flar\u0131m\u0131z\u0131, d\u00fc\u015f\u00fcncelerimizi sorgulamam\u0131z icap eder. Sana nas\u0131l davran\u0131lmas\u0131n\u0131 istiyorsan ba\u015fkalar\u0131na da \u00f6yle davran! Ubuntu sahibi biri bunun bir ad\u0131m \u00f6tesine ge\u00e7er; etraf\u0131ndaki b\u00fct\u00fcn insanlar\u0131n sonsuz de\u011feri oldu\u011funu bilir. O y\u00fczden sadece bir davran\u0131\u015f bi\u00e7imi de\u011fildir ubuntu, ger\u00e7ekten bir varolu\u015f bi\u00e7imidir!\u201d Desmond Tutu   Ulusal devletler ve s\u0131n\u0131rlarla yery\u00fcz\u00fcn\u00fc hayali olarak b\u00f6len insanlar asl\u0131nda birlikte ya\u015famak ve birbirlerinin ya\u015fam deneyimlerinden, k\u00fclt\u00fcrlerinden \u00f6\u011frenmek zorundalar. Coronavir\u00fcs salg\u0131n\u0131 bunu bir kez daha g\u00f6sterdi. Desmond Tutu\u2019nun torunu Mungi Ngomane \u00fclkesinin ya\u015fam felsefesinin d\u00fcnyay\u0131 ve i\u00e7indeki yerimizi anlamam\u0131za nas\u0131l yard\u0131mc\u0131 olaca\u011f\u0131n\u0131 anlat\u0131yor.\u00fcnyay\u0131 ve i\u00e7indeki yerimizi anlamam\u0131za nas\u0131l yard\u0131mc\u0131 olaca\u011f\u0131n\u0131 anlat\u0131yor.<\/p>\n","protected":false},"excerpt":{"rendered":"<p>Afrika\u2019n\u0131n Ya\u015fam Felsefesi UBUNTU \u201cUbuntu d\u00fc\u015f\u00fcncesi ve prati\u011fi Afrika\u2019n\u0131n d\u00fcnyaya en b\u00fcy\u00fck arma\u011fan\u0131d\u0131r. Ve bu arma\u011fan\u0131 maalesef \u00e7ok bilen yok. Ubuntunun \u00f6z\u00fc Afrika dillerinin neredeyse hepsinde<span class=\"excerpt-hellip\"> [\u2026]<\/span><\/p>\n","protected":false},"featured_media":0,"template":"","meta":{"_monsterinsights_skip_tracking":false,"_monsterinsights_sitenote_active":false,"_monsterinsights_sitenote_note":"","_monsterinsights_sitenote_category":0},"product_brand":[],"product_cat":[12364,12376],"product_tag":[],"class_list":{"0":"post-730483","1":"product","2":"type-product","3":"status-publish","5":"product_cat-genel-konular","6":"product_cat-kisisel-gelisim","7":"pa_cilt-ciltsiz","8":"pa_tur-kitap","9":"pa_yayinevi-kuraldisi-yayinevi","10":"pa_yazar-mungi-ngomane","12":"first","13":"instock","14":"sale","15":"shipping-taxable","16":"purchasable","17":"product-type-simple"},"_links":{"self":[{"href":"https:\/\/roveyayinevi.com.tr\/index.php\/wp-json\/wp\/v2\/product\/730483","targetHints":{"allow":["GET"]}}],"collection":[{"href":"https:\/\/roveyayinevi.com.tr\/index.php\/wp-json\/wp\/v2\/product"}],"about":[{"href":"https:\/\/roveyayinevi.com.tr\/index.php\/wp-json\/wp\/v2\/types\/product"}],"wp:attachment":[{"href":"https:\/\/roveyayinevi.com.tr\/index.php\/wp-json\/wp\/v2\/media?parent=730483"}],"wp:term":[{"taxonomy":"product_brand","embeddable":true,"href":"https:\/\/roveyayinevi.com.tr\/index.php\/wp-json\/wp\/v2\/product_brand?post=730483"},{"taxonomy":"product_cat","embeddable":true,"href":"https:\/\/roveyayinevi.com.tr\/index.php\/wp-json\/wp\/v2\/product_cat?post=730483"},{"taxonomy":"product_tag","embeddable":true,"href":"https:\/\/roveyayinevi.com.tr\/index.php\/wp-json\/wp\/v2\/product_tag?post=730483"}],"curies":[{"name":"wp","href":"https:\/\/api.w.org\/{rel}","templated":true}]}}