{"id":730482,"date":"2025-08-27T21:15:26","date_gmt":"2025-08-27T18:15:26","guid":{"rendered":"https:\/\/roveyayinevi.com.tr\/index.php\/urun\/ya-akil-ya-vahiy-birini-sec\/"},"modified":"2026-04-16T02:38:30","modified_gmt":"2026-04-15T23:38:30","slug":"ya-akil-ya-vahiy-birini-sec","status":"publish","type":"product","link":"https:\/\/roveyayinevi.com.tr\/index.php\/urun\/ya-akil-ya-vahiy-birini-sec\/","title":{"rendered":"Ya Ak\u0131l Ya Vahiy Birini Se\u00e7"},"content":{"rendered":"<p>\u00dc\u00e7 y\u0131ll\u0131k bir ara\u015ft\u0131rman\u0131n sonunda ortaya \u00e7\u0131kan bu kitap, \u00e7o\u011funuzun anne ve babas\u0131ndan miras kalan dini inanc\u0131n\u0131 sorgulamas\u0131na neden olacak, verilen bilgilerin ger\u00e7ekli\u011fini ara\u015ft\u0131rmaya ba\u015flad\u0131\u011f\u0131n\u0131zda kendinizi aldat\u0131lm\u0131\u015fl\u0131klar\u0131n dehlizlerinde hissedeceksiniz. O nedenle kitab\u0131 okumadan \u00f6nce dinler ile ilgili \u015fu ana kadar duyduklar\u0131n\u0131z\u0131, bildiklerinizi bir s\u00fcreli\u011fine unutun! Bu kitab\u0131n yazar\u0131 bir misyoner de\u011fil. O nedenle sizi dininizden uzakla\u015ft\u0131rmay\u0131 ya da ba\u015fka dinlere inanman\u0131z\u0131 ama\u00e7lam\u0131yor. Sadece sizi d\u00fc\u015f\u00fcnmeye ve tamamen dini kaynaklara dayand\u0131r\u0131larak verilen bilgilerle ger\u00e7e\u011fi bulman\u0131za yard\u0131mc\u0131 olmaya \u00e7al\u0131\u015f\u0131yor. Cihan Karaosmano\u011flu\u2019nu son derece de iddial\u0131 bu eserinden dolay\u0131 kutluyor, ba\u015far\u0131lar\u0131n\u0131n devam\u0131n\u0131 diliyorum.  Bekir \u00d6zt\u00fcrk   Bir mum, ba\u015fka mumlar\u0131 tutu\u015fturdu\u011funda kendisinden bir \u015fey kaybetmez&#8230; Halil \u0130brahim Ay <\/p>\n","protected":false},"excerpt":{"rendered":"<p>\u00dc\u00e7 y\u0131ll\u0131k bir ara\u015ft\u0131rman\u0131n sonunda ortaya \u00e7\u0131kan bu kitap, \u00e7o\u011funuzun anne ve babas\u0131ndan miras kalan dini inanc\u0131n\u0131 sorgulamas\u0131na neden olacak, verilen bilgilerin ger\u00e7ekli\u011fini ara\u015ft\u0131rmaya ba\u015flad\u0131\u011f\u0131n\u0131zda kendinizi<span class=\"excerpt-hellip\"> [\u2026]<\/span><\/p>\n","protected":false},"featured_media":0,"template":"","meta":{"_monsterinsights_skip_tracking":false,"_monsterinsights_sitenote_active":false,"_monsterinsights_sitenote_note":"","_monsterinsights_sitenote_category":0},"product_brand":[],"product_cat":[19998,12388],"product_tag":[],"class_list":{"0":"post-730482","1":"product","2":"type-product","3":"status-publish","5":"product_cat-din-felsefesi","6":"product_cat-felsefe","7":"pa_cilt-ciltsiz","8":"pa_tur-kitap","9":"pa_yayinevi-altayli-yayinlari","10":"pa_yazar-cihan-karaosmanoglu","12":"first","13":"instock","14":"sale","15":"shipping-taxable","16":"purchasable","17":"product-type-simple"},"_links":{"self":[{"href":"https:\/\/roveyayinevi.com.tr\/index.php\/wp-json\/wp\/v2\/product\/730482","targetHints":{"allow":["GET"]}}],"collection":[{"href":"https:\/\/roveyayinevi.com.tr\/index.php\/wp-json\/wp\/v2\/product"}],"about":[{"href":"https:\/\/roveyayinevi.com.tr\/index.php\/wp-json\/wp\/v2\/types\/product"}],"wp:attachment":[{"href":"https:\/\/roveyayinevi.com.tr\/index.php\/wp-json\/wp\/v2\/media?parent=730482"}],"wp:term":[{"taxonomy":"product_brand","embeddable":true,"href":"https:\/\/roveyayinevi.com.tr\/index.php\/wp-json\/wp\/v2\/product_brand?post=730482"},{"taxonomy":"product_cat","embeddable":true,"href":"https:\/\/roveyayinevi.com.tr\/index.php\/wp-json\/wp\/v2\/product_cat?post=730482"},{"taxonomy":"product_tag","embeddable":true,"href":"https:\/\/roveyayinevi.com.tr\/index.php\/wp-json\/wp\/v2\/product_tag?post=730482"}],"curies":[{"name":"wp","href":"https:\/\/api.w.org\/{rel}","templated":true}]}}