{"id":730481,"date":"2025-08-27T21:15:25","date_gmt":"2025-08-27T18:15:25","guid":{"rendered":"https:\/\/roveyayinevi.com.tr\/index.php\/urun\/ataturk-canakkalede\/"},"modified":"2026-04-16T02:38:30","modified_gmt":"2026-04-15T23:38:30","slug":"ataturk-canakkalede","status":"publish","type":"product","link":"https:\/\/roveyayinevi.com.tr\/index.php\/urun\/ataturk-canakkalede\/","title":{"rendered":"Atat\u00fcrk \u00c7anakkale&#8217;de"},"content":{"rendered":"<p>B\u00fcy\u00fck Atat\u00fcrk, yarbay r\u00fctbesiyle kat\u0131ld\u0131\u011f\u0131 \u00c7anakkale sava\u015flar\u0131nda elde etti\u011fi ba\u015far\u0131larla \u00e7ok k\u0131sa s\u00fcrede dikkatleri \u00fczerinde toplam\u0131\u015f, d\u00f6rt ay sonra Anafartalar Grubu Komutanl\u0131\u011f\u0131\u2019na getirilmi\u015f, Say\u0131n Turgut \u00d6zakman\u2019\u0131n ifadesiyle \u201c\u00c7anakkale Sava\u015f\u0131 boyunca, Liman Pa\u015fa d\u0131\u015f\u0131nda hi\u00e7bir komutan, bu kadar uzun zaman, bu kadar \u00e7ok birli\u011fi ve bu kadar geni\u015f bir alan\u0131 komuta etmemi\u015fti.\u201d Bu sava\u015fa 20 t\u00fcmen, 39 t\u00fcmen komutan\u0131; 10 kolordu, 52 alay, 104 alay komutan\u0131; 18 kolordu komutan\u0131; iki ordu, iki ordu komutan\u0131; binlerce subay, y\u00fczbinlerce asker kat\u0131lm\u0131\u015fken, Yarbay r\u00fctbesi ile muharebelerin ortas\u0131nda bu cepheye gelen Mustafa Kemal, \u00c7anakkale Zaferi\u2019ne imzas\u0131n\u0131 atm\u0131\u015f, \u201c\u0130stanbul\u2019u kurtaran kahraman\u201d unvan\u0131n\u0131 hak etmi\u015fti. \u00c7\u00fcnk\u00fc \u00c7anakkale\u2019nin ge\u00e7ilmesi \u0130stanbul\u2019un da ge\u00e7ilmesi anlam\u0131na geliyordu. Bu kitap, \u00fclkemizin kaderini de\u011fi\u015ftiren bu zaferi, salt \u201ciman g\u00fcc\u00fcyle\u201d kazan\u0131lm\u0131\u015f, orada bir askeri deha yokmu\u015f gibi g\u00f6sterenlerin, \u00c7anakkale Zaferi\u2019nden Mustafa Kemal Atat\u00fcrk\u2019\u00fc \u00e7\u0131karma projesine kar\u015f\u0131 bir cevap olarak yaz\u0131lm\u0131\u015ft\u0131r. \u015eunu ifade etmek gerekir ki, i\u015fgal kuvvetleri, Mustafa Kemal komutas\u0131ndaki kara muharebeleri ile p\u00fcsk\u00fcrt\u00fclm\u00fc\u015f olmasayd\u0131, d\u00fc\u015fman, \u0130stanbul\u2019a, oradan da Anadolu\u2019ya ge\u00e7mi\u015f olacakt\u0131.<\/p>\n","protected":false},"excerpt":{"rendered":"<p>B\u00fcy\u00fck Atat\u00fcrk, yarbay r\u00fctbesiyle kat\u0131ld\u0131\u011f\u0131 \u00c7anakkale sava\u015flar\u0131nda elde etti\u011fi ba\u015far\u0131larla \u00e7ok k\u0131sa s\u00fcrede dikkatleri \u00fczerinde toplam\u0131\u015f, d\u00f6rt ay sonra Anafartalar Grubu Komutanl\u0131\u011f\u0131\u2019na getirilmi\u015f, Say\u0131n Turgut \u00d6zakman\u2019\u0131n<span class=\"excerpt-hellip\"> [\u2026]<\/span><\/p>\n","protected":false},"featured_media":0,"template":"","meta":{"_monsterinsights_skip_tracking":false,"_monsterinsights_sitenote_active":false,"_monsterinsights_sitenote_note":"","_monsterinsights_sitenote_category":0},"product_brand":[],"product_cat":[12530,12304],"product_tag":[],"class_list":{"0":"post-730481","1":"product","2":"type-product","3":"status-publish","5":"product_cat-mustafa-kemal-ataturk","6":"product_cat-tarih","7":"pa_cilt-ciltsiz","8":"pa_tur-kitap","9":"pa_yayinevi-ayata-kitap","10":"pa_yazar-ahmet-eroglu","12":"first","13":"instock","14":"sale","15":"shipping-taxable","16":"purchasable","17":"product-type-simple"},"_links":{"self":[{"href":"https:\/\/roveyayinevi.com.tr\/index.php\/wp-json\/wp\/v2\/product\/730481","targetHints":{"allow":["GET"]}}],"collection":[{"href":"https:\/\/roveyayinevi.com.tr\/index.php\/wp-json\/wp\/v2\/product"}],"about":[{"href":"https:\/\/roveyayinevi.com.tr\/index.php\/wp-json\/wp\/v2\/types\/product"}],"wp:attachment":[{"href":"https:\/\/roveyayinevi.com.tr\/index.php\/wp-json\/wp\/v2\/media?parent=730481"}],"wp:term":[{"taxonomy":"product_brand","embeddable":true,"href":"https:\/\/roveyayinevi.com.tr\/index.php\/wp-json\/wp\/v2\/product_brand?post=730481"},{"taxonomy":"product_cat","embeddable":true,"href":"https:\/\/roveyayinevi.com.tr\/index.php\/wp-json\/wp\/v2\/product_cat?post=730481"},{"taxonomy":"product_tag","embeddable":true,"href":"https:\/\/roveyayinevi.com.tr\/index.php\/wp-json\/wp\/v2\/product_tag?post=730481"}],"curies":[{"name":"wp","href":"https:\/\/api.w.org\/{rel}","templated":true}]}}