{"id":730480,"date":"2025-08-27T21:15:24","date_gmt":"2025-08-27T18:15:24","guid":{"rendered":"https:\/\/roveyayinevi.com.tr\/index.php\/urun\/covid-19dan-sonraki-ilk-yil\/"},"modified":"2026-04-16T02:38:30","modified_gmt":"2026-04-15T23:38:30","slug":"covid-19dan-sonraki-ilk-yil","status":"publish","type":"product","link":"https:\/\/roveyayinevi.com.tr\/index.php\/urun\/covid-19dan-sonraki-ilk-yil\/","title":{"rendered":"Covid-19\u2019dan Sonraki \u0130lk Y\u0131l"},"content":{"rendered":"<p>G\u00fcn\u00fcm\u00fcz\u00fcn \u00dcnl\u00fc D\u00fc\u015f\u00fcn\u00fcr ve Yazarlar\u0131n\u0131n Covid-19\u2019a Bak\u0131\u015flar\u0131Giri\u015f Koronavir\u00fcs Yal\u0131t\u0131lm\u0131\u015f Olarak Var Olmaz, Ba\u015fka Hastal\u0131klardan ve Krizlerden Beslenir Tiff-AnnIe Kenny . Covid\u2019den Sonra Normale D\u00f6n\u00fc\u015f Olmayacak: \u0130nsanl\u0131k Sonras\u0131 Bir D\u00f6neme Giriyoruz ve Yeni Bir Ya\u015fam Tarz\u0131 \u0130cat Etmemiz Gerekecek Slavoj \u017di\u017eek. COVID-19 Grip De\u011fildir Eskild PetersenNeydi, Ne Oldu? Koronavir\u00fcs K\u0131\u015f\u0131 Geliyor: \u00d6\u011frendiklerimiz Bizi Nas\u0131l Haz\u0131rlayabilir? Spencer Bokat-Lindell . COVID-19 ile \u0130lgili 6 Mit ve Do\u011frular Hannah Devlin . Koronavir\u00fcsle Nas\u0131l Ba\u015fa \u00c7\u0131kaca\u011f\u0131z? Rupert Beale . Toplumsal Salg\u0131n: \u00c7in\u2019de Mikrobiyolojik S\u0131n\u0131f Sava\u015f\u0131m\u0131 Chuang Dergisi . Covid-19 Karantinas\u0131 Bir Distopya De\u011fil Margaret Atwood\u201cGe\u00e7mi\u015f, Ac\u0131y\u0131p Giden A\u011fr\u0131\u201d Boccaccio COVID-19 Hakk\u0131nda Ne Derdi? Paula FIndlen . Yeni Patojen, Eski Siyaset Alex De Waal . Kolera ve \u0130lerlemenin Bedeli MIchael Mayzul . Londra: Vebadan Yang\u0131na 1664-1666 Michael Mayzul . 1918 Pandemisinden Ders Almak Tim Adams . Pandemiler Tarihi Nas\u0131l De\u011fi\u015ftirdi? Isaac ChotInerTeknoloji, Devlet ve Pandemi Serge Halimi . Teknoloji \u015eirketlerinin Bu Krizi \u0130ktidarlar\u0131n\u0131 Geni\u015fletmek \u0130\u00e7in Kullanmas\u0131na \u0130zin Veremeyiz JS Tan . Ba\u011f\u0131\u015f\u0131kl\u0131k Pasaportlar\u0131n\u0131n K\u00f6t\u00fc Bir Fikir Olmas\u0131n\u0131n On Nedeni Natalie Kofler-Fran\u00e7oIse Baylis . Y\u00fczle\u015fti\u011fimiz S\u0131nama Karantina ya da Yal\u0131t\u0131m De\u011fil, Toplumlar Yeniden Hareket Etmeye Ba\u015flad\u0131\u011f\u0131nda Ne Olaca\u011f\u0131 SlAvoj \u017di\u017eek . H\u00fck\u00fcmetler COVID-19\u2019u Devlet \u0130ktidarlar\u0131n\u0131 Geni\u015fletmek \u0130\u00e7in De\u011ferlendiriyor Stephen Boyd . COVID-19 A\u015f\u0131s\u0131 Yolda Ama \u0130hmalk\u00e2r ve Milliyet\u00e7i H\u00fck\u00fcmetler ile A\u015f\u0131 Kar\u015f\u0131t\u0131 \u00c7\u0131lg\u0131nlar\u0131 A\u015fabilecek mi? Polly ToynbeeKapitalizm ve Pandemi Koronaviru\u0308s \u2018Brezilya\u2019n\u0131n Yerli Halklar\u0131n\u0131 Yery\u00fcz\u00fcnden Silebilir\u2019 Jo\u00e3o Fellet . Brezilya\u2019da S\u0131n\u0131r Tan\u0131mayan Hekimler\u2019e \u0130zin Verilmedi Carl De Souza . \u00c7al\u0131\u015fman\u0131n De\u011ferini Yeniden D\u00fc\u015f\u00fcnmenin Zaman\u0131d\u0131r Paulo L. Dos Santos . Pandemik \u0130flas: Bu Seferki Ekonomik Kriz Neden Olacak? Bue Rubner Hansen . Neoliberal Veba Rob UrIe . Keynes\u00e7ilik ve Kapitalizmin Krizi George Martinfell Brown-Tony Gong . Hastal\u0131k Kapitalizmi ve COVID-19 Prabir Purkaystha . Koronavir\u00fcs \u00d6nlemlerinde \u2018H\u0131zla Normale D\u00f6nelim\u2019 Diyenler Tehlikeli Bir Aptall\u0131k \u0130\u00e7inde Karlin Lillington . Kim Kimi Ya\u011fmal\u0131yor? David Sirato . S\u00f6m\u00fcrgecilik ve Kemer S\u0131kma Siyasalar\u0131 Afrika\u2019n\u0131n Koronavir\u00fcsle Mu\u0308cadelesini Nas\u0131l \u015eekillendiriyor? Sa\u2019eed Husaini . Koronavir\u00fcs Sonras\u0131 Evden \u00c7al\u0131\u015fmak Patronlara \u0130\u015f\u00e7ilerin Ya\u015famlar\u0131 \u00dczerinde Daha B\u00fcy\u00fck Bir Denetim Verecektir Luke Savage . \u0130klim Krizi ve COVID-19 Ayr\u0131lmaz \u015eekilde Birbirine Ba\u011fl\u0131 Drew Pendergras-Troy VettesseDayan\u0131\u015fma Hepimiz Ayn\u0131 Koronavir\u00fcs Gemisinde De\u011filiz Kenan Malik . Koronavir\u00fcs Yeni Bir \u0130\u015f\u00e7i S\u0131n\u0131f\u0131n\u0131 Nas\u0131l Yaratabilir? Olga Khazan . \u0130yi Bir Toplum \u0130yi Niyetten Fazlas\u0131n\u0131 Gerektirir Kenan Malik . Pandemi Sonras\u0131 Bildi\u011fimiz D\u00fcnya Nostaljiden \u0130baret Olacak Slavoj \u017di\u017eek<\/p>\n","protected":false},"excerpt":{"rendered":"<p>G\u00fcn\u00fcm\u00fcz\u00fcn \u00dcnl\u00fc D\u00fc\u015f\u00fcn\u00fcr ve Yazarlar\u0131n\u0131n Covid-19\u2019a Bak\u0131\u015flar\u0131Giri\u015f Koronavir\u00fcs Yal\u0131t\u0131lm\u0131\u015f Olarak Var Olmaz, Ba\u015fka Hastal\u0131klardan ve Krizlerden Beslenir Tiff-AnnIe Kenny . Covid\u2019den Sonra Normale D\u00f6n\u00fc\u015f Olmayacak: \u0130nsanl\u0131k<span class=\"excerpt-hellip\"> [\u2026]<\/span><\/p>\n","protected":false},"featured_media":0,"template":"","meta":{"_monsterinsights_skip_tracking":false,"_monsterinsights_sitenote_active":false,"_monsterinsights_sitenote_note":"","_monsterinsights_sitenote_category":0},"product_brand":[],"product_cat":[31194,12337],"product_tag":[],"class_list":{"0":"post-730480","1":"product","2":"type-product","3":"status-publish","5":"product_cat-guncel-siyaset","6":"product_cat-politika-siyaset","7":"pa_cilt-ciltsiz","8":"pa_tur-kitap","9":"pa_yayinevi-nika-yayinevi","10":"pa_yazar-nika-yayinevi-kolektif","12":"first","13":"instock","14":"sale","15":"shipping-taxable","16":"purchasable","17":"product-type-simple"},"_links":{"self":[{"href":"https:\/\/roveyayinevi.com.tr\/index.php\/wp-json\/wp\/v2\/product\/730480","targetHints":{"allow":["GET"]}}],"collection":[{"href":"https:\/\/roveyayinevi.com.tr\/index.php\/wp-json\/wp\/v2\/product"}],"about":[{"href":"https:\/\/roveyayinevi.com.tr\/index.php\/wp-json\/wp\/v2\/types\/product"}],"wp:attachment":[{"href":"https:\/\/roveyayinevi.com.tr\/index.php\/wp-json\/wp\/v2\/media?parent=730480"}],"wp:term":[{"taxonomy":"product_brand","embeddable":true,"href":"https:\/\/roveyayinevi.com.tr\/index.php\/wp-json\/wp\/v2\/product_brand?post=730480"},{"taxonomy":"product_cat","embeddable":true,"href":"https:\/\/roveyayinevi.com.tr\/index.php\/wp-json\/wp\/v2\/product_cat?post=730480"},{"taxonomy":"product_tag","embeddable":true,"href":"https:\/\/roveyayinevi.com.tr\/index.php\/wp-json\/wp\/v2\/product_tag?post=730480"}],"curies":[{"name":"wp","href":"https:\/\/api.w.org\/{rel}","templated":true}]}}