{"id":730479,"date":"2025-08-27T21:15:23","date_gmt":"2025-08-27T18:15:23","guid":{"rendered":"https:\/\/roveyayinevi.com.tr\/index.php\/urun\/butun-siirleri-ciltli\/"},"modified":"2025-08-31T17:13:55","modified_gmt":"2025-08-31T14:13:55","slug":"butun-siirleri-ciltli","status":"publish","type":"product","link":"https:\/\/roveyayinevi.com.tr\/index.php\/urun\/butun-siirleri-ciltli\/","title":{"rendered":"B\u00fct\u00fcn \u015eiirleri (Ciltli)"},"content":{"rendered":"<p>Orhan Veli, T\u00fcrk \u015eiirinin Mihenk Ta\u015flar\u0131ndan Biridir. Getirdi\u011fi Yeni \u015eiir Tarz\u0131 \u0130le Dilin Sadele\u015fme Ve D\u00f6n\u00fc\u015f\u00fcm\u00fcnde \u00d6nemli Bir Rol Oynam\u0131\u015f, Konu\u015fma Diliyle \u201cS\u0131radan\u201d \u0130nsan\u0131 \u015eiirine Konu Edinmi\u015ftir. Orhan Veli \u2013 B\u00fct\u00fcn \u015eiirleri \u00d6zel Ciltli Bask\u0131s\u0131na \u015eairin El Yaz\u0131s\u0131 \u015eiirleri Ve Foto\u011fraflar\u0131 Da Eklenmi\u015f Ve Kitap \u00dc\u00e7ana B\u00f6l\u00fcmde Ele Al\u0131nm\u0131\u015ft\u0131r:   I. B\u00f6l\u00fcm: Eserler: Garip, Vazge\u00e7emedi\u011fim, Destan Gibi, Yenisi, Kar\u015f\u0131 I\u0131. B\u00f6l\u00fcm: Kitaplar\u0131na Girmeyen Eski Ve Yeni Bi\u00e7imli \u015eiirleri I\u0131\u0131. B\u00f6l\u00fcm: Kitaplar\u0131nda Yer Almayan Son \u015eiirleri El Yaz\u0131s\u0131 \u015eiirler \u015eiirlerin Hangi Tarihte Ve Hangi Dergide Yay\u0131mland\u0131klar\u0131 Da Belirtilen Kitapta Orhan Veli \u015eiirinin D\u00f6n\u00fc\u015f\u00fcm Evrelerini De \u0130nceleme \u0130mk\u00e2n\u0131 Bulacaks\u0131n\u0131z.   Deli Eder \u0130nsan\u0131 Bu D\u00fcnya; Bu Gece, Bu Y\u0131ld\u0131zlar, Bu Koku, Bu Tepeden T\u0131rna\u011fa \u00c7i\u00e7ek A\u00e7m\u0131\u015f A\u011fa\u00e7 <\/p>\n","protected":false},"excerpt":{"rendered":"<p>Orhan Veli, T\u00fcrk \u015eiirinin Mihenk Ta\u015flar\u0131ndan Biridir. Getirdi\u011fi Yeni \u015eiir Tarz\u0131 \u0130le Dilin Sadele\u015fme Ve D\u00f6n\u00fc\u015f\u00fcm\u00fcnde \u00d6nemli Bir Rol Oynam\u0131\u015f, Konu\u015fma Diliyle \u201cS\u0131radan\u201d \u0130nsan\u0131 \u015eiirine Konu<span class=\"excerpt-hellip\"> [\u2026]<\/span><\/p>\n","protected":false},"featured_media":0,"template":"","meta":{"_monsterinsights_skip_tracking":false,"_monsterinsights_sitenote_active":false,"_monsterinsights_sitenote_note":"","_monsterinsights_sitenote_category":0},"product_brand":[],"product_cat":[12291,12509],"product_tag":[],"class_list":{"0":"post-730479","1":"product","2":"type-product","3":"status-publish","5":"product_cat-edebiyat","6":"product_cat-siir","7":"pa_cilt-ciltli","8":"pa_tur-kitap","9":"pa_yayinevi-ephesus-yayinlari","10":"pa_yazar-orhan-veli-kanik","12":"first","13":"instock","14":"sale","15":"shipping-taxable","16":"purchasable","17":"product-type-simple"},"_links":{"self":[{"href":"https:\/\/roveyayinevi.com.tr\/index.php\/wp-json\/wp\/v2\/product\/730479","targetHints":{"allow":["GET"]}}],"collection":[{"href":"https:\/\/roveyayinevi.com.tr\/index.php\/wp-json\/wp\/v2\/product"}],"about":[{"href":"https:\/\/roveyayinevi.com.tr\/index.php\/wp-json\/wp\/v2\/types\/product"}],"wp:attachment":[{"href":"https:\/\/roveyayinevi.com.tr\/index.php\/wp-json\/wp\/v2\/media?parent=730479"}],"wp:term":[{"taxonomy":"product_brand","embeddable":true,"href":"https:\/\/roveyayinevi.com.tr\/index.php\/wp-json\/wp\/v2\/product_brand?post=730479"},{"taxonomy":"product_cat","embeddable":true,"href":"https:\/\/roveyayinevi.com.tr\/index.php\/wp-json\/wp\/v2\/product_cat?post=730479"},{"taxonomy":"product_tag","embeddable":true,"href":"https:\/\/roveyayinevi.com.tr\/index.php\/wp-json\/wp\/v2\/product_tag?post=730479"}],"curies":[{"name":"wp","href":"https:\/\/api.w.org\/{rel}","templated":true}]}}