{"id":730478,"date":"2025-08-27T21:15:22","date_gmt":"2025-08-27T18:15:22","guid":{"rendered":"https:\/\/roveyayinevi.com.tr\/index.php\/urun\/kitap-yiyici\/"},"modified":"2026-04-16T02:38:30","modified_gmt":"2026-04-15T23:38:30","slug":"kitap-yiyici","status":"publish","type":"product","link":"https:\/\/roveyayinevi.com.tr\/index.php\/urun\/kitap-yiyici\/","title":{"rendered":"Kitap Yiyici"},"content":{"rendered":"<p>Lily\u2019nin anaokuluna esrarengiz bir misafir girdi. I\u0307lk \u00f6nce bunun bir fare oldug\u0306unu d\u00fcs\u0327\u00fcnd\u00fcler \u00e7\u00fcnk\u00fc kitaplarda peynirdeki gibi delikler a\u00e7\u0131lm\u0131s\u0327t\u0131. Sonra bunun bir es\u0327ek oldug\u0306unu d\u00fcs\u0327\u00fcnd\u00fcler \u00e7\u00fcnk\u00fc sayfalar es\u0327ek kulaklar\u0131 gibi g\u00f6z\u00fck\u00fcyordu.Son olarak, bunun bir fil olmas\u0131 gerektig\u0306ine karar verdiler \u00e7\u00fcnk\u00fc b\u00fct\u00fcn kitaplar burus\u0327turulmus\u0327 ve ezilmis\u0327ti.\u00c7ocuklar \u00f6g\u0306len uykusuna yatm\u0131s\u0327ken Lily yar\u0131 a\u00e7\u0131k g\u00f6zleriyle etrafa g\u00f6z gezdirip d\u00fcs\u0327\u00fcnmeye bas\u0327lad\u0131 ve bu esrarengiz misafirin kim oldug\u0306unu bulmaya karar verdi. <\/p>\n","protected":false},"excerpt":{"rendered":"<p>Lily\u2019nin anaokuluna esrarengiz bir misafir girdi. I\u0307lk \u00f6nce bunun bir fare oldug\u0306unu d\u00fcs\u0327\u00fcnd\u00fcler \u00e7\u00fcnk\u00fc kitaplarda peynirdeki gibi delikler a\u00e7\u0131lm\u0131s\u0327t\u0131. Sonra bunun bir es\u0327ek oldug\u0306unu d\u00fcs\u0327\u00fcnd\u00fcler \u00e7\u00fcnk\u00fc<span class=\"excerpt-hellip\"> [\u2026]<\/span><\/p>\n","protected":false},"featured_media":0,"template":"","meta":{"_monsterinsights_skip_tracking":false,"_monsterinsights_sitenote_active":false,"_monsterinsights_sitenote_note":"","_monsterinsights_sitenote_category":0},"product_brand":[],"product_cat":[12913,12274],"product_tag":[],"class_list":{"0":"post-730478","1":"product","2":"type-product","3":"status-publish","5":"product_cat-3-6-yas-kitaplari","6":"product_cat-cocuk-ve-genclik-kitaplari","7":"pa_cilt-ciltsiz","8":"pa_tur-kitap","9":"pa_yayinevi-eksik-parca-yayinlari","10":"pa_yazar-milan-dekleva","12":"first","13":"instock","14":"sale","15":"shipping-taxable","16":"purchasable","17":"product-type-simple"},"_links":{"self":[{"href":"https:\/\/roveyayinevi.com.tr\/index.php\/wp-json\/wp\/v2\/product\/730478","targetHints":{"allow":["GET"]}}],"collection":[{"href":"https:\/\/roveyayinevi.com.tr\/index.php\/wp-json\/wp\/v2\/product"}],"about":[{"href":"https:\/\/roveyayinevi.com.tr\/index.php\/wp-json\/wp\/v2\/types\/product"}],"wp:attachment":[{"href":"https:\/\/roveyayinevi.com.tr\/index.php\/wp-json\/wp\/v2\/media?parent=730478"}],"wp:term":[{"taxonomy":"product_brand","embeddable":true,"href":"https:\/\/roveyayinevi.com.tr\/index.php\/wp-json\/wp\/v2\/product_brand?post=730478"},{"taxonomy":"product_cat","embeddable":true,"href":"https:\/\/roveyayinevi.com.tr\/index.php\/wp-json\/wp\/v2\/product_cat?post=730478"},{"taxonomy":"product_tag","embeddable":true,"href":"https:\/\/roveyayinevi.com.tr\/index.php\/wp-json\/wp\/v2\/product_tag?post=730478"}],"curies":[{"name":"wp","href":"https:\/\/api.w.org\/{rel}","templated":true}]}}