{"id":730477,"date":"2025-08-27T21:15:21","date_gmt":"2025-08-27T18:15:21","guid":{"rendered":"https:\/\/roveyayinevi.com.tr\/index.php\/urun\/yelkencinin-cep-kitabi\/"},"modified":"2026-01-22T03:03:48","modified_gmt":"2026-01-22T00:03:48","slug":"yelkencinin-cep-kitabi","status":"publish","type":"product","link":"https:\/\/roveyayinevi.com.tr\/index.php\/urun\/yelkencinin-cep-kitabi\/","title":{"rendered":"Yelkencinin Cep Kitab\u0131"},"content":{"rendered":"<p>Bu kitab\u0131n yay\u0131n haklar\u0131 Fernhurst Books Limited\u2019dan al\u0131nm\u0131\u015f ve \u00e7evirisi yap\u0131lm\u0131\u015ft\u0131r.   Yelkencinin Cep Kitab\u0131, yelkencili\u011fe yeni ba\u015flayan veya temel becerileri hat\u0131rlamak isteyen herkes i\u00e7in ideal ba\u015fvuru kitab\u0131d\u0131r. Tim Davison ge\u00e7mi\u015finde binlerce seyir mili kat etmi\u015f \u0130ngiltere ve Avrupa yelken \u015fampiyonudur. Kendi yat\u0131nda d\u00fczenli olarak yeni ekip \u00fcyelerini a\u011f\u0131rlayan son derece deneyimli bir kaptand\u0131r. Samimi ve cana yak\u0131n bir tarzda yaz\u0131lan kitapta okuyucunun hi\u00e7bir denizcilik bilgisi olmad\u0131\u011f\u0131 varsay\u0131l\u0131yor ve yelkencilik sanat\u0131n\u0131 a\u00e7\u0131klamak amac\u0131yla \u015femalar ile foto\u011fraflardan yararlan\u0131l\u0131yor. Kitapta, ekibe kat\u0131ld\u0131\u011f\u0131n\u0131zda de\u011ferli katk\u0131lar sa\u011flamak i\u00e7in bilmeniz gereken her \u015feye y\u00f6nelik \u00f6neriler yer al\u0131yor. G\u00fcvenlikle ilgili \u00f6nemli tavsiyeler ve \u00e7ok say\u0131da kullan\u0131\u015fl\u0131 ipucunu ke\u015ffedip, tekne tuvaletinin dahi nas\u0131l kullan\u0131ld\u0131\u011f\u0131n\u0131 \u00f6\u011freneceksiniz. Bu kitap, daha deneyimli ki\u015filer i\u00e7in i\u00e7erdi\u011fi gemici ba\u011flar\u0131, manevralar ve yelken trimiyle ilgili \u00f6nerilerle pratik bir hat\u0131rlatma niteli\u011fi ta\u015f\u0131yor. Ayr\u0131ca ba\u015flang\u0131\u00e7 yelkencilik becerilerini kazanman\u0131za yard\u0131mc\u0131 olacak ipu\u00e7lar\u0131 ve teknikler de i\u00e7eriyor. Yelkencinin Cep Kitab\u0131, size yelkencili\u011fe ba\u015flaman\u0131z, g\u00fcvende olman\u0131z, e\u011flenmeniz\u2026 ve sonraki seyirlere de \u00e7a\u011fr\u0131lman\u0131z i\u00e7in temel bilgileri sa\u011fl\u0131yor. <\/p>\n","protected":false},"excerpt":{"rendered":"<p>Bu kitab\u0131n yay\u0131n haklar\u0131 Fernhurst Books Limited\u2019dan al\u0131nm\u0131\u015f ve \u00e7evirisi yap\u0131lm\u0131\u015ft\u0131r. Yelkencinin Cep Kitab\u0131, yelkencili\u011fe yeni ba\u015flayan veya temel becerileri hat\u0131rlamak isteyen herkes i\u00e7in ideal ba\u015fvuru<span class=\"excerpt-hellip\"> [\u2026]<\/span><\/p>\n","protected":false},"featured_media":0,"template":"","meta":{"_monsterinsights_skip_tracking":false,"_monsterinsights_sitenote_active":false,"_monsterinsights_sitenote_note":"","_monsterinsights_sitenote_category":0},"product_brand":[],"product_cat":[27746,15563],"product_tag":[],"class_list":{"0":"post-730477","1":"product","2":"type-product","3":"status-publish","5":"product_cat-denizcilik","6":"product_cat-hobi","7":"pa_cilt-ciltsiz","8":"pa_tur-kitap","9":"pa_yayinevi-amator-denizcilik-federasyonu","10":"pa_yazar-tim-davison","12":"first","13":"instock","14":"sale","15":"shipping-taxable","16":"purchasable","17":"product-type-simple"},"_links":{"self":[{"href":"https:\/\/roveyayinevi.com.tr\/index.php\/wp-json\/wp\/v2\/product\/730477","targetHints":{"allow":["GET"]}}],"collection":[{"href":"https:\/\/roveyayinevi.com.tr\/index.php\/wp-json\/wp\/v2\/product"}],"about":[{"href":"https:\/\/roveyayinevi.com.tr\/index.php\/wp-json\/wp\/v2\/types\/product"}],"wp:attachment":[{"href":"https:\/\/roveyayinevi.com.tr\/index.php\/wp-json\/wp\/v2\/media?parent=730477"}],"wp:term":[{"taxonomy":"product_brand","embeddable":true,"href":"https:\/\/roveyayinevi.com.tr\/index.php\/wp-json\/wp\/v2\/product_brand?post=730477"},{"taxonomy":"product_cat","embeddable":true,"href":"https:\/\/roveyayinevi.com.tr\/index.php\/wp-json\/wp\/v2\/product_cat?post=730477"},{"taxonomy":"product_tag","embeddable":true,"href":"https:\/\/roveyayinevi.com.tr\/index.php\/wp-json\/wp\/v2\/product_tag?post=730477"}],"curies":[{"name":"wp","href":"https:\/\/api.w.org\/{rel}","templated":true}]}}