{"id":730474,"date":"2025-08-27T21:15:17","date_gmt":"2025-08-27T18:15:17","guid":{"rendered":"https:\/\/roveyayinevi.com.tr\/index.php\/urun\/tuhaf-duygular-tuhaf-diyaloglar\/"},"modified":"2026-04-16T02:38:30","modified_gmt":"2026-04-15T23:38:30","slug":"tuhaf-duygular-tuhaf-diyaloglar","status":"publish","type":"product","link":"https:\/\/roveyayinevi.com.tr\/index.php\/urun\/tuhaf-duygular-tuhaf-diyaloglar\/","title":{"rendered":"Tuhaf Duygular Tuhaf Diyaloglar"},"content":{"rendered":"<p>\u201c\u00d6nce kendinden kurtulacaks\u0131n. Ba\u015flad\u0131\u011f\u0131n noktaya d\u00f6nmek istemiyorsan kendi y\u00f6r\u00fcngenden \u00e7\u0131k\u0131p bo\u015flukta kaybolmay\u0131 g\u00f6ze alacaks\u0131n. Cesur olacaks\u0131n. Ba\u015fka yolu yok.\u201d   \u201cHayatta her \u015feyin bir matemati\u011fi var. Hatta bir \u015fiire konu olan her \u015fey, birtak\u0131m n\u00f6tron, elektron ve protonlardan olu\u015fur. Hayat\u0131, varl\u0131\u011f\u0131 ve dolay\u0131s\u0131yla da \u015fiiri zenginle\u015ftiren \u015fey de, b\u00fct\u00fcn bu atom ve atomalt\u0131 par\u00e7ac\u0131klar\u0131n kendi aralar\u0131nda kurdu\u011fu sonsuz, matematiksel kombinasyondur. Bu, ayn\u0131 zamanda ger\u00e7ek sonsuzlu\u011fun da sebebidir. Hi\u00e7bir \u015fey yok olmay\u0131p, ba\u015fka bir \u015feye d\u00f6n\u00fc\u015f\u00fcrken, \u015fiir bu kozmik hareketin r\u00fczgar\u0131ndan ilham al\u0131r. Bu harekete bir anlam arar.\u201d   Ebru Ceylan, bir dedektif gibi insanlar\u0131 g\u00f6zleyerek bir araya getirdi\u011fi, herkesin zaman zaman hissetti\u011fi tuhaf duygular ile kar\u015f\u0131s\u0131ndakiyle ya\u015fayabilece\u011fi tuhaf diyaloglar\u0131 okurla bulu\u015fturuyor. <\/p>\n","protected":false},"excerpt":{"rendered":"<p>\u201c\u00d6nce kendinden kurtulacaks\u0131n. Ba\u015flad\u0131\u011f\u0131n noktaya d\u00f6nmek istemiyorsan kendi y\u00f6r\u00fcngenden \u00e7\u0131k\u0131p bo\u015flukta kaybolmay\u0131 g\u00f6ze alacaks\u0131n. Cesur olacaks\u0131n. Ba\u015fka yolu yok.\u201d \u201cHayatta her \u015feyin bir matemati\u011fi var. Hatta<span class=\"excerpt-hellip\"> [\u2026]<\/span><\/p>\n","protected":false},"featured_media":0,"template":"","meta":{"_monsterinsights_skip_tracking":false,"_monsterinsights_sitenote_active":false,"_monsterinsights_sitenote_note":"","_monsterinsights_sitenote_category":0},"product_brand":[],"product_cat":[12777,12291],"product_tag":[],"class_list":{"0":"post-730474","1":"product","2":"type-product","3":"status-publish","5":"product_cat-deneme","6":"product_cat-edebiyat","7":"pa_cilt-ciltsiz","8":"pa_tur-kitap","9":"pa_yayinevi-dogan-kitap","10":"pa_yazar-ebru-ceylan","12":"first","13":"instock","14":"sale","15":"shipping-taxable","16":"purchasable","17":"product-type-simple"},"_links":{"self":[{"href":"https:\/\/roveyayinevi.com.tr\/index.php\/wp-json\/wp\/v2\/product\/730474","targetHints":{"allow":["GET"]}}],"collection":[{"href":"https:\/\/roveyayinevi.com.tr\/index.php\/wp-json\/wp\/v2\/product"}],"about":[{"href":"https:\/\/roveyayinevi.com.tr\/index.php\/wp-json\/wp\/v2\/types\/product"}],"wp:attachment":[{"href":"https:\/\/roveyayinevi.com.tr\/index.php\/wp-json\/wp\/v2\/media?parent=730474"}],"wp:term":[{"taxonomy":"product_brand","embeddable":true,"href":"https:\/\/roveyayinevi.com.tr\/index.php\/wp-json\/wp\/v2\/product_brand?post=730474"},{"taxonomy":"product_cat","embeddable":true,"href":"https:\/\/roveyayinevi.com.tr\/index.php\/wp-json\/wp\/v2\/product_cat?post=730474"},{"taxonomy":"product_tag","embeddable":true,"href":"https:\/\/roveyayinevi.com.tr\/index.php\/wp-json\/wp\/v2\/product_tag?post=730474"}],"curies":[{"name":"wp","href":"https:\/\/api.w.org\/{rel}","templated":true}]}}