{"id":730473,"date":"2025-08-27T21:15:16","date_gmt":"2025-08-27T18:15:16","guid":{"rendered":"https:\/\/roveyayinevi.com.tr\/index.php\/urun\/bilim-maceralari\/"},"modified":"2026-04-16T02:38:30","modified_gmt":"2026-04-15T23:38:30","slug":"bilim-maceralari","status":"publish","type":"product","link":"https:\/\/roveyayinevi.com.tr\/index.php\/urun\/bilim-maceralari\/","title":{"rendered":"Bilim Maceralar\u0131"},"content":{"rendered":"<p>Kemerini ba\u011fla, g\u00fcc\u00fcn\u00fc topla ve bilimin heyecan verici d\u00fcnyas\u0131n\u0131 ke\u015ffetmeye haz\u0131rlan! \u0130nteraktif bir dokunu\u015fla haz\u0131rlanan bu kitap, faaliyetlerle zenginle\u015ftirilen d\u00f6rt s\u00fcr\u00fckleyici maceradan olu\u015fuyor. D\u00fcnyay\u0131 kurtarmak i\u00e7in zamana kar\u015f\u0131 yar\u0131\u015farak bir dizi problemi \u00e7\u00f6zmen gerekiyor. Gizemli \u00f6yk\u00fcleri oku, ilgin\u00e7 kimya, biyoloji ve fizik problemlerini \u00e7\u00f6z, bilimsel becerilerini test et! Bu kitapta 5., 6., 7. ve 8. s\u0131n\u0131f m\u00fcfredatlar\u0131ndaki a\u015fa\u011f\u0131daki \u00fcniteler ele al\u0131n\u0131r. 8. SINIF: Basit Makineler \/ Elektrik Y\u00fckleri ve Elektrik Enerjisi \/ Madde ve End\u00fcstri \/ Bas\u0131n\u00e7 7. SINIF: Kuvvet ve Enerji \/ Saf Madde ve Kar\u0131\u015f\u0131mlar \/ Elektrik Devreleri 6. SINIF: V\u00fccudumuzdaki Sistemler \/ Madde ve Is\u0131 \/ Elektri\u011fin \u0130letimi \/ G\u00fcne\u015f Sistemi ve Tutulmalar 5. SINIF: Kuvvetin \u00d6l\u00e7\u00fclmesi Ve S\u00fcrt\u00fcnme \/ Madde ve De\u011fi\u015fim \/ Elektrik Devre Elemanlar\u0131 <\/p>\n","protected":false},"excerpt":{"rendered":"<p>Kemerini ba\u011fla, g\u00fcc\u00fcn\u00fc topla ve bilimin heyecan verici d\u00fcnyas\u0131n\u0131 ke\u015ffetmeye haz\u0131rlan! \u0130nteraktif bir dokunu\u015fla haz\u0131rlanan bu kitap, faaliyetlerle zenginle\u015ftirilen d\u00f6rt s\u00fcr\u00fckleyici maceradan olu\u015fuyor. D\u00fcnyay\u0131 kurtarmak i\u00e7in<span class=\"excerpt-hellip\"> [\u2026]<\/span><\/p>\n","protected":false},"featured_media":0,"template":"","meta":{"_monsterinsights_skip_tracking":false,"_monsterinsights_sitenote_active":false,"_monsterinsights_sitenote_note":"","_monsterinsights_sitenote_category":0},"product_brand":[],"product_cat":[12274,15842],"product_tag":[],"class_list":{"0":"post-730473","1":"product","2":"type-product","3":"status-publish","5":"product_cat-cocuk-ve-genclik-kitaplari","6":"product_cat-egitici-kitaplar","7":"pa_cilt-ciltsiz","8":"pa_tur-kitap","9":"pa_yayinevi-dogan-egmont-yayincilik","10":"pa_yazar-alex-woolf","12":"first","13":"instock","14":"sale","15":"shipping-taxable","16":"purchasable","17":"product-type-simple"},"_links":{"self":[{"href":"https:\/\/roveyayinevi.com.tr\/index.php\/wp-json\/wp\/v2\/product\/730473","targetHints":{"allow":["GET"]}}],"collection":[{"href":"https:\/\/roveyayinevi.com.tr\/index.php\/wp-json\/wp\/v2\/product"}],"about":[{"href":"https:\/\/roveyayinevi.com.tr\/index.php\/wp-json\/wp\/v2\/types\/product"}],"wp:attachment":[{"href":"https:\/\/roveyayinevi.com.tr\/index.php\/wp-json\/wp\/v2\/media?parent=730473"}],"wp:term":[{"taxonomy":"product_brand","embeddable":true,"href":"https:\/\/roveyayinevi.com.tr\/index.php\/wp-json\/wp\/v2\/product_brand?post=730473"},{"taxonomy":"product_cat","embeddable":true,"href":"https:\/\/roveyayinevi.com.tr\/index.php\/wp-json\/wp\/v2\/product_cat?post=730473"},{"taxonomy":"product_tag","embeddable":true,"href":"https:\/\/roveyayinevi.com.tr\/index.php\/wp-json\/wp\/v2\/product_tag?post=730473"}],"curies":[{"name":"wp","href":"https:\/\/api.w.org\/{rel}","templated":true}]}}