{"id":730472,"date":"2025-08-27T21:15:15","date_gmt":"2025-08-27T18:15:15","guid":{"rendered":"https:\/\/roveyayinevi.com.tr\/index.php\/urun\/kaju-adasi-kardesligi\/"},"modified":"2026-04-16T02:38:30","modified_gmt":"2026-04-15T23:38:30","slug":"kaju-adasi-kardesligi","status":"publish","type":"product","link":"https:\/\/roveyayinevi.com.tr\/index.php\/urun\/kaju-adasi-kardesligi\/","title":{"rendered":"Kaju Adas\u0131 Karde\u015fli\u011fi"},"content":{"rendered":"<p>Okyanusun ortas\u0131ndaki gizemli ada Kaju\u2019da ilgin\u00e7 olaylar ya\u015fan\u0131r. O ola\u011fan\u00fcst\u00fc gecede herkes on y\u0131l ya\u015flan\u0131r, \u00e7ocuklar b\u00fcy\u00fcrler. Zalim h\u00fck\u00fcmdar Olimba\u2019ya g\u00f6re Karita, Netya ve di\u011fer \u00e7ocuklar yeni sava\u015f makineleridir art\u0131k. Ancak onlar h\u00fck\u00fcmdarla ayn\u0131 g\u00f6r\u00fc\u015f\u00fc payla\u015fmazlar ve i\u015fler kar\u0131\u015fmaya ba\u015flar. Gizli Kabin \u00fcyeleri, bar\u0131\u015f ve \u00f6zg\u00fcrl\u00fckleri i\u00e7in heyecanl\u0131, engellerle dolu bir maceraya giri\u015firler. Bu m\u00fccadelede sahip olduklar\u0131 tek \u015fey \u00f6zg\u00fcrl\u00fc\u011fe olan inan\u00e7lar\u0131 ve cesaretleridir. Bir tarafta Lider Olimba ve B\u00fcy\u00fcc\u00fc Bayku\u015f, di\u011fer tarafta Kaju Adas\u0131 Karde\u015fli\u011fi\u2026 Bakal\u0131m zafer kimin kap\u0131s\u0131n\u0131 \u00e7alacak? <\/p>\n","protected":false},"excerpt":{"rendered":"<p>Okyanusun ortas\u0131ndaki gizemli ada Kaju\u2019da ilgin\u00e7 olaylar ya\u015fan\u0131r. O ola\u011fan\u00fcst\u00fc gecede herkes on y\u0131l ya\u015flan\u0131r, \u00e7ocuklar b\u00fcy\u00fcrler. Zalim h\u00fck\u00fcmdar Olimba\u2019ya g\u00f6re Karita, Netya ve di\u011fer \u00e7ocuklar<span class=\"excerpt-hellip\"> [\u2026]<\/span><\/p>\n","protected":false},"featured_media":0,"template":"","meta":{"_monsterinsights_skip_tracking":false,"_monsterinsights_sitenote_active":false,"_monsterinsights_sitenote_note":"","_monsterinsights_sitenote_category":0},"product_brand":[],"product_cat":[12275,12274],"product_tag":[],"class_list":{"0":"post-730472","1":"product","2":"type-product","3":"status-publish","5":"product_cat-6-12-yas-kitaplari","6":"product_cat-cocuk-ve-genclik-kitaplari","7":"pa_cilt-ciltsiz","8":"pa_tur-kitap","9":"pa_yayinevi-elma-cocuk","10":"pa_yazar-mehmet-erkan","12":"first","13":"instock","14":"sale","15":"shipping-taxable","16":"purchasable","17":"product-type-simple"},"_links":{"self":[{"href":"https:\/\/roveyayinevi.com.tr\/index.php\/wp-json\/wp\/v2\/product\/730472","targetHints":{"allow":["GET"]}}],"collection":[{"href":"https:\/\/roveyayinevi.com.tr\/index.php\/wp-json\/wp\/v2\/product"}],"about":[{"href":"https:\/\/roveyayinevi.com.tr\/index.php\/wp-json\/wp\/v2\/types\/product"}],"wp:attachment":[{"href":"https:\/\/roveyayinevi.com.tr\/index.php\/wp-json\/wp\/v2\/media?parent=730472"}],"wp:term":[{"taxonomy":"product_brand","embeddable":true,"href":"https:\/\/roveyayinevi.com.tr\/index.php\/wp-json\/wp\/v2\/product_brand?post=730472"},{"taxonomy":"product_cat","embeddable":true,"href":"https:\/\/roveyayinevi.com.tr\/index.php\/wp-json\/wp\/v2\/product_cat?post=730472"},{"taxonomy":"product_tag","embeddable":true,"href":"https:\/\/roveyayinevi.com.tr\/index.php\/wp-json\/wp\/v2\/product_tag?post=730472"}],"curies":[{"name":"wp","href":"https:\/\/api.w.org\/{rel}","templated":true}]}}