{"id":730463,"date":"2025-08-27T21:15:05","date_gmt":"2025-08-27T18:15:05","guid":{"rendered":"https:\/\/roveyayinevi.com.tr\/index.php\/urun\/isli-cocuklar-maya\/"},"modified":"2026-04-16T02:38:30","modified_gmt":"2026-04-15T23:38:30","slug":"isli-cocuklar-maya","status":"publish","type":"product","link":"https:\/\/roveyayinevi.com.tr\/index.php\/urun\/isli-cocuklar-maya\/","title":{"rendered":"\u0130sli \u00c7ocuklar: Maya"},"content":{"rendered":"<p>Ye\u015fim Aslan, \u0130sli \u00c7ocuklar\u2019da k\u0131yamet sonras\u0131 hayatta kalm\u0131\u015f insanlar\u0131n suyla, toprakla ve havayla kurduklar\u0131 etkile\u015fim sonucu birbirlerinden ayr\u0131\u015fmas\u0131n\u0131 ve aralar\u0131ndaki ezel\u00ee-ebed\u00ee sava\u015f\u0131  kimi zaman fantastik, kimi zaman distopik \u00f6\u011feler kullanarak anlat\u0131yor.   Maya\u2019n\u0131n d\u00fcnyay\u0131 yeniden ya\u015fan\u0131labilir k\u0131lan g\u00fcc\u00fc, Dual\u0131k adl\u0131 b\u00fcy\u00fcc\u00fc okulunun ulusu \u015eah Bilge\u2019nin elindedir fakat t\u0131ls\u0131m s\u00f6ner ve k\u0131tl\u0131k ba\u015f g\u00f6sterir. Do\u011fu \u0130mparatorlu\u011fu\u2019nun koruyucusu Dual\u0131k ve \u015eah Bilge\u2019ye olan g\u00fcven sars\u0131l\u0131r, yerine karde\u015fi Deli Bak\u0131r\u2019\u0131n ge\u00e7mesi beklenir. Ta ki \u015eah Bilge gen\u00e7 bir k\u0131z\u0131 i\u015faret edene kadar\u2026 Eski d\u00fc\u015fmanl\u0131klar, katliamlar, ihanetler\u2026 \u0130nsan\u0131n kadim zamanlardan bu yana do\u011fay\u0131 tarumar edi\u015fi ve bitmez t\u00fckenmez, arzu dolu iktidar h\u0131rs\u0131\u2026   \u0130sli \u00c7ocuklar, i\u00e7indeki g\u00fcce inanan bir gen\u00e7 kad\u0131n\u0131n, d\u00fczenini do\u011fan\u0131n saatine g\u00f6re ayarlayan, y\u00fcr\u00fcd\u00fc\u011f\u00fc yoldan \u015fartlar ne olursa olsun d\u00f6nmeyen Nazar\u2019\u0131n hik\u00e2yesi. <\/p>\n","protected":false},"excerpt":{"rendered":"<p>Ye\u015fim Aslan, \u0130sli \u00c7ocuklar\u2019da k\u0131yamet sonras\u0131 hayatta kalm\u0131\u015f insanlar\u0131n suyla, toprakla ve havayla kurduklar\u0131 etkile\u015fim sonucu birbirlerinden ayr\u0131\u015fmas\u0131n\u0131 ve aralar\u0131ndaki ezel\u00ee-ebed\u00ee sava\u015f\u0131 kimi zaman fantastik, kimi<span class=\"excerpt-hellip\"> [\u2026]<\/span><\/p>\n","protected":false},"featured_media":0,"template":"","meta":{"_monsterinsights_skip_tracking":false,"_monsterinsights_sitenote_active":false,"_monsterinsights_sitenote_note":"","_monsterinsights_sitenote_category":0},"product_brand":[],"product_cat":[12291,14777],"product_tag":[],"class_list":{"0":"post-730463","1":"product","2":"type-product","3":"status-publish","5":"product_cat-edebiyat","6":"product_cat-fantastik","7":"pa_cilt-ciltsiz","8":"pa_tur-kitap","9":"pa_yayinevi-mundi","10":"pa_yazar-yesim-aslan","12":"first","13":"instock","14":"sale","15":"shipping-taxable","16":"purchasable","17":"product-type-simple"},"_links":{"self":[{"href":"https:\/\/roveyayinevi.com.tr\/index.php\/wp-json\/wp\/v2\/product\/730463","targetHints":{"allow":["GET"]}}],"collection":[{"href":"https:\/\/roveyayinevi.com.tr\/index.php\/wp-json\/wp\/v2\/product"}],"about":[{"href":"https:\/\/roveyayinevi.com.tr\/index.php\/wp-json\/wp\/v2\/types\/product"}],"wp:attachment":[{"href":"https:\/\/roveyayinevi.com.tr\/index.php\/wp-json\/wp\/v2\/media?parent=730463"}],"wp:term":[{"taxonomy":"product_brand","embeddable":true,"href":"https:\/\/roveyayinevi.com.tr\/index.php\/wp-json\/wp\/v2\/product_brand?post=730463"},{"taxonomy":"product_cat","embeddable":true,"href":"https:\/\/roveyayinevi.com.tr\/index.php\/wp-json\/wp\/v2\/product_cat?post=730463"},{"taxonomy":"product_tag","embeddable":true,"href":"https:\/\/roveyayinevi.com.tr\/index.php\/wp-json\/wp\/v2\/product_tag?post=730463"}],"curies":[{"name":"wp","href":"https:\/\/api.w.org\/{rel}","templated":true}]}}