{"id":730462,"date":"2025-08-27T21:15:04","date_gmt":"2025-08-27T18:15:04","guid":{"rendered":"https:\/\/roveyayinevi.com.tr\/index.php\/urun\/yanlis-kardan-adami-kim-yapti\/"},"modified":"2025-10-30T13:34:13","modified_gmt":"2025-10-30T10:34:13","slug":"yanlis-kardan-adami-kim-yapti","status":"publish","type":"product","link":"https:\/\/roveyayinevi.com.tr\/index.php\/urun\/yanlis-kardan-adami-kim-yapti\/","title":{"rendered":"Yanl\u0131\u015f Kardan Adam\u0131 Kim Yapt\u0131?"},"content":{"rendered":"<p>Ger\u00e7ek bir kardan adam nas\u0131l g\u00f6r\u00fcn\u00fcr? Tav\u015fan Nuli ve Kurba\u011fa Pirizut\u2019un Bu konudaki fikirleri birbirinden tamamen farkl\u0131. Sizce acaba hangisi hakl\u0131? Var m\u0131s\u0131n\u0131z, Nuli ve Pirizut\u2019un sevgi dolu hik\u00e2yesinde bu sorunun cevab\u0131n\u0131 bulmaya? <\/p>\n","protected":false},"excerpt":{"rendered":"<p>Ger\u00e7ek bir kardan adam nas\u0131l g\u00f6r\u00fcn\u00fcr? Tav\u015fan Nuli ve Kurba\u011fa Pirizut\u2019un Bu konudaki fikirleri birbirinden tamamen farkl\u0131. Sizce acaba hangisi hakl\u0131? Var m\u0131s\u0131n\u0131z, Nuli ve Pirizut\u2019un<span class=\"excerpt-hellip\"> [\u2026]<\/span><\/p>\n","protected":false},"featured_media":0,"template":"","meta":{"_monsterinsights_skip_tracking":false,"_monsterinsights_sitenote_active":false,"_monsterinsights_sitenote_note":"","_monsterinsights_sitenote_category":0},"product_brand":[],"product_cat":[12275,12274],"product_tag":[],"class_list":{"0":"post-730462","1":"product","2":"type-product","3":"status-publish","5":"product_cat-6-12-yas-kitaplari","6":"product_cat-cocuk-ve-genclik-kitaplari","7":"pa_cilt-ciltsiz","8":"pa_tur-kitap","9":"pa_yayinevi-nito-kitap","10":"pa_yazar-matthias-sodtke","12":"first","13":"instock","14":"sale","15":"shipping-taxable","16":"purchasable","17":"product-type-simple"},"_links":{"self":[{"href":"https:\/\/roveyayinevi.com.tr\/index.php\/wp-json\/wp\/v2\/product\/730462","targetHints":{"allow":["GET"]}}],"collection":[{"href":"https:\/\/roveyayinevi.com.tr\/index.php\/wp-json\/wp\/v2\/product"}],"about":[{"href":"https:\/\/roveyayinevi.com.tr\/index.php\/wp-json\/wp\/v2\/types\/product"}],"wp:attachment":[{"href":"https:\/\/roveyayinevi.com.tr\/index.php\/wp-json\/wp\/v2\/media?parent=730462"}],"wp:term":[{"taxonomy":"product_brand","embeddable":true,"href":"https:\/\/roveyayinevi.com.tr\/index.php\/wp-json\/wp\/v2\/product_brand?post=730462"},{"taxonomy":"product_cat","embeddable":true,"href":"https:\/\/roveyayinevi.com.tr\/index.php\/wp-json\/wp\/v2\/product_cat?post=730462"},{"taxonomy":"product_tag","embeddable":true,"href":"https:\/\/roveyayinevi.com.tr\/index.php\/wp-json\/wp\/v2\/product_tag?post=730462"}],"curies":[{"name":"wp","href":"https:\/\/api.w.org\/{rel}","templated":true}]}}