{"id":730460,"date":"2025-08-27T21:15:02","date_gmt":"2025-08-27T18:15:02","guid":{"rendered":"https:\/\/roveyayinevi.com.tr\/index.php\/urun\/bir-zanaatla-beklenmedik-karsilasma-ciltli\/"},"modified":"2026-04-16T02:38:30","modified_gmt":"2026-04-15T23:38:30","slug":"bir-zanaatla-beklenmedik-karsilasma-ciltli","status":"publish","type":"product","link":"https:\/\/roveyayinevi.com.tr\/index.php\/urun\/bir-zanaatla-beklenmedik-karsilasma-ciltli\/","title":{"rendered":"Bir Zanaatla Beklenmedik Kar\u015f\u0131la\u015fma (Ciltli)"},"content":{"rendered":"<p>Stefan Zweig, bu kez g\u00fcndelik ya\u015fam\u0131n i\u00e7inde yatan gizil bilgeli\u011fi ke\u015ffe \u00e7a\u011f\u0131r\u0131yor okurunu. Kahraman\u0131m\u0131z, duydu\u011fu ta\u015fk\u0131n merakla Paris\u2019in nehir gibi akan kalabal\u0131\u011f\u0131na kar\u0131\u015ft\u0131\u011f\u0131nda kentin ona nas\u0131l s\u00fcrprizlerle yan\u0131t verece\u011finden habersiz g\u00f6r\u00fcn\u00fcyor. Sherlock Holmes bak\u0131\u015f\u0131yla insan portrelerini \u00e7\u0131kar\u0131rken birden g\u00f6zleyen ile g\u00f6zlenenin, av ile avc\u0131n\u0131n, \u00f6\u011freten ile \u00f6\u011frenenin yer de\u011fi\u015ftirdi\u011fi ba\u015f d\u00f6nd\u00fcr\u00fcc\u00fc bir \u00e7alkant\u0131 i\u00e7inde buluyor kendini. Ya da tam tersi, bu kez Viyana Prater\u2019de, dura\u011fan ve s\u00fcsl\u00fc ya\u015fam\u0131ndan g\u00fcndelik ya\u015fam\u0131n s\u0131radanl\u0131\u011f\u0131na ka\u00e7an bir kahramanda \u00f6zg\u00fcr a\u015fk\u0131, toplumun kayg\u0131s\u0131z do\u011fas\u0131n\u0131 hat\u0131rlay\u0131\u015f\u0131 okuyoruz. Bir Zanaatla Beklenmedik Kar\u015f\u0131la\u015fma ve Prater\u2019de \u0130lkbahar, Zweig\u2019\u0131n en k\u00fc\u00e7\u00fck ili\u015fkilerin i\u00e7ine n\u00fcfuz eden, en s\u0131radan\u0131n i\u00e7indeki zenginli\u011fi g\u00f6ren g\u00f6zlem yetene\u011fine \u00e7arp\u0131c\u0131 iki \u00f6rnek. <\/p>\n","protected":false},"excerpt":{"rendered":"<p>Stefan Zweig, bu kez g\u00fcndelik ya\u015fam\u0131n i\u00e7inde yatan gizil bilgeli\u011fi ke\u015ffe \u00e7a\u011f\u0131r\u0131yor okurunu. Kahraman\u0131m\u0131z, duydu\u011fu ta\u015fk\u0131n merakla Paris\u2019in nehir gibi akan kalabal\u0131\u011f\u0131na kar\u0131\u015ft\u0131\u011f\u0131nda kentin ona nas\u0131l<span class=\"excerpt-hellip\"> [\u2026]<\/span><\/p>\n","protected":false},"featured_media":0,"template":"","meta":{"_monsterinsights_skip_tracking":false,"_monsterinsights_sitenote_active":false,"_monsterinsights_sitenote_note":"","_monsterinsights_sitenote_category":0},"product_brand":[],"product_cat":[12291,26797],"product_tag":[],"class_list":{"0":"post-730460","1":"product","2":"type-product","3":"status-publish","5":"product_cat-edebiyat","6":"product_cat-modern-klasikler","7":"pa_cilt-ciltli","8":"pa_tur-kitap","9":"pa_yayinevi-is-bankasi-kultur-yayinlari","10":"pa_yazar-stefan-zweig","12":"first","13":"instock","14":"sale","15":"shipping-taxable","16":"purchasable","17":"product-type-simple"},"_links":{"self":[{"href":"https:\/\/roveyayinevi.com.tr\/index.php\/wp-json\/wp\/v2\/product\/730460","targetHints":{"allow":["GET"]}}],"collection":[{"href":"https:\/\/roveyayinevi.com.tr\/index.php\/wp-json\/wp\/v2\/product"}],"about":[{"href":"https:\/\/roveyayinevi.com.tr\/index.php\/wp-json\/wp\/v2\/types\/product"}],"wp:attachment":[{"href":"https:\/\/roveyayinevi.com.tr\/index.php\/wp-json\/wp\/v2\/media?parent=730460"}],"wp:term":[{"taxonomy":"product_brand","embeddable":true,"href":"https:\/\/roveyayinevi.com.tr\/index.php\/wp-json\/wp\/v2\/product_brand?post=730460"},{"taxonomy":"product_cat","embeddable":true,"href":"https:\/\/roveyayinevi.com.tr\/index.php\/wp-json\/wp\/v2\/product_cat?post=730460"},{"taxonomy":"product_tag","embeddable":true,"href":"https:\/\/roveyayinevi.com.tr\/index.php\/wp-json\/wp\/v2\/product_tag?post=730460"}],"curies":[{"name":"wp","href":"https:\/\/api.w.org\/{rel}","templated":true}]}}