{"id":730459,"date":"2025-08-27T21:15:01","date_gmt":"2025-08-27T18:15:01","guid":{"rendered":"https:\/\/roveyayinevi.com.tr\/index.php\/urun\/kara-kesis-ciltli\/"},"modified":"2026-04-16T02:38:30","modified_gmt":"2026-04-15T23:38:30","slug":"kara-kesis-ciltli","status":"publish","type":"product","link":"https:\/\/roveyayinevi.com.tr\/index.php\/urun\/kara-kesis-ciltli\/","title":{"rendered":"Kara Ke\u015fi\u015f (Ciltli)"},"content":{"rendered":"<p>\u00c7ehov\u2019un 1894\u2019te Artist dergisinde yay\u0131mlanan son felsefi \u00f6yk\u00fcs\u00fc Kara Ke\u015fi\u015f, Lev Tolstoy\u2019un da \u00f6vg\u00fcs\u00fcn\u00fc kazanan en \u00f6nemli eserlerinden biridir. \u00d6yk\u00fc, g\u00f6rkemlilik kuruntusuna kap\u0131lan vasat biliminsan\u0131 Kovrin\u2019le ilgilidir. Bu gen\u00e7 adam kendisinin bir d\u00e2hi, Tanr\u0131\u2019n\u0131n se\u00e7ilmi\u015f kullar\u0131ndan biri oldu\u011funa inanmaktad\u0131r. Yazar bu \u00f6yk\u00fcs\u00fcnde delilik ile d\u00e2hilik aras\u0131ndaki olas\u0131 ili\u015fkiye dikkat \u00e7eker. \u00c7ehov 1890\u2019l\u0131 y\u0131llar\u0131n ba\u015f\u0131nda, r\u00fcyas\u0131nda tarlalar\u0131n \u00fczerinde u\u00e7an u\u011fursuz bir kara ke\u015fi\u015f g\u00f6rm\u00fc\u015f, uyand\u0131\u011f\u0131nda onun hakk\u0131nda yazmaya karar vermi\u015fti. Ortaya \u00e7\u0131kan \u00f6yk\u00fc, kimi zaman entelekt\u00fcellere y\u00f6nelik bir hiciv, kimi zaman da \u00c7ehov\u2019un kendi korkular\u0131n\u0131n alegorisi olarak de\u011ferlendirildi. \u00d6yk\u00fcy\u00fc mistisizmle ili\u015fkilendirenler de oldu. Oysa yazar, yay\u0131nc\u0131 dostu Aleksey Suvorin\u2019e yazd\u0131\u011f\u0131 mektupta, melankoliye kap\u0131lmadan, \u201cso\u011fukkanl\u0131 bir tefekk\u00fcr i\u00e7inde\u201d yazd\u0131\u011f\u0131 Kara Ke\u015fi\u015f i\u00e7in \u201ct\u0131bbi bir \u00f6yk\u00fc\u201d demi\u015fti. \u00c7ehov muhtemelen bir hekim olarak 19. y\u00fczy\u0131l\u0131n sonlar\u0131nda Rusya\u2019da bir\u00e7ok megalomani vakas\u0131 g\u00f6rm\u00fc\u015f ve bu durumu \u00e7arp\u0131c\u0131 bir kurguya d\u00f6n\u00fc\u015ft\u00fcrm\u00fc\u015ft\u00fc. <\/p>\n","protected":false},"excerpt":{"rendered":"<p>\u00c7ehov\u2019un 1894\u2019te Artist dergisinde yay\u0131mlanan son felsefi \u00f6yk\u00fcs\u00fc Kara Ke\u015fi\u015f, Lev Tolstoy\u2019un da \u00f6vg\u00fcs\u00fcn\u00fc kazanan en \u00f6nemli eserlerinden biridir. \u00d6yk\u00fc, g\u00f6rkemlilik kuruntusuna kap\u0131lan vasat biliminsan\u0131 Kovrin\u2019le<span class=\"excerpt-hellip\"> [\u2026]<\/span><\/p>\n","protected":false},"featured_media":0,"template":"","meta":{"_monsterinsights_skip_tracking":false,"_monsterinsights_sitenote_active":false,"_monsterinsights_sitenote_note":"","_monsterinsights_sitenote_category":0},"product_brand":[],"product_cat":[12291,26797],"product_tag":[],"class_list":{"0":"post-730459","1":"product","2":"type-product","3":"status-publish","5":"product_cat-edebiyat","6":"product_cat-modern-klasikler","7":"pa_cilt-ciltli","8":"pa_tur-kitap","9":"pa_yayinevi-is-bankasi-kultur-yayinlari","10":"pa_yazar-anton-cehov","12":"first","13":"instock","14":"sale","15":"shipping-taxable","16":"purchasable","17":"product-type-simple"},"_links":{"self":[{"href":"https:\/\/roveyayinevi.com.tr\/index.php\/wp-json\/wp\/v2\/product\/730459","targetHints":{"allow":["GET"]}}],"collection":[{"href":"https:\/\/roveyayinevi.com.tr\/index.php\/wp-json\/wp\/v2\/product"}],"about":[{"href":"https:\/\/roveyayinevi.com.tr\/index.php\/wp-json\/wp\/v2\/types\/product"}],"wp:attachment":[{"href":"https:\/\/roveyayinevi.com.tr\/index.php\/wp-json\/wp\/v2\/media?parent=730459"}],"wp:term":[{"taxonomy":"product_brand","embeddable":true,"href":"https:\/\/roveyayinevi.com.tr\/index.php\/wp-json\/wp\/v2\/product_brand?post=730459"},{"taxonomy":"product_cat","embeddable":true,"href":"https:\/\/roveyayinevi.com.tr\/index.php\/wp-json\/wp\/v2\/product_cat?post=730459"},{"taxonomy":"product_tag","embeddable":true,"href":"https:\/\/roveyayinevi.com.tr\/index.php\/wp-json\/wp\/v2\/product_tag?post=730459"}],"curies":[{"name":"wp","href":"https:\/\/api.w.org\/{rel}","templated":true}]}}