{"id":730457,"date":"2025-08-27T21:14:59","date_gmt":"2025-08-27T18:14:59","guid":{"rendered":"https:\/\/roveyayinevi.com.tr\/index.php\/urun\/ceberut-martin-ciltli\/"},"modified":"2026-04-16T02:38:30","modified_gmt":"2026-04-15T23:38:30","slug":"ceberut-martin-ciltli","status":"publish","type":"product","link":"https:\/\/roveyayinevi.com.tr\/index.php\/urun\/ceberut-martin-ciltli\/","title":{"rendered":"Ceberut Martin (Ciltli)"},"content":{"rendered":"<p>Bir deniz kazas\u0131ndan kurtulan Britanya donanmas\u0131 mensubu Christopher Nobel Edebiyat \u00d6d\u00fcl\u00fc Hadley Martin, Atlantik okyanusunun ortas\u0131nda bir \u00f6l\u00fcm kal\u0131m m\u00fccadelesinin ard\u0131ndan yaln\u0131zca hava durumu haritalar\u0131nda g\u00f6r\u00fclen kayal\u0131k bir adac\u0131\u011fa \u00e7\u0131kar. Muazzam bir h\u0131rsla yiyecek ve temiz su bulmak, potansiyel kurtar\u0131c\u0131lar taraf\u0131ndan fark edilmek i\u00e7in zek\u00e2s\u0131na ve e\u011fitimine ba\u015fvurarak hayata tutunmaya \u00e7al\u0131\u015f\u0131rken ge\u00e7mi\u015fin an\u0131 ve g\u00f6r\u00fcnt\u00fcleri zihnine musallat olur. Adac\u0131\u011f\u0131n tek sakini olarak kendi kendine konu\u015farak ge\u00e7irdi\u011fi uzun saatlerden sonra korkun\u00e7 yazg\u0131s\u0131n\u0131 kavrayacakt\u0131r. Giderek ak\u0131l sa\u011fl\u0131\u011f\u0131n\u0131 yitirmeye ba\u015flamas\u0131yla g\u00f6rd\u00fc\u011f\u00fc hal\u00fcsinasyonlar onu bir varolu\u015f krizine s\u00fcr\u00fckler. Golding\u2019in kurdu\u011fu bu \u00e7ok katmanl\u0131 d\u00fcnyada yan\u0131lsamalar ve en \u00e7\u0131lg\u0131n hayaller bile ger\u00e7ek gibi g\u00f6r\u00fcn\u00fcr. Roman s\u00fcrekli yinelenen ak\u0131l sa\u011fl\u0131\u011f\u0131 ve delilik, ger\u00e7eklik ve ger\u00e7ekd\u0131\u015f\u0131l\u0131k temalar\u0131 e\u015fli\u011finde okuru insan zihninin gizli kovuklar\u0131nda gezindirir. Golding okuru b\u00fct\u00fcn hik\u00e2yeyi yeniden g\u00f6zden ge\u00e7irmeye zorlayan sars\u0131c\u0131 finalde \u201cteknik a\u00e7\u0131dan muazzam bir b\u00fcy\u00fcc\u00fcl\u00fck\u201d sergilemi\u015ftir. <\/p>\n","protected":false},"excerpt":{"rendered":"<p>Bir deniz kazas\u0131ndan kurtulan Britanya donanmas\u0131 mensubu Christopher Nobel Edebiyat \u00d6d\u00fcl\u00fc Hadley Martin, Atlantik okyanusunun ortas\u0131nda bir \u00f6l\u00fcm kal\u0131m m\u00fccadelesinin ard\u0131ndan yaln\u0131zca hava durumu haritalar\u0131nda g\u00f6r\u00fclen<span class=\"excerpt-hellip\"> [\u2026]<\/span><\/p>\n","protected":false},"featured_media":0,"template":"","meta":{"_monsterinsights_skip_tracking":false,"_monsterinsights_sitenote_active":false,"_monsterinsights_sitenote_note":"","_monsterinsights_sitenote_category":0},"product_brand":[],"product_cat":[12291,26797],"product_tag":[],"class_list":{"0":"post-730457","1":"product","2":"type-product","3":"status-publish","5":"product_cat-edebiyat","6":"product_cat-modern-klasikler","7":"pa_cilt-ciltsiz","8":"pa_tur-kitap","9":"pa_yayinevi-is-bankasi-kultur-yayinlari","10":"pa_yazar-william-golding","12":"first","13":"instock","14":"sale","15":"shipping-taxable","16":"purchasable","17":"product-type-simple"},"_links":{"self":[{"href":"https:\/\/roveyayinevi.com.tr\/index.php\/wp-json\/wp\/v2\/product\/730457","targetHints":{"allow":["GET"]}}],"collection":[{"href":"https:\/\/roveyayinevi.com.tr\/index.php\/wp-json\/wp\/v2\/product"}],"about":[{"href":"https:\/\/roveyayinevi.com.tr\/index.php\/wp-json\/wp\/v2\/types\/product"}],"wp:attachment":[{"href":"https:\/\/roveyayinevi.com.tr\/index.php\/wp-json\/wp\/v2\/media?parent=730457"}],"wp:term":[{"taxonomy":"product_brand","embeddable":true,"href":"https:\/\/roveyayinevi.com.tr\/index.php\/wp-json\/wp\/v2\/product_brand?post=730457"},{"taxonomy":"product_cat","embeddable":true,"href":"https:\/\/roveyayinevi.com.tr\/index.php\/wp-json\/wp\/v2\/product_cat?post=730457"},{"taxonomy":"product_tag","embeddable":true,"href":"https:\/\/roveyayinevi.com.tr\/index.php\/wp-json\/wp\/v2\/product_tag?post=730457"}],"curies":[{"name":"wp","href":"https:\/\/api.w.org\/{rel}","templated":true}]}}