{"id":730455,"date":"2025-08-27T21:14:57","date_gmt":"2025-08-27T18:14:57","guid":{"rendered":"https:\/\/roveyayinevi.com.tr\/index.php\/urun\/bogurtlen-kirmizisi\/"},"modified":"2026-04-05T02:45:55","modified_gmt":"2026-04-04T23:45:55","slug":"bogurtlen-kirmizisi","status":"publish","type":"product","link":"https:\/\/roveyayinevi.com.tr\/index.php\/urun\/bogurtlen-kirmizisi\/","title":{"rendered":"B\u00f6\u011f\u00fcrtlen K\u0131rm\u0131z\u0131s\u0131"},"content":{"rendered":"<p>Yeni Kurulan \u00c7ocuk Yay\u0131nevi \u201cSalamis\u201dten \u201cB\u00f6\u011f\u00fcrtlen K\u0131rm\u0131z\u0131s\u0131\u201d Kitab\u0131 \u00c7\u0131kt\u0131   D\u00fcnyadan \u00e7ocuk edebiyat\u0131n\u0131 tan\u0131tmak, \u00e7ocuk ve gen\u00e7lere hem i\u00e7erik hem de g\u00f6rsel olarak nitelikli eserler sunmak amac\u0131yla kurulan Salamis Yay\u0131nevi ilk meyvesini verdi. Raflardaki yerini alan \u201cB\u00f6\u011f\u00fcrtlen K\u0131rm\u0131z\u0131s\u0131\u201d adl\u0131 kitap ile yay\u0131nevinin ilk dura\u011f\u0131, e\u011fitim alan\u0131nda d\u00fcnyada ilk s\u0131rada yer alan Finlandiya. \u00d6zellikle \u00e7ocuk serisinde, Amerika ve \u0130ngiltere d\u0131\u015f\u0131ndaki \u00fclkelerin k\u00fclt\u00fcrlerine ait kitaplar\u0131 k\u00fc\u00e7\u00fck okurlar\u0131yla bulu\u015fturmay\u0131 hedefleyen Salamis Yay\u0131nlar\u0131, bar\u0131\u015f ve \u00e7evre bilinci, temalar\u0131na a\u011f\u0131rl\u0131k vermeyi planl\u0131yor.   \u201cB\u00f6\u011f\u00fcrtlen K\u0131rm\u0131z\u0131s\u0131\u201dn\u0131n yazar\u0131 Tuula Pere Finlandiya\u2019da ve d\u00fcnyada tan\u0131nm\u0131\u015f bir edebiyat\u00e7\u0131. B\u00f6\u011f\u00fcrtlen K\u0131rm\u0131z\u0131s\u0131 adl\u0131 resimli kitab\u0131 ise bar\u0131\u015f \u00fczerine. Muhte\u015fem \u00e7izimler Georgia Stylou ad\u0131ndaki Yunan \u00e7izere ait. Bar\u0131\u015f temal\u0131 kitab\u0131n konusu ise k\u0131saca \u015f\u00f6yle:   Bir sabah k\u00fc\u00e7\u00fck Aino\u2019nun babas\u0131 ona veda ederek sava\u015fa gider. Ard\u0131ndan hi\u00e7bir \u015fey eskisi gibi olmayacakt\u0131r. D\u00fc\u015fman ad\u0131m ad\u0131m k\u00f6ye yakla\u015f\u0131r. Ve&#8230; K\u00fc\u00e7\u00fck k\u0131z d\u00fc\u015fman askeriyle g\u00f6z g\u00f6ze gelir.  <\/p>\n","protected":false},"excerpt":{"rendered":"<p>Yeni Kurulan \u00c7ocuk Yay\u0131nevi \u201cSalamis\u201dten \u201cB\u00f6\u011f\u00fcrtlen K\u0131rm\u0131z\u0131s\u0131\u201d Kitab\u0131 \u00c7\u0131kt\u0131 D\u00fcnyadan \u00e7ocuk edebiyat\u0131n\u0131 tan\u0131tmak, \u00e7ocuk ve gen\u00e7lere hem i\u00e7erik hem de g\u00f6rsel olarak nitelikli eserler sunmak amac\u0131yla<span class=\"excerpt-hellip\"> [\u2026]<\/span><\/p>\n","protected":false},"featured_media":0,"template":"","meta":{"_monsterinsights_skip_tracking":false,"_monsterinsights_sitenote_active":false,"_monsterinsights_sitenote_note":"","_monsterinsights_sitenote_category":0},"product_brand":[],"product_cat":[12275,12274],"product_tag":[],"class_list":{"0":"post-730455","1":"product","2":"type-product","3":"status-publish","5":"product_cat-6-12-yas-kitaplari","6":"product_cat-cocuk-ve-genclik-kitaplari","7":"pa_cilt-ciltsiz","8":"pa_tur-kitap","9":"pa_yayinevi-salamis-yayinlari","10":"pa_yazar-tuula-pere","12":"first","13":"instock","14":"sale","15":"shipping-taxable","16":"purchasable","17":"product-type-simple"},"_links":{"self":[{"href":"https:\/\/roveyayinevi.com.tr\/index.php\/wp-json\/wp\/v2\/product\/730455","targetHints":{"allow":["GET"]}}],"collection":[{"href":"https:\/\/roveyayinevi.com.tr\/index.php\/wp-json\/wp\/v2\/product"}],"about":[{"href":"https:\/\/roveyayinevi.com.tr\/index.php\/wp-json\/wp\/v2\/types\/product"}],"wp:attachment":[{"href":"https:\/\/roveyayinevi.com.tr\/index.php\/wp-json\/wp\/v2\/media?parent=730455"}],"wp:term":[{"taxonomy":"product_brand","embeddable":true,"href":"https:\/\/roveyayinevi.com.tr\/index.php\/wp-json\/wp\/v2\/product_brand?post=730455"},{"taxonomy":"product_cat","embeddable":true,"href":"https:\/\/roveyayinevi.com.tr\/index.php\/wp-json\/wp\/v2\/product_cat?post=730455"},{"taxonomy":"product_tag","embeddable":true,"href":"https:\/\/roveyayinevi.com.tr\/index.php\/wp-json\/wp\/v2\/product_tag?post=730455"}],"curies":[{"name":"wp","href":"https:\/\/api.w.org\/{rel}","templated":true}]}}