{"id":730454,"date":"2025-08-27T21:14:56","date_gmt":"2025-08-27T18:14:56","guid":{"rendered":"https:\/\/roveyayinevi.com.tr\/index.php\/urun\/kalbimin-son-notasi\/"},"modified":"2026-04-16T02:38:30","modified_gmt":"2026-04-15T23:38:30","slug":"kalbimin-son-notasi","status":"publish","type":"product","link":"https:\/\/roveyayinevi.com.tr\/index.php\/urun\/kalbimin-son-notasi\/","title":{"rendered":"Kalbimin Son Notas\u0131"},"content":{"rendered":"<p>\u015eimdi ben seni seviyorum ya, her \u015fey sen oluverir. Her \u015fark\u0131da sen \u00e7\u0131kars\u0131n kar\u015f\u0131ma, her filmin ba\u015frol\u00fcn\u00fc ikimiz payla\u015f\u0131r\u0131z. Her g\u00fcn dua ederim benim ol diye. A\u015fka zerre inanmayan ben, a\u015fk b\u00f6ce\u011fi olur \u00e7\u0131kar\u0131m. Seni sevdi\u011fimi bil isterim, ama delice de korkar\u0131m bundan. Kaybetmeye dayanamam \u00e7\u00fcnk\u00fc, kalbim durur o zaman. \u015eimdi sen beni sevmiyorsun ya, her uyand\u0131\u011f\u0131mda g\u00f6\u011fs\u00fcme bir ac\u0131 oturuverir. Kalkmaz oradan, misafir san\u0131r\u0131m, demirba\u015f oluverir. Gece uyurken de yoklar, yolda sana benzer birini g\u00f6r\u00fcnce de\u2026 Sen beni sevmiyorsun ya, ben herkesten seni k\u0131skan\u0131r\u0131m. \u00c7\u00fcnk\u00fc san\u0131r\u0131m ki, sen \u00e2\u015f\u0131k olacaks\u0131n onlara. Beni tamamen unutacaks\u0131n diye d\u00fc\u015f\u00fcn\u00fcr, ac\u0131yan kalbime bir b\u0131\u00e7ak da ben saplar\u0131m. Tekrar ve tekrar. Hani \u015fimdi biz imk\u00e2ns\u0131z\u0131z ya sevdi\u011fim, bir bakm\u0131\u015fs\u0131n a\u015fk olmu\u015f dillerde ad\u0131m\u0131z. Belki tek tarafl\u0131, belki \u00e7ift\u2026 Sonu\u00e7ta nefesimizle birlikte sadece ya\u015fam s\u00f6nmez, umudumuz da s\u00f6ner. Son ana kadar ayakta kal\u0131r umut.<\/p>\n","protected":false},"excerpt":{"rendered":"<p>\u015eimdi ben seni seviyorum ya, her \u015fey sen oluverir. Her \u015fark\u0131da sen \u00e7\u0131kars\u0131n kar\u015f\u0131ma, her filmin ba\u015frol\u00fcn\u00fc ikimiz payla\u015f\u0131r\u0131z. Her g\u00fcn dua ederim benim ol diye.<span class=\"excerpt-hellip\"> [\u2026]<\/span><\/p>\n","protected":false},"featured_media":0,"template":"","meta":{"_monsterinsights_skip_tracking":false,"_monsterinsights_sitenote_active":false,"_monsterinsights_sitenote_note":"","_monsterinsights_sitenote_category":0},"product_brand":[],"product_cat":[12777,12291],"product_tag":[],"class_list":{"0":"post-730454","1":"product","2":"type-product","3":"status-publish","5":"product_cat-deneme","6":"product_cat-edebiyat","7":"pa_cilt-ciltsiz","8":"pa_tur-kitap","9":"pa_yayinevi-luna-yayinlari","10":"pa_yazar-derya-balli","12":"first","13":"instock","14":"sale","15":"shipping-taxable","16":"purchasable","17":"product-type-simple"},"_links":{"self":[{"href":"https:\/\/roveyayinevi.com.tr\/index.php\/wp-json\/wp\/v2\/product\/730454","targetHints":{"allow":["GET"]}}],"collection":[{"href":"https:\/\/roveyayinevi.com.tr\/index.php\/wp-json\/wp\/v2\/product"}],"about":[{"href":"https:\/\/roveyayinevi.com.tr\/index.php\/wp-json\/wp\/v2\/types\/product"}],"wp:attachment":[{"href":"https:\/\/roveyayinevi.com.tr\/index.php\/wp-json\/wp\/v2\/media?parent=730454"}],"wp:term":[{"taxonomy":"product_brand","embeddable":true,"href":"https:\/\/roveyayinevi.com.tr\/index.php\/wp-json\/wp\/v2\/product_brand?post=730454"},{"taxonomy":"product_cat","embeddable":true,"href":"https:\/\/roveyayinevi.com.tr\/index.php\/wp-json\/wp\/v2\/product_cat?post=730454"},{"taxonomy":"product_tag","embeddable":true,"href":"https:\/\/roveyayinevi.com.tr\/index.php\/wp-json\/wp\/v2\/product_tag?post=730454"}],"curies":[{"name":"wp","href":"https:\/\/api.w.org\/{rel}","templated":true}]}}