{"id":730452,"date":"2025-08-27T21:14:54","date_gmt":"2025-08-27T18:14:54","guid":{"rendered":"https:\/\/roveyayinevi.com.tr\/index.php\/urun\/eger-bugun-ormana-gidersen-ciltli\/"},"modified":"2026-04-16T02:38:30","modified_gmt":"2026-04-15T23:38:30","slug":"eger-bugun-ormana-gidersen-ciltli","status":"publish","type":"product","link":"https:\/\/roveyayinevi.com.tr\/index.php\/urun\/eger-bugun-ormana-gidersen-ciltli\/","title":{"rendered":"E\u011fer Bug\u00fcn Ormana Gidersen (Ciltli)"},"content":{"rendered":"<p>Kahverengi Ay\u0131 Orman\u0131 bizim evimiz.\u00c7e\u015fit \u00e7e\u015fit hayvan, a\u011fa\u00e7 ve bitkiHep beraber burada ya\u015far gideriz.Her mevsim bir e\u011flence var burada.Sen de aram\u0131za kat\u0131lmak ister misin?Acaba neler sakl\u0131 bu masals\u0131 ormanda?Do\u011fayla ilgili ke\u015ffedilecek bilgiler,okunacak \u015fiirler, her mevsimde yap\u0131lacakfarkl\u0131 aktiviteler ve b\u00fcy\u00fcleyici resimlerinaras\u0131nda 100\u2019den fazla ara-bul etkinli\u011fi bukitapta seni bekliyor.<\/p>\n","protected":false},"excerpt":{"rendered":"<p>Kahverengi Ay\u0131 Orman\u0131 bizim evimiz.\u00c7e\u015fit \u00e7e\u015fit hayvan, a\u011fa\u00e7 ve bitkiHep beraber burada ya\u015far gideriz.Her mevsim bir e\u011flence var burada.Sen de aram\u0131za kat\u0131lmak ister misin?Acaba neler sakl\u0131<span class=\"excerpt-hellip\"> [\u2026]<\/span><\/p>\n","protected":false},"featured_media":0,"template":"","meta":{"_monsterinsights_skip_tracking":false,"_monsterinsights_sitenote_active":false,"_monsterinsights_sitenote_note":"","_monsterinsights_sitenote_category":0},"product_brand":[],"product_cat":[12274,12284],"product_tag":[],"class_list":{"0":"post-730452","1":"product","2":"type-product","3":"status-publish","5":"product_cat-cocuk-ve-genclik-kitaplari","6":"product_cat-hikayeler","7":"pa_cilt-ciltli","8":"pa_tur-kitap","9":"pa_yayinevi-abm-yayinevi","10":"pa_yazar-rachel-piercey","12":"first","13":"instock","14":"sale","15":"shipping-taxable","16":"purchasable","17":"product-type-simple"},"_links":{"self":[{"href":"https:\/\/roveyayinevi.com.tr\/index.php\/wp-json\/wp\/v2\/product\/730452","targetHints":{"allow":["GET"]}}],"collection":[{"href":"https:\/\/roveyayinevi.com.tr\/index.php\/wp-json\/wp\/v2\/product"}],"about":[{"href":"https:\/\/roveyayinevi.com.tr\/index.php\/wp-json\/wp\/v2\/types\/product"}],"wp:attachment":[{"href":"https:\/\/roveyayinevi.com.tr\/index.php\/wp-json\/wp\/v2\/media?parent=730452"}],"wp:term":[{"taxonomy":"product_brand","embeddable":true,"href":"https:\/\/roveyayinevi.com.tr\/index.php\/wp-json\/wp\/v2\/product_brand?post=730452"},{"taxonomy":"product_cat","embeddable":true,"href":"https:\/\/roveyayinevi.com.tr\/index.php\/wp-json\/wp\/v2\/product_cat?post=730452"},{"taxonomy":"product_tag","embeddable":true,"href":"https:\/\/roveyayinevi.com.tr\/index.php\/wp-json\/wp\/v2\/product_tag?post=730452"}],"curies":[{"name":"wp","href":"https:\/\/api.w.org\/{rel}","templated":true}]}}