{"id":730451,"date":"2025-08-27T21:14:53","date_gmt":"2025-08-27T18:14:53","guid":{"rendered":"https:\/\/roveyayinevi.com.tr\/index.php\/urun\/bilim-toplumunda-bilgiyi-kime-nasil-vermeli-son-imparatora-ogutler\/"},"modified":"2026-04-16T02:38:29","modified_gmt":"2026-04-15T23:38:29","slug":"bilim-toplumunda-bilgiyi-kime-nasil-vermeli-son-imparatora-ogutler","status":"publish","type":"product","link":"https:\/\/roveyayinevi.com.tr\/index.php\/urun\/bilim-toplumunda-bilgiyi-kime-nasil-vermeli-son-imparatora-ogutler\/","title":{"rendered":"Bilim Toplumunda Bilgiyi Kime Nas\u0131l Vermeli &#8211; Son \u0130mparatora \u00d6\u011f\u00fctler"},"content":{"rendered":"<p>Bu kitapta yaz\u0131lanlar, insan soyunun bilinen tarihinden bu yana, toplum ya da bireysel olarak \u00e7ekti\u011fi ac\u0131lar\u0131n anlams\u0131z nedenlerini ortaya koyan, \u00e7\u00f6z\u00fcm yollar\u0131n\u0131 \u00f6nermeye \u00e7al\u0131\u015fan yakla\u015f\u0131mlar olacakt\u0131r. Bu kitapta, ayr\u0131ca, tarihte ve bug\u00fcn, g\u00fcd\u00fcmlenmi\u015f mant\u0131ksal d\u00fc\u015f\u00fcnce tarzlar\u0131ndan dolay\u0131 do\u011fru \u00e7\u0131k\u0131\u015f yolunu ya da doyurucu a\u00e7\u0131klama yolunu bulamayarak, ya\u015fad\u0131klar\u0131 ac\u0131lar\u0131n, olumsuzluklar\u0131n,  bir\u00e7o\u011funun kayna\u011f\u0131n\u0131n, zannettikleri gibi \u201c\u015fanss\u0131zl\u0131k, kader, al\u0131n yaz\u0131s\u0131 ve takdir-i ilahi olarak adland\u0131rd\u0131klar\u0131\u201d insan soyunun yazg\u0131s\u0131 olmad\u0131\u011f\u0131, bu olumsuzluklar\u0131n kayna\u011f\u0131n\u0131n ba\u011fnazl\u0131ktan, bilim yoksunlu\u011fundan ve yeteneksizlerin y\u00f6netiminden kaynakland\u0131\u011f\u0131 anlat\u0131lmaya \u00e7al\u0131\u015f\u0131lacak ve her bir olumsuz kayna\u011f\u0131n bilimsel analizi, tarihten gelen bilgi birikimi de g\u00f6z \u00f6n\u00fcne al\u0131narak, son 70 y\u0131l i\u00e7erisinde dev ad\u0131mlarla ilerleyen do\u011fa bilimlerinin, \u00f6zellikle biyoloji bilimindeki geli\u015fmelerin \u0131\u015f\u0131\u011f\u0131 alt\u0131nda yap\u0131lmaya \u00e7al\u0131\u015f\u0131lacakt\u0131r.   Bir\u00e7ok yakla\u015f\u0131mda g\u00f6r\u00fclen ve en kolay yol olarak bilinen, sadece tenkit etme y\u00f6nteminden b\u00fcy\u00fck \u00f6l\u00e7\u00fcde ka\u00e7\u0131n\u0131lmaya \u00e7al\u0131\u015f\u0131lacak; her olumsuzlu\u011fun, ge\u00e7mi\u015fteki nedeni, a\u00e7t\u0131\u011f\u0131 yaralar analiz edilecek, gelecekte do\u011furaca\u011f\u0131 sak\u0131ncalara dikkat \u00e7ekilecek ve yeni bilgilerin, \u00f6zellikle canl\u0131lar\u0131n do\u011fas\u0131n\u0131 temel alan biyoloji bilimindeki geli\u015fmelerin \u0131\u015f\u0131\u011f\u0131 alt\u0131nda, kap\u0131s\u0131n\u0131 aralayarak girmeye ba\u015flad\u0131\u011f\u0131m\u0131z \u201cbilim \u00e7a\u011f\u0131n\u0131n\u201d idari sistemi, hak ve \u00f6zg\u00fcrl\u00fckleri konusundaki \u00f6nerileri, \u201cbu d\u00f6nemi hen\u00fcz ya\u015famad\u0131\u011f\u0131n\u0131z ve belki de ya\u015fam\u0131n\u0131z boyunca bu konularla hi\u00e7 ilgilenmedi\u011finiz i\u00e7in\u201d bazen endi\u015feyle bazen \u015fa\u015fk\u0131nl\u0131kla okuyacaks\u0131n\u0131z&#8230; Bug\u00fcne kadar al\u0131\u015f\u0131lagelmi\u015f al\u0131\u015fkanl\u0131klar\u0131m\u0131z\u0131 k\u00f6kten sarsacak geli\u015fmelerin neler olabilece\u011fini bir nebze olsun \u00f6\u011freneceksiniz&#8230;  En \u00f6nemlisi, bug\u00fcne kadar \u201cinsan\u0131n biyolojik yap\u0131s\u0131ndan kaynaklanan\u201d kal\u0131tsal hastal\u0131klar\u0131n, yeteneksizliklerin ve di\u011fer bir\u00e7ok olumsuzlu\u011fun, hatta sel, deprem, yang\u0131n vs. gibi toplumlar\u0131 derinden sarsan bir\u00e7ok do\u011fa olay\u0131n\u0131n a\u00e7t\u0131\u011f\u0131 yaralar\u0131n, ger\u00e7ekte bir yazg\u0131 de\u011fil, bug\u00fcne kadar do\u011fal olmayan ve insan soyuna yak\u0131\u015fmayan bir\u00e7ok y\u00f6nlendirmeler nedeniyle, toplumlar\u0131n bilimsel d\u00fc\u015f\u00fcnceye yeterince yakla\u015ft\u0131r\u0131lmamas\u0131 ya da bug\u00fcn d\u00fcnyan\u0131n bir\u00e7ok yerinde h\u00e2l\u00e2 inatla ya\u015fat\u0131lan bilime yabanc\u0131la\u015ft\u0131rma politikas\u0131 nedeniyle, insanlar\u0131n sorunlar\u0131n\u0131 \u00e7\u00f6zmesindeki gecikmeye nas\u0131l neden oldu\u011funu \u00f6\u011freneceksiniz&#8230;    Ger\u00e7ek bilim toplumunun ne oldu\u011funu belki de ilk defa bu kitapta \u00e7arp\u0131c\u0131 bir \u015fekilde; ancak en \u00f6nemlisi bilinmeyen bir y\u00fcz\u00fcnden g\u00f6rmeye ba\u015flayacaks\u0131n\u0131z ve bilimin azald\u0131\u011f\u0131 yerde yazg\u0131n\u0131n neden ve nas\u0131l egemen oldu\u011funu \u00f6\u011freneceksiniz.   <\/p>\n","protected":false},"excerpt":{"rendered":"<p>Bu kitapta yaz\u0131lanlar, insan soyunun bilinen tarihinden bu yana, toplum ya da bireysel olarak \u00e7ekti\u011fi ac\u0131lar\u0131n anlams\u0131z nedenlerini ortaya koyan, \u00e7\u00f6z\u00fcm yollar\u0131n\u0131 \u00f6nermeye \u00e7al\u0131\u015fan yakla\u015f\u0131mlar olacakt\u0131r.<span class=\"excerpt-hellip\"> [\u2026]<\/span><\/p>\n","protected":false},"featured_media":0,"template":"","meta":{"_monsterinsights_skip_tracking":false,"_monsterinsights_sitenote_active":false,"_monsterinsights_sitenote_note":"","_monsterinsights_sitenote_category":0},"product_brand":[],"product_cat":[13005,13006],"product_tag":[],"class_list":{"0":"post-730451","1":"product","2":"type-product","3":"status-publish","5":"product_cat-bilim-muhendislik","6":"product_cat-populer-bilim","7":"pa_cilt-ciltsiz","8":"pa_tur-kitap","9":"pa_yayinevi-akil-celen-kitaplar","10":"pa_yazar-ali-demirsoy","12":"first","13":"instock","14":"sale","15":"shipping-taxable","16":"purchasable","17":"product-type-simple"},"_links":{"self":[{"href":"https:\/\/roveyayinevi.com.tr\/index.php\/wp-json\/wp\/v2\/product\/730451","targetHints":{"allow":["GET"]}}],"collection":[{"href":"https:\/\/roveyayinevi.com.tr\/index.php\/wp-json\/wp\/v2\/product"}],"about":[{"href":"https:\/\/roveyayinevi.com.tr\/index.php\/wp-json\/wp\/v2\/types\/product"}],"wp:attachment":[{"href":"https:\/\/roveyayinevi.com.tr\/index.php\/wp-json\/wp\/v2\/media?parent=730451"}],"wp:term":[{"taxonomy":"product_brand","embeddable":true,"href":"https:\/\/roveyayinevi.com.tr\/index.php\/wp-json\/wp\/v2\/product_brand?post=730451"},{"taxonomy":"product_cat","embeddable":true,"href":"https:\/\/roveyayinevi.com.tr\/index.php\/wp-json\/wp\/v2\/product_cat?post=730451"},{"taxonomy":"product_tag","embeddable":true,"href":"https:\/\/roveyayinevi.com.tr\/index.php\/wp-json\/wp\/v2\/product_tag?post=730451"}],"curies":[{"name":"wp","href":"https:\/\/api.w.org\/{rel}","templated":true}]}}