{"id":730450,"date":"2025-08-27T21:14:53","date_gmt":"2025-08-27T18:14:53","guid":{"rendered":"https:\/\/roveyayinevi.com.tr\/index.php\/urun\/evrenin-cocuklari\/"},"modified":"2026-04-16T02:38:29","modified_gmt":"2026-04-15T23:38:29","slug":"evrenin-cocuklari","status":"publish","type":"product","link":"https:\/\/roveyayinevi.com.tr\/index.php\/urun\/evrenin-cocuklari\/","title":{"rendered":"Evrenin \u00c7ocuklar\u0131"},"content":{"rendered":"<p>Yazar, bu kitab\u0131nda, \u00f6zellikle Big-Bang\u2019dan, yani evrenin  olu\u015fmaya ba\u015flamas\u0131ndaki (Newton asalar\u0131n\u0131n ortaya \u00e7\u0131kmas\u0131ndan sonra) ilk andan, D\u00fcnyadaki ilk organik polimerin olu\u015fumuna kadar ge\u00e7en s\u00fcre\u00e7te bug\u00fcn bizim yap\u0131m\u0131z\u0131n temelini olu\u015fturan g\u00fc\u00e7lerin ve i\u015fleyi\u015flerin niteliklerini, bir roman dili anlat\u0131m\u0131yla okuyuculara aktarmay\u0131 ve \u00e7e\u015fitli kaynaklardan \u00f6zellikle Hoimar von Ditfurth\u2019un eserlerinden edinmi\u015f oldu\u011fu bilgilerden baz\u0131 ki\u015fisel yorumlar yapmay\u0131 da ama\u00e7lam\u0131\u015ft\u0131r.   Bilimde tekrarlanamayan bir olay\u0131n mutlak do\u011frulu\u011fu diye bir \u015fey yoktur. Bu nedenle \u201cnereden kesin olarak biliyorsun?\u201d sorusunu soracaklara da verece\u011fi tek yan\u0131t ancak: \u0130nsanl\u0131k tarihinden bug\u00fcne kadar, bir\u00e7ok insan\u0131n sonsuz \u00e7aba ve emekleriyle birikmi\u015f ve \u00f6zellikle son 60-70 y\u0131ld\u0131r, geli\u015ftirilen ola\u011fan\u00fcst\u00fc \u00f6l\u00e7me ve g\u00f6zleme teknikleriyle birikmi\u015f bilgilerdir, olacakt\u0131r. K\u00f6kleri jeolojik devirlere uzanan etkileri, uzaydaki dev enerjilerin bir canl\u0131n\u0131n olu\u015fumuna inan\u0131lmaz katk\u0131lar\u0131, varl\u0131\u011f\u0131n\u0131 de\u011fi\u015ferek ve \u00e7e\u015fitlenerek koruyan canl\u0131l\u0131\u011f\u0131n ola\u011fan\u00fcst\u00fc dinami\u011fi ve bunlar\u0131 \u00f6\u011frenmek i\u00e7in didinen biz insanlar\u0131n bilime susam\u0131\u015f ihtiras\u0131, bizim toplumumuzun da bilgisine sunulmal\u0131d\u0131r. <\/p>\n","protected":false},"excerpt":{"rendered":"<p>Yazar, bu kitab\u0131nda, \u00f6zellikle Big-Bang\u2019dan, yani evrenin olu\u015fmaya ba\u015flamas\u0131ndaki (Newton asalar\u0131n\u0131n ortaya \u00e7\u0131kmas\u0131ndan sonra) ilk andan, D\u00fcnyadaki ilk organik polimerin olu\u015fumuna kadar ge\u00e7en s\u00fcre\u00e7te bug\u00fcn bizim<span class=\"excerpt-hellip\"> [\u2026]<\/span><\/p>\n","protected":false},"featured_media":0,"template":"","meta":{"_monsterinsights_skip_tracking":false,"_monsterinsights_sitenote_active":false,"_monsterinsights_sitenote_note":"","_monsterinsights_sitenote_category":0},"product_brand":[],"product_cat":[13005,13006],"product_tag":[],"class_list":{"0":"post-730450","1":"product","2":"type-product","3":"status-publish","5":"product_cat-bilim-muhendislik","6":"product_cat-populer-bilim","7":"pa_cilt-ciltsiz","8":"pa_tur-kitap","9":"pa_yayinevi-akil-celen-kitaplar","10":"pa_yazar-ali-demirsoy","12":"first","13":"instock","14":"sale","15":"shipping-taxable","16":"purchasable","17":"product-type-simple"},"_links":{"self":[{"href":"https:\/\/roveyayinevi.com.tr\/index.php\/wp-json\/wp\/v2\/product\/730450","targetHints":{"allow":["GET"]}}],"collection":[{"href":"https:\/\/roveyayinevi.com.tr\/index.php\/wp-json\/wp\/v2\/product"}],"about":[{"href":"https:\/\/roveyayinevi.com.tr\/index.php\/wp-json\/wp\/v2\/types\/product"}],"wp:attachment":[{"href":"https:\/\/roveyayinevi.com.tr\/index.php\/wp-json\/wp\/v2\/media?parent=730450"}],"wp:term":[{"taxonomy":"product_brand","embeddable":true,"href":"https:\/\/roveyayinevi.com.tr\/index.php\/wp-json\/wp\/v2\/product_brand?post=730450"},{"taxonomy":"product_cat","embeddable":true,"href":"https:\/\/roveyayinevi.com.tr\/index.php\/wp-json\/wp\/v2\/product_cat?post=730450"},{"taxonomy":"product_tag","embeddable":true,"href":"https:\/\/roveyayinevi.com.tr\/index.php\/wp-json\/wp\/v2\/product_tag?post=730450"}],"curies":[{"name":"wp","href":"https:\/\/api.w.org\/{rel}","templated":true}]}}