{"id":730449,"date":"2025-08-27T21:14:52","date_gmt":"2025-08-27T18:14:52","guid":{"rendered":"https:\/\/roveyayinevi.com.tr\/index.php\/urun\/canliligin-olusum-oykusunde-renklerin-dansi\/"},"modified":"2026-04-16T02:38:29","modified_gmt":"2026-04-15T23:38:29","slug":"canliligin-olusum-oykusunde-renklerin-dansi","status":"publish","type":"product","link":"https:\/\/roveyayinevi.com.tr\/index.php\/urun\/canliligin-olusum-oykusunde-renklerin-dansi\/","title":{"rendered":"Canl\u0131l\u0131\u011f\u0131n Olu\u015fum \u00d6yk\u00fcs\u00fcnde Renklerin Dans\u0131"},"content":{"rendered":"<p>\u201cD\u00fcnya\u2019n\u0131n t\u00fcm \u00f6\u011feleriyle korunmas\u0131 bir insanl\u0131k borcudur. Bunu yerine getirece\u011finize inan\u0131yorum.&#8221;   Prof. Dr. Ali Demirsoy, bilime inanm\u0131\u015f b\u00fct\u00fcn idealist bilim insanlar\u0131 gibi \u201cbilgi\u201dnin de\u011fi\u015ftirici ve d\u00f6n\u00fc\u015ft\u00fcr\u00fcc\u00fc g\u00fcc\u00fcn\u00fc biliyor. Onun i\u00e7in de \u00f6nceden kitaplar\u0131n\u0131 okuyan insanlar\u0131 \u201cba\u015fka insanlar\u201d olarak tan\u0131mlayarak, bu kitab\u0131 da bir solukta okuyacaklar\u0131n\u0131 s\u00f6yl\u00fcyor.   Renklerin K\u00f6keni hakk\u0131nda, \u201cRenklerin olu\u015fumunu ve evrimini hep merak etmi\u015fimdir. Ancak \u00fclkemizde renk olu\u015fumu biyokimyasal olarak hemen hemen hi\u00e7 anlat\u0131lmad\u0131\u011f\u0131 gibi, renklerin evrimi ile ilgili d\u00fcnya literat\u00fcr\u00fcnde de \u00e7ok az say\u0131da yaz\u0131 bulunmaktad\u0131r,\u201d dedikten sonra, \u201cbu kitab\u0131 okuyan ki\u015fi kitab\u0131 okuyup da son sayfas\u0131n\u0131 kapatt\u0131\u011f\u0131nda farkl\u0131 bir insan olmal\u0131d\u0131r,&#8221; diye yaz\u0131yor ve hakl\u0131 \u00e7\u0131k\u0131yor.   Bu kitab\u0131 okuyup kapatt\u0131\u011f\u0131n\u0131zda; bir \u00e7i\u00e7e\u011fe, \u00e7i\u00e7e\u011fin \u00fcst\u00fcndeki kelebe\u011fe, kelebe\u011fin kanatlar\u0131ndaki desene, odan\u0131zdaki kilimin renklerine ve sevgilinizin g\u00f6z\u00fcndeki hareye ba\u015fka t\u00fcrl\u00fc bakacak ve aralar\u0131ndaki ba\u011flant\u0131y\u0131 anlayacaks\u0131n\u0131z. Renkleri anlaman\u0131n, b\u00fct\u00fcn bunlar aras\u0131ndaki ili\u015fkiyi anlamak, yani hayat\u0131 anlamak oldu\u011funu; ya\u015fam\u0131n, canl\u0131l\u0131\u011f\u0131n neden \u00e7ok \u00e7ok \u201cde\u011ferli\u201d oldu\u011funu g\u00f6receksiniz.   Evren\u2019in ilk anlar\u0131ndan ba\u015flay\u0131p renklerin ortaya \u00e7\u0131k\u0131\u015f\u0131yla s\u00fcren ve bug\u00fcne gelene kadar \u201cya\u015fam\u0131n-renklerin\u201d g\u00f6rsel bir anlat\u0131m\u0131 olarak bu kitap bize, 13,7 milyar y\u0131ll\u0131k ser\u00fcvenin bir a\u011fa\u00e7 yapra\u011f\u0131nda nas\u0131l \u0131\u015f\u0131d\u0131\u011f\u0131n\u0131 g\u00f6steriyor, g\u00f6sterirken ona olan borcumuzu da hat\u0131rlat\u0131yor. <\/p>\n","protected":false},"excerpt":{"rendered":"<p>\u201cD\u00fcnya\u2019n\u0131n t\u00fcm \u00f6\u011feleriyle korunmas\u0131 bir insanl\u0131k borcudur. Bunu yerine getirece\u011finize inan\u0131yorum.&#8221; Prof. Dr. Ali Demirsoy, bilime inanm\u0131\u015f b\u00fct\u00fcn idealist bilim insanlar\u0131 gibi \u201cbilgi\u201dnin de\u011fi\u015ftirici ve d\u00f6n\u00fc\u015ft\u00fcr\u00fcc\u00fc<span class=\"excerpt-hellip\"> [\u2026]<\/span><\/p>\n","protected":false},"featured_media":0,"template":"","meta":{"_monsterinsights_skip_tracking":false,"_monsterinsights_sitenote_active":false,"_monsterinsights_sitenote_note":"","_monsterinsights_sitenote_category":0},"product_brand":[],"product_cat":[13005,13006],"product_tag":[],"class_list":{"0":"post-730449","1":"product","2":"type-product","3":"status-publish","5":"product_cat-bilim-muhendislik","6":"product_cat-populer-bilim","7":"pa_cilt-ciltsiz","8":"pa_tur-kitap","9":"pa_yayinevi-akil-celen-kitaplar","10":"pa_yazar-ali-demirsoy","12":"first","13":"instock","14":"sale","15":"shipping-taxable","16":"purchasable","17":"product-type-simple"},"_links":{"self":[{"href":"https:\/\/roveyayinevi.com.tr\/index.php\/wp-json\/wp\/v2\/product\/730449","targetHints":{"allow":["GET"]}}],"collection":[{"href":"https:\/\/roveyayinevi.com.tr\/index.php\/wp-json\/wp\/v2\/product"}],"about":[{"href":"https:\/\/roveyayinevi.com.tr\/index.php\/wp-json\/wp\/v2\/types\/product"}],"wp:attachment":[{"href":"https:\/\/roveyayinevi.com.tr\/index.php\/wp-json\/wp\/v2\/media?parent=730449"}],"wp:term":[{"taxonomy":"product_brand","embeddable":true,"href":"https:\/\/roveyayinevi.com.tr\/index.php\/wp-json\/wp\/v2\/product_brand?post=730449"},{"taxonomy":"product_cat","embeddable":true,"href":"https:\/\/roveyayinevi.com.tr\/index.php\/wp-json\/wp\/v2\/product_cat?post=730449"},{"taxonomy":"product_tag","embeddable":true,"href":"https:\/\/roveyayinevi.com.tr\/index.php\/wp-json\/wp\/v2\/product_tag?post=730449"}],"curies":[{"name":"wp","href":"https:\/\/api.w.org\/{rel}","templated":true}]}}