{"id":730445,"date":"2025-08-27T21:14:48","date_gmt":"2025-08-27T18:14:48","guid":{"rendered":"https:\/\/roveyayinevi.com.tr\/index.php\/urun\/otekiyle-konusmak\/"},"modified":"2026-04-16T02:38:29","modified_gmt":"2026-04-15T23:38:29","slug":"otekiyle-konusmak","status":"publish","type":"product","link":"https:\/\/roveyayinevi.com.tr\/index.php\/urun\/otekiyle-konusmak\/","title":{"rendered":"\u00d6tekiyle Konu\u015fmak"},"content":{"rendered":"<p>Sosyal ya\u015fam\u0131n i\u00e7inde tan\u0131mad\u0131\u011f\u0131m\u0131z insanlarla her g\u00fcn temas halindeyiz. \u00c7o\u011fu zamansa tan\u0131mad\u0131\u011f\u0131m\u0131z birine hemen inanmak ile hi\u00e7 inanmamak aras\u0131ndaki u\u00e7 varsay\u0131mlarda gidip geliyoruz. Oysa \u00e7o\u011fu sorun bir yanl\u0131\u015f anlamayla, yersiz bir varsay\u0131mla, dinlemeden at\u0131lan beklenmedik bir ad\u0131mla ba\u015fl\u0131yor. \u0130nsanlar\u0131 yanl\u0131\u015f anlamak basit bir mesele de\u011fil; b\u00fcy\u00fck \u00e7at\u0131\u015fmalara, \u00f6l\u00fcmlere hatta sava\u015fa yol a\u00e7abiliyor. Malcolm Gladwell, \u00d6tekiyle Konu\u015fmak kitab\u0131nda insanlar aras\u0131ndaki ili\u015fkilere yepyeni bir \u0131\u015f\u0131k tutuyor. Fidel Castro y\u0131llar boyu CIA\u2019yi nas\u0131l aldatt\u0131? Neville Chamberlain neden Adolf Hitler\u2019e g\u00fcvenebilece\u011fini d\u00fc\u015f\u00fcnd\u00fc? Basit bir trafik cezas\u0131, \u00f6l\u00fcmc\u00fcl sonu\u00e7lar\u0131 olan bir \u00e7at\u0131\u015fmaya nas\u0131l d\u00f6n\u00fc\u015ft\u00fc? Bunlara benzer, d\u00fcnya tarihine ge\u00e7mi\u015f ya da bas\u0131nda geni\u015f yer tutmu\u015f baz\u0131 skandallar\u0131 kendine \u00f6rnek alan Gladwell, \u00e7at\u0131\u015fmalar\u0131 derinle\u015ftiren, \u00f6ng\u00f6r\u00fclemeyen baz\u0131 dinamikleri bir cerrah titizli\u011fiyle masaya yat\u0131r\u0131yor. \u00d6tekiyle Konu\u015fmak hem ya\u015famlar\u0131m\u0131z hem d\u00fcnyam\u0131z i\u00e7in ciddi sonu\u00e7lar\u0131 olabilecek anla\u015fmazl\u0131klar\u0131n \u00f6n\u00fcne ge\u00e7mek i\u00e7in bir rehber niteli\u011finde. Her kitab\u0131yla okurlara yeni bak\u0131\u015f a\u00e7\u0131lar\u0131 kazand\u0131ran Malcolm Gladwell, bu yeni kitab\u0131yla da insanlar aras\u0131ndaki ili\u015fkilere farkl\u0131 bi\u00e7imde yakla\u015fman\u0131n m\u00fcmk\u00fcn oldu\u011funu g\u00f6steriyor <\/p>\n","protected":false},"excerpt":{"rendered":"<p>Sosyal ya\u015fam\u0131n i\u00e7inde tan\u0131mad\u0131\u011f\u0131m\u0131z insanlarla her g\u00fcn temas halindeyiz. \u00c7o\u011fu zamansa tan\u0131mad\u0131\u011f\u0131m\u0131z birine hemen inanmak ile hi\u00e7 inanmamak aras\u0131ndaki u\u00e7 varsay\u0131mlarda gidip geliyoruz. Oysa \u00e7o\u011fu sorun<span class=\"excerpt-hellip\"> [\u2026]<\/span><\/p>\n","protected":false},"featured_media":0,"template":"","meta":{"_monsterinsights_skip_tracking":false,"_monsterinsights_sitenote_active":false,"_monsterinsights_sitenote_note":"","_monsterinsights_sitenote_category":0},"product_brand":[],"product_cat":[12364,12376],"product_tag":[],"class_list":{"0":"post-730445","1":"product","2":"type-product","3":"status-publish","5":"product_cat-genel-konular","6":"product_cat-kisisel-gelisim","7":"pa_cilt-ciltsiz","8":"pa_tur-kitap","9":"pa_yayinevi-mediacat-kitaplari","10":"pa_yazar-malcolm-gladwell","12":"first","13":"instock","14":"sale","15":"shipping-taxable","16":"purchasable","17":"product-type-simple"},"_links":{"self":[{"href":"https:\/\/roveyayinevi.com.tr\/index.php\/wp-json\/wp\/v2\/product\/730445","targetHints":{"allow":["GET"]}}],"collection":[{"href":"https:\/\/roveyayinevi.com.tr\/index.php\/wp-json\/wp\/v2\/product"}],"about":[{"href":"https:\/\/roveyayinevi.com.tr\/index.php\/wp-json\/wp\/v2\/types\/product"}],"wp:attachment":[{"href":"https:\/\/roveyayinevi.com.tr\/index.php\/wp-json\/wp\/v2\/media?parent=730445"}],"wp:term":[{"taxonomy":"product_brand","embeddable":true,"href":"https:\/\/roveyayinevi.com.tr\/index.php\/wp-json\/wp\/v2\/product_brand?post=730445"},{"taxonomy":"product_cat","embeddable":true,"href":"https:\/\/roveyayinevi.com.tr\/index.php\/wp-json\/wp\/v2\/product_cat?post=730445"},{"taxonomy":"product_tag","embeddable":true,"href":"https:\/\/roveyayinevi.com.tr\/index.php\/wp-json\/wp\/v2\/product_tag?post=730445"}],"curies":[{"name":"wp","href":"https:\/\/api.w.org\/{rel}","templated":true}]}}