{"id":730444,"date":"2025-08-27T21:14:47","date_gmt":"2025-08-27T18:14:47","guid":{"rendered":"https:\/\/roveyayinevi.com.tr\/index.php\/urun\/kapitalizm-nasil-sona-erecek\/"},"modified":"2026-04-16T02:38:29","modified_gmt":"2026-04-15T23:38:29","slug":"kapitalizm-nasil-sona-erecek","status":"publish","type":"product","link":"https:\/\/roveyayinevi.com.tr\/index.php\/urun\/kapitalizm-nasil-sona-erecek\/","title":{"rendered":"Kapitalizm Nas\u0131l Sona Erecek ?"},"content":{"rendered":"<p>\u00c7a\u011fda\u015f siyaset ve ekonomi uzman\u0131 Wolfgang Streeck\u2019e g\u00f6re d\u00fcnya de\u011fi\u015fmek \u00fczere: \u0130kinci D\u00fcnya Sava\u015f\u0131&#8217;n\u0131n g\u00f6lgesinde bir araya gelen demokrasi ile kapitalizm yava\u015f yava\u015f ayr\u0131l\u0131yor. Bir zamanlar finans sekt\u00f6r\u00fcn\u00fcn a\u015f\u0131r\u0131l\u0131klar\u0131n\u0131 k\u0131s\u0131tlayan d\u00fczenleyici kurumlar \u00e7\u00f6kt\u00fc ve So\u011fuk Sava\u015f sonras\u0131 kapitalizmin nihai zaferinin ard\u0131ndan, piyasalar\u0131n liberalle\u015fmesini geri alabilecek hi\u00e7bir siyasi kurum yok.   Kapitalizm art\u0131k kritik bir durumda. B\u00fcy\u00fcme yerini durgunlu\u011fa b\u0131rakt\u0131; e\u015fitsizlik istikrars\u0131zl\u0131\u011fa yol a\u00e7t\u0131 ve para ekonomisine olan g\u00fcven neredeyse tamamen ortadan kalkt\u0131. D\u00fcnya azalan b\u00fcy\u00fcme, oligar\u015fik y\u00f6netim, k\u00fc\u00e7\u00fclen bir kamusal alan, kurumsal yozla\u015fma ve uluslararas\u0131 anar\u015fiyle tan\u0131mlan\u0131r hale geldi ve bu hastal\u0131klar\u0131n tedavisi yok.   Peki, Kapitalizm Nas\u0131l Sona Erecek? Bir patlamayla m\u0131 yoksa bir inlemeyle mi? <\/p>\n","protected":false},"excerpt":{"rendered":"<p>\u00c7a\u011fda\u015f siyaset ve ekonomi uzman\u0131 Wolfgang Streeck\u2019e g\u00f6re d\u00fcnya de\u011fi\u015fmek \u00fczere: \u0130kinci D\u00fcnya Sava\u015f\u0131&#8217;n\u0131n g\u00f6lgesinde bir araya gelen demokrasi ile kapitalizm yava\u015f yava\u015f ayr\u0131l\u0131yor. Bir zamanlar<span class=\"excerpt-hellip\"> [\u2026]<\/span><\/p>\n","protected":false},"featured_media":0,"template":"","meta":{"_monsterinsights_skip_tracking":false,"_monsterinsights_sitenote_active":false,"_monsterinsights_sitenote_note":"","_monsterinsights_sitenote_category":0},"product_brand":[],"product_cat":[12337,14706],"product_tag":[],"class_list":{"0":"post-730444","1":"product","2":"type-product","3":"status-publish","5":"product_cat-politika-siyaset","6":"product_cat-siyaset-bilimi","7":"pa_cilt-ciltsiz","8":"pa_tur-kitap","9":"pa_yayinevi-tellekt","10":"pa_yazar-wolfgang-streeck","12":"first","13":"instock","14":"sale","15":"shipping-taxable","16":"purchasable","17":"product-type-simple"},"_links":{"self":[{"href":"https:\/\/roveyayinevi.com.tr\/index.php\/wp-json\/wp\/v2\/product\/730444","targetHints":{"allow":["GET"]}}],"collection":[{"href":"https:\/\/roveyayinevi.com.tr\/index.php\/wp-json\/wp\/v2\/product"}],"about":[{"href":"https:\/\/roveyayinevi.com.tr\/index.php\/wp-json\/wp\/v2\/types\/product"}],"wp:attachment":[{"href":"https:\/\/roveyayinevi.com.tr\/index.php\/wp-json\/wp\/v2\/media?parent=730444"}],"wp:term":[{"taxonomy":"product_brand","embeddable":true,"href":"https:\/\/roveyayinevi.com.tr\/index.php\/wp-json\/wp\/v2\/product_brand?post=730444"},{"taxonomy":"product_cat","embeddable":true,"href":"https:\/\/roveyayinevi.com.tr\/index.php\/wp-json\/wp\/v2\/product_cat?post=730444"},{"taxonomy":"product_tag","embeddable":true,"href":"https:\/\/roveyayinevi.com.tr\/index.php\/wp-json\/wp\/v2\/product_tag?post=730444"}],"curies":[{"name":"wp","href":"https:\/\/api.w.org\/{rel}","templated":true}]}}