{"id":730443,"date":"2025-08-27T21:14:47","date_gmt":"2025-08-27T18:14:47","guid":{"rendered":"https:\/\/roveyayinevi.com.tr\/index.php\/urun\/renkler-4\/"},"modified":"2026-04-16T02:38:29","modified_gmt":"2026-04-15T23:38:29","slug":"renkler-4","status":"publish","type":"product","link":"https:\/\/roveyayinevi.com.tr\/index.php\/urun\/renkler-4\/","title":{"rendered":"Renkler"},"content":{"rendered":"<p>\u201cEn berrak, en \u00f6zenli ve dikkatli zihinler renkleri en \u00e7ok sevenlerdir.\u201d \u2013 John Ruskin &#8211; Avrupal\u0131 casuslar neden T\u00fcrk k\u0131rm\u0131z\u0131s\u0131n\u0131n pe\u015fine d\u00fc\u015ft\u00fc? &#8211; Naziler \u00f6l\u00fcme g\u00f6nderdikleri Yahudileri neden sar\u0131 armalarla i\u015faretlediler? &#8211; Romantik D\u00f6nem\u2019in platonik \u00e2\u015f\u0131klar\u0131 intihar ederken ne renk giyerdi? &#8211; Gey\u015falar y\u00fcz\u00fcn\u00fc neden beyaza boyar? &#8211; Henry Ford neden yaln\u0131zca siyah arabalar \u00fcretti? &#8211; K\u0131rm\u0131z\u0131 neden cinsellik ve \u015fehvet ile ili\u015fkilendirilir? &#8211; Orta\u00e7a\u011fda erkekler neden k\u0131rm\u0131z\u0131 i\u00e7 \u00e7ama\u015f\u0131r\u0131 giymi\u015ftir? &#8211; Edebiyat\u0131n ahlaks\u0131z rengi nedir? -1. D\u00fcnya Sava\u015f\u0131\u2019nda 27.000 askerin bir g\u00fcnde \u00f6lmesine sebep olan renk hangisidir? &#8211; Paran\u0131n rengi neden ye\u015fildir? &#8211; Picasso\u2019nun Mavi D\u00f6nem resimleri neyi yans\u0131t\u0131r? &#8211; \u0130hanetin rengi nedir? &#8211; Maskulen erkekler pembe giyer mi? &#8211; Morun i\u00e7ine do\u011fmak ne demektir? &#8211; Budist rahipler neden turuncu giyer? &#8211; \u201cMavi \u00c7orapl\u0131 Kad\u0131nlar\u201d kimdir? &#8211; \u0130\u015ftah kapatan renkler hangileridir? &#8211; U\u00e7aklar\u0131n kara kutusu ger\u00e7ekten kara m\u0131d\u0131r? &#8211; Cad\u0131 imgesi neden k\u0131z\u0131l sa\u00e7l\u0131d\u0131r? &#8211; Sar\u0131\u015f\u0131nlara neden aptal damgas\u0131 vurulmu\u015ftur? &#8211; Osmanl\u0131\u2019da beyaz gelinlik giyen ilk sultan kimdir? &#8211; Kad\u0131n hareketlerinin rengi neden mordur? &#8211; Sosyal medyada hangi renkler dikkat \u00e7ekmenizi sa\u011flar? &#8211; Pazarlama d\u00fcnyas\u0131nda etkili renkler hangileridir?  Bu kitapta referans de\u011feri ta\u015f\u0131yan bilgiler \u0131\u015f\u0131\u011f\u0131nda, renklerin bilinmeyen, g\u00fc\u00e7l\u00fc ve tesirli anlamlar\u0131 \u00fczerine merak etti\u011finiz daha y\u00fczlerce sorunun cevab\u0131n\u0131 bulacaks\u0131n\u0131z. \u201cRENKLER kitab\u0131, renkleri b\u00f6ylesine i\u00e7selle\u015ftirerek ya\u015fayan bir toplumda, \u015f\u00fcphesiz keyifle okunacak ve okuyanlara ilham verecek bir eser olacakt\u0131r.\u201d \u2013 Leatrice Eiseman Uluslararas\u0131 Renk Uzman\u0131 Pantone Renk Enstit\u00fcs\u00fc Ba\u015fdan\u0131\u015fman\u0131 <\/p>\n","protected":false},"excerpt":{"rendered":"<p>\u201cEn berrak, en \u00f6zenli ve dikkatli zihinler renkleri en \u00e7ok sevenlerdir.\u201d \u2013 John Ruskin &#8211; Avrupal\u0131 casuslar neden T\u00fcrk k\u0131rm\u0131z\u0131s\u0131n\u0131n pe\u015fine d\u00fc\u015ft\u00fc? &#8211; Naziler \u00f6l\u00fcme g\u00f6nderdikleri<span class=\"excerpt-hellip\"> [\u2026]<\/span><\/p>\n","protected":false},"featured_media":0,"template":"","meta":{"_monsterinsights_skip_tracking":false,"_monsterinsights_sitenote_active":false,"_monsterinsights_sitenote_note":"","_monsterinsights_sitenote_category":0},"product_brand":[],"product_cat":[12408,14197],"product_tag":[],"class_list":{"0":"post-730443","1":"product","2":"type-product","3":"status-publish","5":"product_cat-sanat","6":"product_cat-sanat-tarihi","7":"pa_cilt-ciltsiz","8":"pa_tur-kitap","9":"pa_yayinevi-destek-yayinlari","10":"pa_yazar-pelin-gulsen","12":"first","13":"instock","14":"sale","15":"shipping-taxable","16":"purchasable","17":"product-type-simple"},"_links":{"self":[{"href":"https:\/\/roveyayinevi.com.tr\/index.php\/wp-json\/wp\/v2\/product\/730443","targetHints":{"allow":["GET"]}}],"collection":[{"href":"https:\/\/roveyayinevi.com.tr\/index.php\/wp-json\/wp\/v2\/product"}],"about":[{"href":"https:\/\/roveyayinevi.com.tr\/index.php\/wp-json\/wp\/v2\/types\/product"}],"wp:attachment":[{"href":"https:\/\/roveyayinevi.com.tr\/index.php\/wp-json\/wp\/v2\/media?parent=730443"}],"wp:term":[{"taxonomy":"product_brand","embeddable":true,"href":"https:\/\/roveyayinevi.com.tr\/index.php\/wp-json\/wp\/v2\/product_brand?post=730443"},{"taxonomy":"product_cat","embeddable":true,"href":"https:\/\/roveyayinevi.com.tr\/index.php\/wp-json\/wp\/v2\/product_cat?post=730443"},{"taxonomy":"product_tag","embeddable":true,"href":"https:\/\/roveyayinevi.com.tr\/index.php\/wp-json\/wp\/v2\/product_tag?post=730443"}],"curies":[{"name":"wp","href":"https:\/\/api.w.org\/{rel}","templated":true}]}}