{"id":730442,"date":"2025-08-27T21:14:46","date_gmt":"2025-08-27T18:14:46","guid":{"rendered":"https:\/\/roveyayinevi.com.tr\/index.php\/urun\/evliya-celebi-gonlunu-dinle-ama-her-istedigini-verme\/"},"modified":"2026-04-16T02:38:29","modified_gmt":"2026-04-15T23:38:29","slug":"evliya-celebi-gonlunu-dinle-ama-her-istedigini-verme","status":"publish","type":"product","link":"https:\/\/roveyayinevi.com.tr\/index.php\/urun\/evliya-celebi-gonlunu-dinle-ama-her-istedigini-verme\/","title":{"rendered":"Evliya \u00c7elebi-G\u00f6nl\u00fcn\u00fc Dinle Ama Her \u0130stedi\u011fini Verme"},"content":{"rendered":"<p>\u201cEee, d\u00fcnya bu! Bir kararda durmuyor insano\u011flu. Zaman oluyor, melekleri hayran ediyor. G\u00fcn geliyor, \u015feytan utan\u0131yor ondan&#8230;\u201d \u0130stanbul\u2019un Unkapan\u0131 semtinde d\u00fcnyaya gelen Evliya \u00c7elebi, 17. y\u00fczy\u0131l\u0131n \u00f6nde gelen gezginlerindendir. K\u0131rk y\u0131l\u0131 a\u015fk\u0131n s\u00fcreyle Osmanl\u0131 topraklar\u0131 ba\u015fta olmak \u00fczere pek \u00e7ok \u00fclkeyi gezip dola\u015fm\u0131\u015f, g\u00f6rd\u00fcklerini de kendine has \u00fcslubuyla \u201cSeyahatname\u201d ad\u0131n\u0131 verdi\u011fi eserinde anlatm\u0131\u015ft\u0131r. \u201cDaima ilerisi hedefin olsun\u201d s\u00f6z\u00fcyle kendini geli\u015ftirmenin \u00f6nemini vurgulayan Evliya \u00c7elebi, ayn\u0131 zamanda bir tarih\u00e7i, zanaatk\u00e2r, ressam, halkbilimci ve gurmedir de. Avrupa Konseyi Parlamentosu\u2019nun giri\u015finde yer alan, d\u00fcnyan\u0131n en \u00f6nemli ki\u015filiklerinin resimlerinin bulundu\u011fu sergide, insanl\u0131k tarihine y\u00f6n verenler aras\u0131nda Leonardo da Vinci ve Gandi\u2019nin yan\u0131 s\u0131ra \u00fcnl\u00fc T\u00fcrk gezgin Evliya \u00c7elebi de yer almaktad\u0131r. <\/p>\n","protected":false},"excerpt":{"rendered":"<p>\u201cEee, d\u00fcnya bu! Bir kararda durmuyor insano\u011flu. Zaman oluyor, melekleri hayran ediyor. G\u00fcn geliyor, \u015feytan utan\u0131yor ondan&#8230;\u201d \u0130stanbul\u2019un Unkapan\u0131 semtinde d\u00fcnyaya gelen Evliya \u00c7elebi, 17. y\u00fczy\u0131l\u0131n<span class=\"excerpt-hellip\"> [\u2026]<\/span><\/p>\n","protected":false},"featured_media":0,"template":"","meta":{"_monsterinsights_skip_tracking":false,"_monsterinsights_sitenote_active":false,"_monsterinsights_sitenote_note":"","_monsterinsights_sitenote_category":0},"product_brand":[],"product_cat":[12388,13555],"product_tag":[],"class_list":{"0":"post-730442","1":"product","2":"type-product","3":"status-publish","5":"product_cat-felsefe","6":"product_cat-genel-felsefe","7":"pa_cilt-ciltsiz","8":"pa_tur-kitap","9":"pa_yayinevi-destek-yayinlari","10":"pa_yazar-petunya","12":"first","13":"instock","14":"sale","15":"shipping-taxable","16":"purchasable","17":"product-type-simple"},"_links":{"self":[{"href":"https:\/\/roveyayinevi.com.tr\/index.php\/wp-json\/wp\/v2\/product\/730442","targetHints":{"allow":["GET"]}}],"collection":[{"href":"https:\/\/roveyayinevi.com.tr\/index.php\/wp-json\/wp\/v2\/product"}],"about":[{"href":"https:\/\/roveyayinevi.com.tr\/index.php\/wp-json\/wp\/v2\/types\/product"}],"wp:attachment":[{"href":"https:\/\/roveyayinevi.com.tr\/index.php\/wp-json\/wp\/v2\/media?parent=730442"}],"wp:term":[{"taxonomy":"product_brand","embeddable":true,"href":"https:\/\/roveyayinevi.com.tr\/index.php\/wp-json\/wp\/v2\/product_brand?post=730442"},{"taxonomy":"product_cat","embeddable":true,"href":"https:\/\/roveyayinevi.com.tr\/index.php\/wp-json\/wp\/v2\/product_cat?post=730442"},{"taxonomy":"product_tag","embeddable":true,"href":"https:\/\/roveyayinevi.com.tr\/index.php\/wp-json\/wp\/v2\/product_tag?post=730442"}],"curies":[{"name":"wp","href":"https:\/\/api.w.org\/{rel}","templated":true}]}}