{"id":730438,"date":"2025-08-27T21:14:41","date_gmt":"2025-08-27T18:14:41","guid":{"rendered":"https:\/\/roveyayinevi.com.tr\/index.php\/urun\/haylaz-adam-serisi-5-kitap-takim\/"},"modified":"2026-04-13T02:47:13","modified_gmt":"2026-04-12T23:47:13","slug":"haylaz-adam-serisi-5-kitap-takim","status":"publish","type":"product","link":"https:\/\/roveyayinevi.com.tr\/index.php\/urun\/haylaz-adam-serisi-5-kitap-takim\/","title":{"rendered":"Haylaz Adam Serisi (5 Kitap Tak\u0131m)"},"content":{"rendered":"<p>Haylaz Adam ile Okulun \u0130lk G\u00fcn\u00fc (1. Kitap)Haylaz Adam Okul Gezisinde (2. Kitap)Haylaz Adam ve Kay\u0131p Pabu\u00e7lar (3. Kitap)Haylaz Adam Partiye Davetli De\u011fil (4. Kitap)Haylaz Adam Futboldan Anlam\u0131yor (5. Kitap)<\/p>\n","protected":false},"excerpt":{"rendered":"<p>Haylaz Adam ile Okulun \u0130lk G\u00fcn\u00fc (1. Kitap)Haylaz Adam Okul Gezisinde (2. Kitap)Haylaz Adam ve Kay\u0131p Pabu\u00e7lar (3. Kitap)Haylaz Adam Partiye Davetli De\u011fil (4. Kitap)Haylaz Adam<span class=\"excerpt-hellip\"> [\u2026]<\/span><\/p>\n","protected":false},"featured_media":0,"template":"","meta":{"_monsterinsights_skip_tracking":false,"_monsterinsights_sitenote_active":false,"_monsterinsights_sitenote_note":"","_monsterinsights_sitenote_category":0},"product_brand":[],"product_cat":[12275,12274],"product_tag":[],"class_list":{"0":"post-730438","1":"product","2":"type-product","3":"status-publish","5":"product_cat-6-12-yas-kitaplari","6":"product_cat-cocuk-ve-genclik-kitaplari","7":"pa_cilt-takim","8":"pa_tur-kitap","9":"pa_yayinevi-tudem-yayinlari","10":"pa_yazar-rudiger-bertram","12":"first","13":"instock","14":"sale","15":"shipping-taxable","16":"purchasable","17":"product-type-simple"},"_links":{"self":[{"href":"https:\/\/roveyayinevi.com.tr\/index.php\/wp-json\/wp\/v2\/product\/730438","targetHints":{"allow":["GET"]}}],"collection":[{"href":"https:\/\/roveyayinevi.com.tr\/index.php\/wp-json\/wp\/v2\/product"}],"about":[{"href":"https:\/\/roveyayinevi.com.tr\/index.php\/wp-json\/wp\/v2\/types\/product"}],"wp:attachment":[{"href":"https:\/\/roveyayinevi.com.tr\/index.php\/wp-json\/wp\/v2\/media?parent=730438"}],"wp:term":[{"taxonomy":"product_brand","embeddable":true,"href":"https:\/\/roveyayinevi.com.tr\/index.php\/wp-json\/wp\/v2\/product_brand?post=730438"},{"taxonomy":"product_cat","embeddable":true,"href":"https:\/\/roveyayinevi.com.tr\/index.php\/wp-json\/wp\/v2\/product_cat?post=730438"},{"taxonomy":"product_tag","embeddable":true,"href":"https:\/\/roveyayinevi.com.tr\/index.php\/wp-json\/wp\/v2\/product_tag?post=730438"}],"curies":[{"name":"wp","href":"https:\/\/api.w.org\/{rel}","templated":true}]}}