{"id":730435,"date":"2025-08-27T21:14:38","date_gmt":"2025-08-27T18:14:38","guid":{"rendered":"https:\/\/roveyayinevi.com.tr\/index.php\/urun\/ucmak-isteyen-kopek\/"},"modified":"2025-10-12T06:31:32","modified_gmt":"2025-10-12T03:31:32","slug":"ucmak-isteyen-kopek","status":"publish","type":"product","link":"https:\/\/roveyayinevi.com.tr\/index.php\/urun\/ucmak-isteyen-kopek\/","title":{"rendered":"U\u00e7mak \u0130steyen K\u00f6pek"},"content":{"rendered":"<p>Kim demi\u015f k\u00f6pekler u\u00e7amaz diye? K\u00f6pek Cesur\u2019un b\u00fcy\u00fck bir hayali vard\u0131 ve hi\u00e7bir \u015feyin, hatta yer \u00e7ekiminin bile onu durdurmas\u0131na izin vermeyecekti. <\/p>\n","protected":false},"excerpt":{"rendered":"<p>Kim demi\u015f k\u00f6pekler u\u00e7amaz diye? K\u00f6pek Cesur\u2019un b\u00fcy\u00fck bir hayali vard\u0131 ve hi\u00e7bir \u015feyin, hatta yer \u00e7ekiminin bile onu durdurmas\u0131na izin vermeyecekti.<\/p>\n","protected":false},"featured_media":0,"template":"","meta":{"_monsterinsights_skip_tracking":false,"_monsterinsights_sitenote_active":false,"_monsterinsights_sitenote_note":"","_monsterinsights_sitenote_category":0},"product_brand":[],"product_cat":[12913,12274],"product_tag":[],"class_list":{"0":"post-730435","1":"product","2":"type-product","3":"status-publish","5":"product_cat-3-6-yas-kitaplari","6":"product_cat-cocuk-ve-genclik-kitaplari","7":"pa_cilt-ciltsiz","8":"pa_tur-kitap","9":"pa_yayinevi-is-bankasi-kultur-yayinlari","10":"pa_yazar-kathy-stinson","12":"first","13":"instock","14":"sale","15":"shipping-taxable","16":"purchasable","17":"product-type-simple"},"_links":{"self":[{"href":"https:\/\/roveyayinevi.com.tr\/index.php\/wp-json\/wp\/v2\/product\/730435","targetHints":{"allow":["GET"]}}],"collection":[{"href":"https:\/\/roveyayinevi.com.tr\/index.php\/wp-json\/wp\/v2\/product"}],"about":[{"href":"https:\/\/roveyayinevi.com.tr\/index.php\/wp-json\/wp\/v2\/types\/product"}],"wp:attachment":[{"href":"https:\/\/roveyayinevi.com.tr\/index.php\/wp-json\/wp\/v2\/media?parent=730435"}],"wp:term":[{"taxonomy":"product_brand","embeddable":true,"href":"https:\/\/roveyayinevi.com.tr\/index.php\/wp-json\/wp\/v2\/product_brand?post=730435"},{"taxonomy":"product_cat","embeddable":true,"href":"https:\/\/roveyayinevi.com.tr\/index.php\/wp-json\/wp\/v2\/product_cat?post=730435"},{"taxonomy":"product_tag","embeddable":true,"href":"https:\/\/roveyayinevi.com.tr\/index.php\/wp-json\/wp\/v2\/product_tag?post=730435"}],"curies":[{"name":"wp","href":"https:\/\/api.w.org\/{rel}","templated":true}]}}