{"id":730434,"date":"2025-08-27T21:14:37","date_gmt":"2025-08-27T18:14:37","guid":{"rendered":"https:\/\/roveyayinevi.com.tr\/index.php\/urun\/melis-neler-gordu\/"},"modified":"2026-04-16T02:38:29","modified_gmt":"2026-04-15T23:38:29","slug":"melis-neler-gordu","status":"publish","type":"product","link":"https:\/\/roveyayinevi.com.tr\/index.php\/urun\/melis-neler-gordu\/","title":{"rendered":"Melis Neler G\u00f6rd\u00fc?"},"content":{"rendered":"<p>\u015eempanzeler birbirleriyle sohbet ederler mi? Bir kaplumba\u011fan\u0131n g\u00f6zlerinin dolmas\u0131 m\u00fcmk\u00fcn m\u00fc? Hayvanlar yard\u0131mla\u015f\u0131rlar m\u0131? Sevgi nedir, bilirler mi acaba? Melis ve arkada\u015flar\u0131, bir do\u011fal ya\u015fam park\u0131 gezisinde b\u00fct\u00fcn bu sorular\u0131n yan\u0131tlar\u0131n\u0131 buluyorlar. Hayvanlar\u0131n muhte\u015fem d\u00fcnyas\u0131n\u0131, ya\u015fayarak ke\u015ffediyorlar. Hayvan dostlar\u0131m\u0131zdan \u00f6\u011frenece\u011fimiz ne \u00e7ok \u015fey var! \u00c7ocuklar, bu s\u0131cac\u0131k \u00f6yk\u00fcy\u00fc okurken iyili\u011fi, dostlu\u011fu, yard\u0131mla\u015fman\u0131n g\u00fczelli\u011fini bir kez daha g\u00f6recekler. <\/p>\n","protected":false},"excerpt":{"rendered":"<p>\u015eempanzeler birbirleriyle sohbet ederler mi? Bir kaplumba\u011fan\u0131n g\u00f6zlerinin dolmas\u0131 m\u00fcmk\u00fcn m\u00fc? Hayvanlar yard\u0131mla\u015f\u0131rlar m\u0131? Sevgi nedir, bilirler mi acaba? Melis ve arkada\u015flar\u0131, bir do\u011fal ya\u015fam park\u0131<span class=\"excerpt-hellip\"> [\u2026]<\/span><\/p>\n","protected":false},"featured_media":0,"template":"","meta":{"_monsterinsights_skip_tracking":false,"_monsterinsights_sitenote_active":false,"_monsterinsights_sitenote_note":"","_monsterinsights_sitenote_category":0},"product_brand":[],"product_cat":[12913,12274],"product_tag":[],"class_list":{"0":"post-730434","1":"product","2":"type-product","3":"status-publish","5":"product_cat-3-6-yas-kitaplari","6":"product_cat-cocuk-ve-genclik-kitaplari","7":"pa_cilt-ciltsiz","8":"pa_tur-kitap","9":"pa_yayinevi-is-bankasi-kultur-yayinlari","10":"pa_yazar-jessica-meserve","12":"first","13":"instock","14":"sale","15":"shipping-taxable","16":"purchasable","17":"product-type-simple"},"_links":{"self":[{"href":"https:\/\/roveyayinevi.com.tr\/index.php\/wp-json\/wp\/v2\/product\/730434","targetHints":{"allow":["GET"]}}],"collection":[{"href":"https:\/\/roveyayinevi.com.tr\/index.php\/wp-json\/wp\/v2\/product"}],"about":[{"href":"https:\/\/roveyayinevi.com.tr\/index.php\/wp-json\/wp\/v2\/types\/product"}],"wp:attachment":[{"href":"https:\/\/roveyayinevi.com.tr\/index.php\/wp-json\/wp\/v2\/media?parent=730434"}],"wp:term":[{"taxonomy":"product_brand","embeddable":true,"href":"https:\/\/roveyayinevi.com.tr\/index.php\/wp-json\/wp\/v2\/product_brand?post=730434"},{"taxonomy":"product_cat","embeddable":true,"href":"https:\/\/roveyayinevi.com.tr\/index.php\/wp-json\/wp\/v2\/product_cat?post=730434"},{"taxonomy":"product_tag","embeddable":true,"href":"https:\/\/roveyayinevi.com.tr\/index.php\/wp-json\/wp\/v2\/product_tag?post=730434"}],"curies":[{"name":"wp","href":"https:\/\/api.w.org\/{rel}","templated":true}]}}